{"id":742993,"date":"2025-08-28T01:25:01","date_gmt":"2025-08-27T22:25:01","guid":{"rendered":"https:\/\/roveyayinevi.com.tr\/index.php\/urun\/kan-kirmizi\/"},"modified":"2026-04-16T02:53:59","modified_gmt":"2026-04-15T23:53:59","slug":"kan-kirmizi","status":"publish","type":"product","link":"https:\/\/roveyayinevi.com.tr\/index.php\/urun\/kan-kirmizi\/","title":{"rendered":"Kan K\u0131rm\u0131z\u0131"},"content":{"rendered":"<p>Paranormal a\u015fk hik\u00e2yelerinin \u00fcnl\u00fc yazar\u0131 bu sefer bizi karanl\u0131k \u00fctopyalar\u0131nda gezdiriyor. Jen Minkman pek \u00e7ok \u00fclkede yay\u0131mlanm\u0131\u015f bir yazar. Biz de bu y\u00fczden onu T\u00fcrk okurlar\u0131yla tan\u0131\u015ft\u0131rmay\u0131 kendimize g\u00f6rev bildik. De\u011fi\u015fik se\u00e7kilerde yer alan \u00fc\u00e7 distopik hik\u00e2yesini Salamis Yay\u0131nlar\u0131 i\u00e7in bir araya getirdik. \u0130lk hik\u00e2ye, se\u00e7kiye ad\u0131n\u0131 veren Kan K\u0131rm\u0131z\u0131, uzak bir gelecekte ba\u015fka bir gezegende ya\u015fayan k\u00fc\u00e7\u00fck bir insan toplulu\u011funun korkular\u0131yla y\u00fczle\u015fmesini anlat\u0131yor. \u0130kinci hik\u00e2yenin ad\u0131 Ate\u015fb\u00f6ce\u011fi ve bizi Orwellvari bir y\u00f6netimle tan\u0131\u015ft\u0131r\u0131yor. Metafiziksel \u00f6\u011felerle \u00f6r\u00fclm\u00fc\u015f son hik\u00e2ye B\u00fcy\u00fck G\u00f6\u00e7 ise insanl\u0131\u011f\u0131n y\u0131ld\u0131zlara ka\u00e7\u0131\u015f\u0131n\u0131 ve gezegenimizin sonunu konu al\u0131yor. <\/p>\n","protected":false},"excerpt":{"rendered":"<p>Paranormal a\u015fk hik\u00e2yelerinin \u00fcnl\u00fc yazar\u0131 bu sefer bizi karanl\u0131k \u00fctopyalar\u0131nda gezdiriyor. Jen Minkman pek \u00e7ok \u00fclkede yay\u0131mlanm\u0131\u015f bir yazar. Biz de bu y\u00fczden onu T\u00fcrk okurlar\u0131yla<span class=\"excerpt-hellip\"> [\u2026]<\/span><\/p>\n","protected":false},"featured_media":0,"template":"","meta":{"_monsterinsights_skip_tracking":false,"_monsterinsights_sitenote_active":false,"_monsterinsights_sitenote_note":"","_monsterinsights_sitenote_category":0},"product_brand":[],"product_cat":[12291,12711],"product_tag":[],"class_list":{"0":"post-742993","1":"product","2":"type-product","3":"status-publish","5":"product_cat-edebiyat","6":"product_cat-roman-oyku","7":"pa_cilt-ciltsiz","8":"pa_tur-kitap","9":"pa_yayinevi-salamis-yayinlari","10":"pa_yazar-jen-minkman","12":"first","13":"instock","14":"sale","15":"shipping-taxable","16":"purchasable","17":"product-type-simple"},"_links":{"self":[{"href":"https:\/\/roveyayinevi.com.tr\/index.php\/wp-json\/wp\/v2\/product\/742993","targetHints":{"allow":["GET"]}}],"collection":[{"href":"https:\/\/roveyayinevi.com.tr\/index.php\/wp-json\/wp\/v2\/product"}],"about":[{"href":"https:\/\/roveyayinevi.com.tr\/index.php\/wp-json\/wp\/v2\/types\/product"}],"wp:attachment":[{"href":"https:\/\/roveyayinevi.com.tr\/index.php\/wp-json\/wp\/v2\/media?parent=742993"}],"wp:term":[{"taxonomy":"product_brand","embeddable":true,"href":"https:\/\/roveyayinevi.com.tr\/index.php\/wp-json\/wp\/v2\/product_brand?post=742993"},{"taxonomy":"product_cat","embeddable":true,"href":"https:\/\/roveyayinevi.com.tr\/index.php\/wp-json\/wp\/v2\/product_cat?post=742993"},{"taxonomy":"product_tag","embeddable":true,"href":"https:\/\/roveyayinevi.com.tr\/index.php\/wp-json\/wp\/v2\/product_tag?post=742993"}],"curies":[{"name":"wp","href":"https:\/\/api.w.org\/{rel}","templated":true}]}}