{"id":742992,"date":"2025-08-28T01:25:00","date_gmt":"2025-08-27T22:25:00","guid":{"rendered":"https:\/\/roveyayinevi.com.tr\/index.php\/urun\/sozler-tukendiginde\/"},"modified":"2026-04-16T02:53:59","modified_gmt":"2026-04-15T23:53:59","slug":"sozler-tukendiginde","status":"publish","type":"product","link":"https:\/\/roveyayinevi.com.tr\/index.php\/urun\/sozler-tukendiginde\/","title":{"rendered":"S\u00f6zler T\u00fckendi\u011finde"},"content":{"rendered":"<p>\u201cBu kitapta ger\u00e7ekten \u00f6zel bir \u015fey var&#8230;\u201d\u2212John Boyne, \u00c7izgili Pijamal\u0131 \u00c7ocuk\u2019un yazar\u0131 \u201cHat\u0131rlamak i\u00e7in buraday\u0131m; olduklar\u0131m\u0131 ve bir daha asla olamayacaklar\u0131m\u0131.\u201d Hayat\u0131n\u0131z\u0131 \u00f6zetleyecek be\u015f ki\u015fi se\u00e7meniz gerekse kimleri se\u00e7erdiniz?Her birine kadeh kald\u0131racak olsan\u0131z onlara ne s\u00f6ylerdiniz?Ve s\u00f6zler t\u00fckendi\u011finde, kendinizle ilgili neleri fark ederdiniz? Seksen d\u00f6rt ya\u015f\u0131ndaki Maurice Hannigan, \u0130rlanda\u2019da k\u00fc\u00e7\u00fck bir kasabadaki b\u00fcy\u00fck bir otelin bar\u0131nda oturuyor. Her zamanki gibi tek ba\u015f\u0131na ama bu gece ba\u015fka&#8230; Kendinize bir sandalye \u00e7ekin ve kadehinizi haz\u0131rlay\u0131n \u00e7\u00fcnk\u00fc o, sonunda hik\u00e2yesini anlatmaya haz\u0131r. Y\u00fcrekleri \u0131s\u0131tan bu g\u00fc\u00e7l\u00fc anlat\u0131mda Maurice Hannigan\u2019\u0131n sesi, s\u00f6zler t\u00fckendikten sonra bile uzun s\u00fcre sizinle kalacak&#8230; \u201cS\u00f6zler T\u00fckendi\u011finde, koskoca bir d\u00fcnyay\u0131 k\u00fc\u00e7\u00fcc\u00fck bir anas\u0131\u011fd\u0131r\u0131yor. Maurice Hannigan harikulade bir karakter ve onunhem ac\u0131 hem de tatl\u0131 hik\u00e2yesi ak\u0131llardan uzun s\u00fcre \u00e7\u0131kmayacak.Anne Griffin ger\u00e7ekten nadide bir m\u00fccevher yaratm\u0131\u015f.\u201d\u2212John Banville, Man Booker \u00f6d\u00fcll\u00fc Deniz ve New York Times\u00e7oksatan\u0131 Time Pieces kitaplar\u0131n\u0131n yazar\u0131 <\/p>\n","protected":false},"excerpt":{"rendered":"<p>\u201cBu kitapta ger\u00e7ekten \u00f6zel bir \u015fey var&#8230;\u201d\u2212John Boyne, \u00c7izgili Pijamal\u0131 \u00c7ocuk\u2019un yazar\u0131 \u201cHat\u0131rlamak i\u00e7in buraday\u0131m; olduklar\u0131m\u0131 ve bir daha asla olamayacaklar\u0131m\u0131.\u201d Hayat\u0131n\u0131z\u0131 \u00f6zetleyecek be\u015f ki\u015fi se\u00e7meniz<span class=\"excerpt-hellip\"> [\u2026]<\/span><\/p>\n","protected":false},"featured_media":0,"template":"","meta":{"_monsterinsights_skip_tracking":false,"_monsterinsights_sitenote_active":false,"_monsterinsights_sitenote_note":"","_monsterinsights_sitenote_category":0},"product_brand":[],"product_cat":[12291,50487],"product_tag":[],"class_list":{"0":"post-742992","1":"product","2":"type-product","3":"status-publish","5":"product_cat-edebiyat","6":"product_cat-kurgu","7":"pa_cilt-ciltsiz","8":"pa_tur-kitap","9":"pa_yayinevi-epsilon-yayinlari","10":"pa_yazar-anne-griffin","12":"first","13":"instock","14":"sale","15":"shipping-taxable","16":"purchasable","17":"product-type-simple"},"_links":{"self":[{"href":"https:\/\/roveyayinevi.com.tr\/index.php\/wp-json\/wp\/v2\/product\/742992","targetHints":{"allow":["GET"]}}],"collection":[{"href":"https:\/\/roveyayinevi.com.tr\/index.php\/wp-json\/wp\/v2\/product"}],"about":[{"href":"https:\/\/roveyayinevi.com.tr\/index.php\/wp-json\/wp\/v2\/types\/product"}],"wp:attachment":[{"href":"https:\/\/roveyayinevi.com.tr\/index.php\/wp-json\/wp\/v2\/media?parent=742992"}],"wp:term":[{"taxonomy":"product_brand","embeddable":true,"href":"https:\/\/roveyayinevi.com.tr\/index.php\/wp-json\/wp\/v2\/product_brand?post=742992"},{"taxonomy":"product_cat","embeddable":true,"href":"https:\/\/roveyayinevi.com.tr\/index.php\/wp-json\/wp\/v2\/product_cat?post=742992"},{"taxonomy":"product_tag","embeddable":true,"href":"https:\/\/roveyayinevi.com.tr\/index.php\/wp-json\/wp\/v2\/product_tag?post=742992"}],"curies":[{"name":"wp","href":"https:\/\/api.w.org\/{rel}","templated":true}]}}