{"id":742987,"date":"2025-08-28T01:24:52","date_gmt":"2025-08-27T22:24:52","guid":{"rendered":"https:\/\/roveyayinevi.com.tr\/index.php\/urun\/cocuklar-napiyor\/"},"modified":"2026-04-03T02:58:09","modified_gmt":"2026-04-02T23:58:09","slug":"cocuklar-napiyor","status":"publish","type":"product","link":"https:\/\/roveyayinevi.com.tr\/index.php\/urun\/cocuklar-napiyor\/","title":{"rendered":"\u00c7ocuklar Nap\u0131yor?"},"content":{"rendered":"<p>Her \u015fey tamam, bir tek akl\u0131mdaki \u015fu sorular d\u0131\u015f\u0131nda\u2026 Acaba ben bir kediye bakabilir miyim? \u015eimdiye kadar, yani dedemlerin bana k\u00fc\u00e7\u00fckken ald\u0131\u011f\u0131 ve balkonda k\u0131sa bir s\u00fcre bakt\u0131\u011f\u0131m civcivi saymazsak e\u011fer, hi\u00e7 evcil hayvan\u0131m olmad\u0131 ki benim\u2026 \u0130\u00e7imden gelen derin sezgisel sesim, \u201cY\u00fcr\u00fc k\u0131z\u0131m, do\u011fru yoldas\u0131n,\u201d diyor, ancak zihnim devaml\u0131 sorular \u00fcretir durumda. Beynimin i\u00e7inde sanki balkonda oturmu\u015f iki kad\u0131n, kar\u015f\u0131l\u0131kl\u0131 \u00e7ay i\u00e7erlerken bir yandan da konu\u015fuyorlar: \u201cKedi yeni ald\u0131\u011f\u0131m \u015fu g\u00fczelim koltuklar\u0131 t\u0131rmalar m\u0131?\u201d Di\u011feri \u00e7ay\u0131n\u0131 yudumlarken soruyor: \u201cEvde koku olur mu sence, ne dersin?\u201d \u201cYatakta bir kediyle uyumak m\u0131? Yok art\u0131k can\u0131m, daha neler, hayatta olmaz\u2026\u201d   D\u00fcnyaya geldi\u011fimiz andan itibaren her birimize birer yumak iplik veriliyor ve bununla mutlulu\u011fun desenlerini \u00f6rmek de bize kal\u0131yor\u2026 \u0130\u015fte tam da b\u00f6yle ilmek ilmek dokunan can dostlu\u011fun, ayn\u0131 ya\u015fam ve mekan payla\u015f\u0131m\u0131n\u0131n kat\u0131ks\u0131z ve kar\u015f\u0131l\u0131ks\u0131z sevgiyle filizlenerek \u00e7o\u011fald\u0131\u011f\u0131, zamanla s\u0131cac\u0131k bir ili\u015fkiye evrildi\u011fi bir yuva hayal edin. \u0130\u00e7inizi \u0131s\u0131tan yumu\u015fac\u0131k huzura dokunabilece\u011finiz, h\u00fczn\u00fcn ve mutlulu\u011fun bir arada oldu\u011fu, ger\u00e7ek hayat\u0131n i\u00e7inden ge\u00e7en iki sevimli kedi ve bir g\u00fc\u00e7l\u00fc kad\u0131n\u0131n masumiyete sar\u0131lm\u0131\u015f nahif \u00f6yk\u00fclerine tan\u0131kl\u0131k etmenin zaman\u0131 \u00e7oktan geldi\u2026   Ee o zaman ne bekliyoruz&#8230; <\/p>\n","protected":false},"excerpt":{"rendered":"<p>Her \u015fey tamam, bir tek akl\u0131mdaki \u015fu sorular d\u0131\u015f\u0131nda\u2026 Acaba ben bir kediye bakabilir miyim? \u015eimdiye kadar, yani dedemlerin bana k\u00fc\u00e7\u00fckken ald\u0131\u011f\u0131 ve balkonda k\u0131sa bir<span class=\"excerpt-hellip\"> [\u2026]<\/span><\/p>\n","protected":false},"featured_media":0,"template":"","meta":{"_monsterinsights_skip_tracking":false,"_monsterinsights_sitenote_active":false,"_monsterinsights_sitenote_note":"","_monsterinsights_sitenote_category":0},"product_brand":[],"product_cat":[12291,12711],"product_tag":[],"class_list":{"0":"post-742987","1":"product","2":"type-product","3":"status-publish","5":"product_cat-edebiyat","6":"product_cat-roman-oyku","7":"pa_cilt-ciltsiz","8":"pa_tur-kitap","9":"pa_yayinevi-luna-yayinlari","10":"pa_yazar-ebru-acar","12":"first","13":"instock","14":"sale","15":"shipping-taxable","16":"purchasable","17":"product-type-simple"},"_links":{"self":[{"href":"https:\/\/roveyayinevi.com.tr\/index.php\/wp-json\/wp\/v2\/product\/742987","targetHints":{"allow":["GET"]}}],"collection":[{"href":"https:\/\/roveyayinevi.com.tr\/index.php\/wp-json\/wp\/v2\/product"}],"about":[{"href":"https:\/\/roveyayinevi.com.tr\/index.php\/wp-json\/wp\/v2\/types\/product"}],"wp:attachment":[{"href":"https:\/\/roveyayinevi.com.tr\/index.php\/wp-json\/wp\/v2\/media?parent=742987"}],"wp:term":[{"taxonomy":"product_brand","embeddable":true,"href":"https:\/\/roveyayinevi.com.tr\/index.php\/wp-json\/wp\/v2\/product_brand?post=742987"},{"taxonomy":"product_cat","embeddable":true,"href":"https:\/\/roveyayinevi.com.tr\/index.php\/wp-json\/wp\/v2\/product_cat?post=742987"},{"taxonomy":"product_tag","embeddable":true,"href":"https:\/\/roveyayinevi.com.tr\/index.php\/wp-json\/wp\/v2\/product_tag?post=742987"}],"curies":[{"name":"wp","href":"https:\/\/api.w.org\/{rel}","templated":true}]}}