{"id":742984,"date":"2025-08-28T01:24:48","date_gmt":"2025-08-27T22:24:48","guid":{"rendered":"https:\/\/roveyayinevi.com.tr\/index.php\/urun\/bal-ve-diken\/"},"modified":"2025-09-20T19:04:13","modified_gmt":"2025-09-20T16:04:13","slug":"bal-ve-diken","status":"publish","type":"product","link":"https:\/\/roveyayinevi.com.tr\/index.php\/urun\/bal-ve-diken\/","title":{"rendered":"Bal ve Diken"},"content":{"rendered":"<p>\u201cA\u015fk dikenden bal yalamaya benzer, Bal istiyorsan, dikene katlanacaks\u0131n\u2026\u201d   Bu kitapta bir hikaye \u00fczerinden bir \u00e7e\u015fit a\u015fk\u0131n metafizi\u011fini, evlili\u011fin hallerini g\u00f6recek; \u00e7at\u0131\u015fan duygular\u0131n bir nehir gibi bazen ha\u015fin bazen de durgun ak\u0131\u015f\u0131na tan\u0131kl\u0131k edeceksiniz. <\/p>\n","protected":false},"excerpt":{"rendered":"<p>\u201cA\u015fk dikenden bal yalamaya benzer, Bal istiyorsan, dikene katlanacaks\u0131n\u2026\u201d Bu kitapta bir hikaye \u00fczerinden bir \u00e7e\u015fit a\u015fk\u0131n metafizi\u011fini, evlili\u011fin hallerini g\u00f6recek; \u00e7at\u0131\u015fan duygular\u0131n bir nehir gibi<span class=\"excerpt-hellip\"> [\u2026]<\/span><\/p>\n","protected":false},"featured_media":0,"template":"","meta":{"_monsterinsights_skip_tracking":false,"_monsterinsights_sitenote_active":false,"_monsterinsights_sitenote_note":"","_monsterinsights_sitenote_category":0},"product_brand":[],"product_cat":[13701,12291],"product_tag":[],"class_list":{"0":"post-742984","1":"product","2":"type-product","3":"status-publish","5":"product_cat-ani-mektup-gunluk","6":"product_cat-edebiyat","7":"pa_cilt-ciltsiz","8":"pa_tur-kitap","9":"pa_yayinevi-sinirsiz-kitap","10":"pa_yazar-ahmet-ozer","12":"first","13":"instock","14":"sale","15":"shipping-taxable","16":"purchasable","17":"product-type-simple"},"_links":{"self":[{"href":"https:\/\/roveyayinevi.com.tr\/index.php\/wp-json\/wp\/v2\/product\/742984","targetHints":{"allow":["GET"]}}],"collection":[{"href":"https:\/\/roveyayinevi.com.tr\/index.php\/wp-json\/wp\/v2\/product"}],"about":[{"href":"https:\/\/roveyayinevi.com.tr\/index.php\/wp-json\/wp\/v2\/types\/product"}],"wp:attachment":[{"href":"https:\/\/roveyayinevi.com.tr\/index.php\/wp-json\/wp\/v2\/media?parent=742984"}],"wp:term":[{"taxonomy":"product_brand","embeddable":true,"href":"https:\/\/roveyayinevi.com.tr\/index.php\/wp-json\/wp\/v2\/product_brand?post=742984"},{"taxonomy":"product_cat","embeddable":true,"href":"https:\/\/roveyayinevi.com.tr\/index.php\/wp-json\/wp\/v2\/product_cat?post=742984"},{"taxonomy":"product_tag","embeddable":true,"href":"https:\/\/roveyayinevi.com.tr\/index.php\/wp-json\/wp\/v2\/product_tag?post=742984"}],"curies":[{"name":"wp","href":"https:\/\/api.w.org\/{rel}","templated":true}]}}