{"id":742982,"date":"2025-08-28T01:24:45","date_gmt":"2025-08-27T22:24:45","guid":{"rendered":"https:\/\/roveyayinevi.com.tr\/index.php\/urun\/kucuk-halep-buyuk-umutlar\/"},"modified":"2026-04-16T02:53:59","modified_gmt":"2026-04-15T23:53:59","slug":"kucuk-halep-buyuk-umutlar","status":"publish","type":"product","link":"https:\/\/roveyayinevi.com.tr\/index.php\/urun\/kucuk-halep-buyuk-umutlar\/","title":{"rendered":"K\u00fc\u00e7\u00fck Halep B\u00fcy\u00fck Umutlar"},"content":{"rendered":"<p>Okuyaca\u011f\u0131n\u0131z bu kitap, 2011 y\u0131l\u0131ndan bu yana ulusal ve uluslararas\u0131 d\u00fczlemde g\u00fcndemde olan Suriye i\u00e7 sava\u015f\u0131 sonras\u0131 ortaya \u00e7\u0131kan zorunlu g\u00f6\u00e7 meselesine, bir kent planc\u0131s\u0131n\u0131n g\u00f6z\u00fcnden bakman\u0131n getirdi\u011fi farkl\u0131l\u0131klar\u0131\/ayr\u0131cal\u0131klar\u0131 i\u00e7eriyor. \u00c7al\u0131\u015fma, g\u00f6\u00e7\u00fcn sadece yer de\u011fi\u015ftirme tabanl\u0131 siyasi bir olgu olmad\u0131\u011f\u0131n\u0131, g\u00f6\u00e7 alan ve g\u00f6\u00e7 veren mek\u00e2nlarda, toplumsal ve ekonomik yap\u0131larda da etkileri oldu\u011funu g\u00f6sterirken bir yandan da g\u00f6\u00e7 edenin bulundu\u011fu \u201cyer\u201dle birlikte geli\u015ftirdi\u011fi g\u00fcndelik ya\u015fam taktiklerini a\u00e7\u0131k bir \u015fekilde ortaya koyuyor. Dolay\u0131s\u0131yla bu \u00e7al\u0131\u015fma okuyucuya \u00fc\u00e7 farkl\u0131 bak\u0131\u015f a\u00e7\u0131s\u0131yla Suriye g\u00f6\u00e7\u00fc hakk\u0131nda okuma yapma olana\u011f\u0131 sunuyor: \u0130lki, g\u00f6\u00e7\u00fc uluslararas\u0131 m\u00fclteci ak\u0131n\u0131 meselesi \u00fczerinden okumak. \u00c7al\u0131\u015fman\u0131n uluslararas\u0131 g\u00f6\u00e7 meselesi konusunda bilgi birikimi sa\u011flayan bir yan\u0131 var. \u0130kincisi, Suriyelilerin bulunduklar\u0131 kentlerdeki yer se\u00e7im s\u00fcre\u00e7leri, kentsel ya\u015fam pratikleri, g\u00fcndelik ya\u015famlar\u0131n\u0131 s\u00fcrd\u00fcrme taktikleri \u00fczerine okuma yapmak. \u00d6zellikle b\u00fcy\u00fck kentlerde ya\u015fayan ve hayat\u0131n\u0131 devam ettirmeye \u00e7al\u0131\u015fan Suriyelilerin mek\u00e2nsal y\u0131\u011f\u0131lma alanlar\u0131 ve bir arada ya\u015fama e\u011filimlerinin yaratt\u0131\u011f\u0131 mek\u00e2nsal ayr\u0131\u015fma d\u00fczeyleri ve bir anlamda \u201ckentsel adac\u0131k\u201dlar yaratma e\u011filimleri kolayl\u0131kla izlenebiliyor. Kitab\u0131n okuyucuya sundu\u011fu \u00fc\u00e7\u00fcnc\u00fc ve son okuma ise m\u00fcltecilerin ya\u015fad\u0131klar\u0131\/ya\u015famak zorunda kald\u0131klar\u0131 \u201cmek\u00e2nlar\u201d ve bu mek\u00e2nlarla kurduklar\u0131 ili\u015fkiler \u00fczerine: Ba\u015fka bir ifadeyle t\u0131pk\u0131 g\u00f6\u00e7menlerin \u201cg\u00f6r\u00fcnmezli\u011fi\u201d gibi ya\u015fad\u0131klar\u0131 mek\u00e2nlar\u0131n da g\u00f6r\u00fcnmezli\u011fini duyumsamak \u00fczerine\u2026 \u0130\u015fte bu \u00e7al\u0131\u015fma, kentin merkezine olduk\u00e7a yak\u0131n ancak kentin sundu\u011fu imk\u00e2nlar a\u00e7\u0131s\u0131ndan s\u0131n\u0131rl\u0131klar\u0131 bulunan mek\u00e2nlarla, bu alanda ya\u015fayan gruplar\u0131 g\u00f6r\u00fcn\u00fcr k\u0131lma \u00e7abas\u0131n\u0131 i\u00e7eriyor.<\/p>\n","protected":false},"excerpt":{"rendered":"<p>Okuyaca\u011f\u0131n\u0131z bu kitap, 2011 y\u0131l\u0131ndan bu yana ulusal ve uluslararas\u0131 d\u00fczlemde g\u00fcndemde olan Suriye i\u00e7 sava\u015f\u0131 sonras\u0131 ortaya \u00e7\u0131kan zorunlu g\u00f6\u00e7 meselesine, bir kent planc\u0131s\u0131n\u0131n g\u00f6z\u00fcnden<span class=\"excerpt-hellip\"> [\u2026]<\/span><\/p>\n","protected":false},"featured_media":0,"template":"","meta":{"_monsterinsights_skip_tracking":false,"_monsterinsights_sitenote_active":false,"_monsterinsights_sitenote_note":"","_monsterinsights_sitenote_category":0},"product_brand":[],"product_cat":[13054,24413],"product_tag":[],"class_list":{"0":"post-742982","1":"product","2":"type-product","3":"status-publish","5":"product_cat-gezi-ve-rehber-kitaplari","6":"product_cat-kent-rehberleri","7":"pa_cilt-ciltsiz","8":"pa_tur-kitap","9":"pa_yayinevi-idealkent-yayincilik","10":"pa_yazar-sezen-savran-penbecioglu","12":"first","13":"instock","14":"sale","15":"shipping-taxable","16":"purchasable","17":"product-type-simple"},"_links":{"self":[{"href":"https:\/\/roveyayinevi.com.tr\/index.php\/wp-json\/wp\/v2\/product\/742982","targetHints":{"allow":["GET"]}}],"collection":[{"href":"https:\/\/roveyayinevi.com.tr\/index.php\/wp-json\/wp\/v2\/product"}],"about":[{"href":"https:\/\/roveyayinevi.com.tr\/index.php\/wp-json\/wp\/v2\/types\/product"}],"wp:attachment":[{"href":"https:\/\/roveyayinevi.com.tr\/index.php\/wp-json\/wp\/v2\/media?parent=742982"}],"wp:term":[{"taxonomy":"product_brand","embeddable":true,"href":"https:\/\/roveyayinevi.com.tr\/index.php\/wp-json\/wp\/v2\/product_brand?post=742982"},{"taxonomy":"product_cat","embeddable":true,"href":"https:\/\/roveyayinevi.com.tr\/index.php\/wp-json\/wp\/v2\/product_cat?post=742982"},{"taxonomy":"product_tag","embeddable":true,"href":"https:\/\/roveyayinevi.com.tr\/index.php\/wp-json\/wp\/v2\/product_tag?post=742982"}],"curies":[{"name":"wp","href":"https:\/\/api.w.org\/{rel}","templated":true}]}}