{"id":742979,"date":"2025-08-28T01:24:42","date_gmt":"2025-08-27T22:24:42","guid":{"rendered":"https:\/\/roveyayinevi.com.tr\/index.php\/urun\/bir-baskentin-anatomisi-1950lerde-ankara\/"},"modified":"2026-04-16T02:53:59","modified_gmt":"2026-04-15T23:53:59","slug":"bir-baskentin-anatomisi-1950lerde-ankara","status":"publish","type":"product","link":"https:\/\/roveyayinevi.com.tr\/index.php\/urun\/bir-baskentin-anatomisi-1950lerde-ankara\/","title":{"rendered":"Bir Ba\u015fkentin Anatomisi &#8211; 1950&#8217;lerde Ankara"},"content":{"rendered":"<p>Son senelerinde yak\u0131n\u0131nda bulundu\u011fum k\u0131ymetli hekim, bestek\u00e2r ve kemen\u00e7e sanatk\u00e2r\u0131 Dr. M. Nazmi \u00d6zalp taraf\u0131ndan yaz\u0131lan Ankara kitab\u0131n\u0131n bas\u0131lmas\u0131 bu zamana kadar, \u00e7e\u015fitli sebepler y\u00fcz\u00fcnden gecikmi\u015fti. Ancak Prof. Dr. Or\u00e7un \u0130mga\u2019n\u0131n gayretleriyle bas\u0131m\u0131 ger\u00e7ekle\u015fti. Bu gecikmenin bir kitap i\u00e7in \u00e7ok b\u00fcy\u00fck talih olaca\u011f\u0131 bir olgunluk ve g\u00fczellik ile inti\u015far sahas\u0131na do\u011fmu\u015f bulunmaktad\u0131r. Ankara\u2019n\u0131n biri \u015fark\u0131nda ve di\u011feri de garb\u0131nda ve uzaklar\u0131nda do\u011fan ama y\u00fcksek tahsillerini bu \u015fehirde yapan ve bu \u015fehir ile kalb\u00ee ba\u011flar\u0131n\u0131 her ge\u00e7en zaman esnas\u0131nda biraz daha peki\u015ftiren iki sevdal\u0131s\u0131n\u0131n, Dr. M. Nazmi \u00d6zalp ve Hal\u00fbk \u0130mga\u2019n\u0131n eme\u011fi ile ortaya konulan bu kitab\u0131n, Ankara i\u00e7in baha bi\u00e7ilemez ve vazge\u00e7ilmez bir kaynak oldu\u011fu her t\u00fcrl\u00fc izahtan varestedir. Prof. Dr. Ali Birinci<\/p>\n","protected":false},"excerpt":{"rendered":"<p>Son senelerinde yak\u0131n\u0131nda bulundu\u011fum k\u0131ymetli hekim, bestek\u00e2r ve kemen\u00e7e sanatk\u00e2r\u0131 Dr. M. Nazmi \u00d6zalp taraf\u0131ndan yaz\u0131lan Ankara kitab\u0131n\u0131n bas\u0131lmas\u0131 bu zamana kadar, \u00e7e\u015fitli sebepler y\u00fcz\u00fcnden gecikmi\u015fti.<span class=\"excerpt-hellip\"> [\u2026]<\/span><\/p>\n","protected":false},"featured_media":0,"template":"","meta":{"_monsterinsights_skip_tracking":false,"_monsterinsights_sitenote_active":false,"_monsterinsights_sitenote_note":"","_monsterinsights_sitenote_category":0},"product_brand":[],"product_cat":[13054,24413],"product_tag":[],"class_list":{"0":"post-742979","1":"product","2":"type-product","3":"status-publish","5":"product_cat-gezi-ve-rehber-kitaplari","6":"product_cat-kent-rehberleri","7":"pa_cilt-ciltsiz","8":"pa_tur-kitap","9":"pa_yayinevi-idealkent-yayincilik","10":"pa_yazar-m-nazmi-ozalp","12":"first","13":"instock","14":"sale","15":"shipping-taxable","16":"purchasable","17":"product-type-simple"},"_links":{"self":[{"href":"https:\/\/roveyayinevi.com.tr\/index.php\/wp-json\/wp\/v2\/product\/742979","targetHints":{"allow":["GET"]}}],"collection":[{"href":"https:\/\/roveyayinevi.com.tr\/index.php\/wp-json\/wp\/v2\/product"}],"about":[{"href":"https:\/\/roveyayinevi.com.tr\/index.php\/wp-json\/wp\/v2\/types\/product"}],"wp:attachment":[{"href":"https:\/\/roveyayinevi.com.tr\/index.php\/wp-json\/wp\/v2\/media?parent=742979"}],"wp:term":[{"taxonomy":"product_brand","embeddable":true,"href":"https:\/\/roveyayinevi.com.tr\/index.php\/wp-json\/wp\/v2\/product_brand?post=742979"},{"taxonomy":"product_cat","embeddable":true,"href":"https:\/\/roveyayinevi.com.tr\/index.php\/wp-json\/wp\/v2\/product_cat?post=742979"},{"taxonomy":"product_tag","embeddable":true,"href":"https:\/\/roveyayinevi.com.tr\/index.php\/wp-json\/wp\/v2\/product_tag?post=742979"}],"curies":[{"name":"wp","href":"https:\/\/api.w.org\/{rel}","templated":true}]}}