{"id":742976,"date":"2025-08-28T01:24:38","date_gmt":"2025-08-27T22:24:38","guid":{"rendered":"https:\/\/roveyayinevi.com.tr\/index.php\/urun\/retro\/"},"modified":"2026-04-16T02:53:59","modified_gmt":"2026-04-15T23:53:59","slug":"retro","status":"publish","type":"product","link":"https:\/\/roveyayinevi.com.tr\/index.php\/urun\/retro\/","title":{"rendered":"Retro"},"content":{"rendered":"<p>Bu g\u00fcnahk\u00e2r, ufac\u0131k, ak ellerime; Cinlerin d\u00fc\u011f\u00fcm att\u0131\u011f\u0131 tarumar bah\u00e7elerime Havva Anam\u2019dan al bir vasiyet kal\u0131r. D\u00fc\u015fse g\u00f6kten \u00fc\u00e7 elma, Pay\u0131ma k\u0131ra\u011f\u0131 yemi\u015f bir kuru dal kal\u0131r&#8230; B\u0131rak\u0131p kar\u015f\u0131nda titreyen ellerimi \u00f6ylece, Tuttu\u011fun eller \u00e7\u0131kar d\u00fc\u015flerimin kerevetine. Dar\u0131s\u0131 de\u011fil de bu vurgunun A\u011fr\u0131s\u0131 g\u00f6\u011fs\u00fcme bin y\u0131l yas kal\u0131r&#8230; <\/p>\n","protected":false},"excerpt":{"rendered":"<p>Bu g\u00fcnahk\u00e2r, ufac\u0131k, ak ellerime; Cinlerin d\u00fc\u011f\u00fcm att\u0131\u011f\u0131 tarumar bah\u00e7elerime Havva Anam\u2019dan al bir vasiyet kal\u0131r. D\u00fc\u015fse g\u00f6kten \u00fc\u00e7 elma, Pay\u0131ma k\u0131ra\u011f\u0131 yemi\u015f bir kuru dal<span class=\"excerpt-hellip\"> [\u2026]<\/span><\/p>\n","protected":false},"featured_media":0,"template":"","meta":{"_monsterinsights_skip_tracking":false,"_monsterinsights_sitenote_active":false,"_monsterinsights_sitenote_note":"","_monsterinsights_sitenote_category":0},"product_brand":[],"product_cat":[12291,12509],"product_tag":[],"class_list":{"0":"post-742976","1":"product","2":"type-product","3":"status-publish","5":"product_cat-edebiyat","6":"product_cat-siir","7":"pa_cilt-ciltsiz","8":"pa_tur-kitap","9":"pa_yayinevi-kitap-muptelasi-yayinlari","10":"pa_yazar-gul-ozdemir","12":"first","13":"instock","14":"sale","15":"shipping-taxable","16":"purchasable","17":"product-type-simple"},"_links":{"self":[{"href":"https:\/\/roveyayinevi.com.tr\/index.php\/wp-json\/wp\/v2\/product\/742976","targetHints":{"allow":["GET"]}}],"collection":[{"href":"https:\/\/roveyayinevi.com.tr\/index.php\/wp-json\/wp\/v2\/product"}],"about":[{"href":"https:\/\/roveyayinevi.com.tr\/index.php\/wp-json\/wp\/v2\/types\/product"}],"wp:attachment":[{"href":"https:\/\/roveyayinevi.com.tr\/index.php\/wp-json\/wp\/v2\/media?parent=742976"}],"wp:term":[{"taxonomy":"product_brand","embeddable":true,"href":"https:\/\/roveyayinevi.com.tr\/index.php\/wp-json\/wp\/v2\/product_brand?post=742976"},{"taxonomy":"product_cat","embeddable":true,"href":"https:\/\/roveyayinevi.com.tr\/index.php\/wp-json\/wp\/v2\/product_cat?post=742976"},{"taxonomy":"product_tag","embeddable":true,"href":"https:\/\/roveyayinevi.com.tr\/index.php\/wp-json\/wp\/v2\/product_tag?post=742976"}],"curies":[{"name":"wp","href":"https:\/\/api.w.org\/{rel}","templated":true}]}}