{"id":742975,"date":"2025-08-28T01:24:37","date_gmt":"2025-08-27T22:24:37","guid":{"rendered":"https:\/\/roveyayinevi.com.tr\/index.php\/urun\/adin-bahar-olsun-senin\/"},"modified":"2026-04-16T02:53:59","modified_gmt":"2026-04-15T23:53:59","slug":"adin-bahar-olsun-senin","status":"publish","type":"product","link":"https:\/\/roveyayinevi.com.tr\/index.php\/urun\/adin-bahar-olsun-senin\/","title":{"rendered":"Ad\u0131n Bahar Olsun Senin"},"content":{"rendered":"<p>ADIN BAHAR OLSUN SEN\u0130N Bu olaydan sonra Ufuk Y\u00fczba\u015f\u0131, verdi\u011fi t\u00fcm derslerinde \u00f6\u011frencilerine ilk olarak ayn\u0131 soruyu sormaya ba\u015flad\u0131:  \u2018\u2019Para\u015f\u00fct\u00fcm\u00fcz\u00fc kim haz\u0131rl\u0131yor?\u2019\u2019 T\u00fcm hayat\u0131m\u0131z boyunca ihtiya\u00e7 duydu\u011fumuz her \u015feyi bir ba\u015fkas\u0131n\u0131n haz\u0131rlad\u0131\u011f\u0131 biz modern d\u00fcnyan\u0131n insanlar\u0131na sorulabilecek en anlaml\u0131 soru bu belki de\u2026 Ya\u015famaya devam etmemizi sa\u011flayan say\u0131s\u0131z para\u015f\u00fctler var hayat\u0131m\u0131zda; her defas\u0131nda bir ba\u015fka insan\u0131n bizim i\u00e7in haz\u0131rlad\u0131\u011f\u0131, maddi para\u015f\u00fctler, manevi para\u015f\u00fctler, duygusal para\u015f\u00fctler, ruhi para\u015f\u00fctler var! Sahip oldu\u011fumuz en b\u00fcy\u00fck yetene\u011fi kimler haz\u0131rlad\u0131 bize veya d\u00fc\u015f\u00fcnce yap\u0131m\u0131z\u0131 kim \u015fekillendirdi? Kimler bize g\u00fc\u00e7 verdi, moral verdi? Zor zamanlar\u0131m\u0131zda ya da hayata dair manevi de\u011ferlerin fark\u0131na varmam\u0131z\u0131 kim sa\u011flad\u0131? Hayat\u0131m\u0131zla ilgili para\u015f\u00fctlerimizi haz\u0131rlayan kimlerdi? \u0130\u015fte onlar hayat\u0131m\u0131z\u0131 bor\u00e7lu oldu\u011fumuz kimselerdir! <\/p>\n","protected":false},"excerpt":{"rendered":"<p>ADIN BAHAR OLSUN SEN\u0130N Bu olaydan sonra Ufuk Y\u00fczba\u015f\u0131, verdi\u011fi t\u00fcm derslerinde \u00f6\u011frencilerine ilk olarak ayn\u0131 soruyu sormaya ba\u015flad\u0131: \u2018\u2019Para\u015f\u00fct\u00fcm\u00fcz\u00fc kim haz\u0131rl\u0131yor?\u2019\u2019 T\u00fcm hayat\u0131m\u0131z boyunca ihtiya\u00e7<span class=\"excerpt-hellip\"> [\u2026]<\/span><\/p>\n","protected":false},"featured_media":0,"template":"","meta":{"_monsterinsights_skip_tracking":false,"_monsterinsights_sitenote_active":false,"_monsterinsights_sitenote_note":"","_monsterinsights_sitenote_category":0},"product_brand":[],"product_cat":[12291,18202],"product_tag":[],"class_list":{"0":"post-742975","1":"product","2":"type-product","3":"status-publish","5":"product_cat-edebiyat","6":"product_cat-hikaye","7":"pa_cilt-ciltsiz","8":"pa_tur-kitap","9":"pa_yayinevi-kitap-muptelasi-yayinlari","10":"pa_yazar-yakup-tunc","12":"first","13":"instock","14":"sale","15":"shipping-taxable","16":"purchasable","17":"product-type-simple"},"_links":{"self":[{"href":"https:\/\/roveyayinevi.com.tr\/index.php\/wp-json\/wp\/v2\/product\/742975","targetHints":{"allow":["GET"]}}],"collection":[{"href":"https:\/\/roveyayinevi.com.tr\/index.php\/wp-json\/wp\/v2\/product"}],"about":[{"href":"https:\/\/roveyayinevi.com.tr\/index.php\/wp-json\/wp\/v2\/types\/product"}],"wp:attachment":[{"href":"https:\/\/roveyayinevi.com.tr\/index.php\/wp-json\/wp\/v2\/media?parent=742975"}],"wp:term":[{"taxonomy":"product_brand","embeddable":true,"href":"https:\/\/roveyayinevi.com.tr\/index.php\/wp-json\/wp\/v2\/product_brand?post=742975"},{"taxonomy":"product_cat","embeddable":true,"href":"https:\/\/roveyayinevi.com.tr\/index.php\/wp-json\/wp\/v2\/product_cat?post=742975"},{"taxonomy":"product_tag","embeddable":true,"href":"https:\/\/roveyayinevi.com.tr\/index.php\/wp-json\/wp\/v2\/product_tag?post=742975"}],"curies":[{"name":"wp","href":"https:\/\/api.w.org\/{rel}","templated":true}]}}