{"id":742973,"date":"2025-08-28T01:24:35","date_gmt":"2025-08-27T22:24:35","guid":{"rendered":"https:\/\/roveyayinevi.com.tr\/index.php\/urun\/atas\/"},"modified":"2026-04-16T02:53:59","modified_gmt":"2026-04-15T23:53:59","slug":"atas","status":"publish","type":"product","link":"https:\/\/roveyayinevi.com.tr\/index.php\/urun\/atas\/","title":{"rendered":"Ata\u015f"},"content":{"rendered":"<p>ATA\u015e Her \u015feyle bir, her \u015feyle b\u00fct\u00fcnd\u00fc insan. D\u0131\u015far\u0131dan bakt\u0131\u011f\u0131nda tek gibi g\u00f6r\u00fcnen ruh, i\u00e7ine dald\u0131\u011f\u0131nda koca bir deryayd\u0131, nar gibi&#8230; Ya\u015fam\u0131n her bir par\u00e7as\u0131 b\u00fct\u00fcn\u00fcn olu\u015fumuydu \u00f6z\u00fcnde. Ne hepsi birbirinden ayr\u0131 ne de hepsi ayn\u0131yd\u0131. T\u00fcm farkl\u0131l\u0131klar, birer lezzetti ya\u015fama dair. An&#8217;lar, deneyimler ve t\u00fcm bunlar\u0131n sonu\u00e7lar\u0131yla yol al\u0131yorduk her birimiz. Bu yolculukta anlam ar\u0131yorduk. Anlamlarla var olma hissini ya\u015famak istiyorduk asl\u0131nda. Ol&#8217;mak i\u00e7in yanmak gerekliydi, pi\u015fmek gerekliydi. Ata\u015f olmak gerekliydi. Her bir soru, her bir sorgu bize bizi anlatmak i\u00e7indi. \u0130\u00e7imizdeki d\u00fcnyaya yeniden bakmak i\u00e7indi. Bakmal\u0131yd\u0131k&#8230; Bir&#8217;ligi b\u00fct\u00fcn&#8217;l\u00fc\u011f\u00fc kendimizle ya\u015famal\u0131yd\u0131k. D\u0131\u015far\u0131s\u0131 yoktu. \u0130\u00e7imizdeki taneleri bir bir soymal\u0131yd\u0131k&#8230; Ta ki ata\u015f olana kadar&#8230; <\/p>\n","protected":false},"excerpt":{"rendered":"<p>ATA\u015e Her \u015feyle bir, her \u015feyle b\u00fct\u00fcnd\u00fc insan. D\u0131\u015far\u0131dan bakt\u0131\u011f\u0131nda tek gibi g\u00f6r\u00fcnen ruh, i\u00e7ine dald\u0131\u011f\u0131nda koca bir deryayd\u0131, nar gibi&#8230; Ya\u015fam\u0131n her bir par\u00e7as\u0131 b\u00fct\u00fcn\u00fcn<span class=\"excerpt-hellip\"> [\u2026]<\/span><\/p>\n","protected":false},"featured_media":0,"template":"","meta":{"_monsterinsights_skip_tracking":false,"_monsterinsights_sitenote_active":false,"_monsterinsights_sitenote_note":"","_monsterinsights_sitenote_category":0},"product_brand":[],"product_cat":[12364,12376],"product_tag":[],"class_list":{"0":"post-742973","1":"product","2":"type-product","3":"status-publish","5":"product_cat-genel-konular","6":"product_cat-kisisel-gelisim","7":"pa_cilt-ciltsiz","8":"pa_tur-kitap","9":"pa_yayinevi-kitap-muptelasi-yayinlari","10":"pa_yazar-gamze-kurban","12":"first","13":"instock","14":"sale","15":"shipping-taxable","16":"purchasable","17":"product-type-simple"},"_links":{"self":[{"href":"https:\/\/roveyayinevi.com.tr\/index.php\/wp-json\/wp\/v2\/product\/742973","targetHints":{"allow":["GET"]}}],"collection":[{"href":"https:\/\/roveyayinevi.com.tr\/index.php\/wp-json\/wp\/v2\/product"}],"about":[{"href":"https:\/\/roveyayinevi.com.tr\/index.php\/wp-json\/wp\/v2\/types\/product"}],"wp:attachment":[{"href":"https:\/\/roveyayinevi.com.tr\/index.php\/wp-json\/wp\/v2\/media?parent=742973"}],"wp:term":[{"taxonomy":"product_brand","embeddable":true,"href":"https:\/\/roveyayinevi.com.tr\/index.php\/wp-json\/wp\/v2\/product_brand?post=742973"},{"taxonomy":"product_cat","embeddable":true,"href":"https:\/\/roveyayinevi.com.tr\/index.php\/wp-json\/wp\/v2\/product_cat?post=742973"},{"taxonomy":"product_tag","embeddable":true,"href":"https:\/\/roveyayinevi.com.tr\/index.php\/wp-json\/wp\/v2\/product_tag?post=742973"}],"curies":[{"name":"wp","href":"https:\/\/api.w.org\/{rel}","templated":true}]}}