{"id":742970,"date":"2025-08-28T01:24:31","date_gmt":"2025-08-27T22:24:31","guid":{"rendered":"https:\/\/roveyayinevi.com.tr\/index.php\/urun\/biyografi-analiz-4-turkiyenin-birikimi-aydinlar\/"},"modified":"2026-04-16T02:53:58","modified_gmt":"2026-04-15T23:53:58","slug":"biyografi-analiz-4-turkiyenin-birikimi-aydinlar","status":"publish","type":"product","link":"https:\/\/roveyayinevi.com.tr\/index.php\/urun\/biyografi-analiz-4-turkiyenin-birikimi-aydinlar\/","title":{"rendered":"Biyografi Analiz 4 &#8211; T\u00fcrkiyenin Birikimi Ayd\u0131nlar"},"content":{"rendered":"<p>Hac\u0131 Fellini: MEHMET TANRISEVER, Do\u00e7. Dr. S\u00fcleyman Do\u011fan &amp; G\u00fclin TokatTarihe Oktan Kele\u015f\u2019le bakmak, Erol Elmas Celil Civan: Ya Mao\u2019nun ruhu gelirse, Nevin Ba\u015ft\u00fcrk Suna Tanaltay ve \u015eakay\u0131k Soka\u011f\u0131, \u00d6mer \u00d6zt\u00fcrk K\u00fc\u00e7\u00fck ligin kahverengi \u00e7antaya saklanm\u0131\u015f b\u00fcy\u00fck hikayesi, Sel\u00e7uk \u00d6zyurt T\u00fcrk sinemas\u0131n\u0131n n\u2019efsane karakteri: C\u00dcNEYT ARKIN, Ahmet Sarbay Harita ve \u0130mparatorluk, Erhan \u00c7ardakl\u0131 \u0130HA ve S\u0130HA&#8217;n\u0131n fikri rasyonalitesi (T\u00fcrkiye\u2019nin Sava\u015f Teknolojisi: Sivil Hedeflerden Asker\u00ee Hedeflere), L\u00fctfi Bergen Tepedelenli Ali Pa\u015fa ile soyba\u011f\u0131 yolculu\u011fu, Melike \u00c7al\u0131m Asil Nadir ve Polly Peck notlar\u0131, Mustafa Kadir Atasoy Enver Baytan\u2019\u0131n g\u00f6z\u00fcyle Necip Faz\u0131l, Arslan Ate\u015f Kaynak\u00e7a m\u00fccadelemde iz b\u0131rakan ki\u015filer, B\u00fclent A\u011fao\u011flu Parmak \u0130zi Muallimi Hac\u0131 Yusuf Cemil Bey, Ey\u00fcp \u015eahin Ay\u015fe Kulin \u00fczerine bir network denemesi, N.Esra Ayd\u0131n Abd\u00fclhamit Han ve Enver Pa\u015fa \u00fczerine, Dr.Yusuf Gedikli ile S\u00f6yle\u015fi: H\u00fcdavendigar Onur Bir zamanlar \u00d6ve\u00e7ler, Mehmet \u00d6zt\u00fcrk Gasp\u0131ral\u0131 \u0130smail Bey\u2019in vasiyeti Cafer Ceydahmet K\u0131r\u0131merMotivasyon deyince, \u0130slam Gemici SORU\u015eTURMA \/T\u00dcRK\u0130YE\u2019N\u0130N B\u0130R\u0130K\u0130M\u0130: A Y D I N L A RMustafa Nadir \u00d6nay, Fikri Uysal, H\u00fcseyin Sungur, Yusuf Sancak, Mustafa Everdi, Ziya \u015eahin, Veysi Erken, Ramazan Toprakl\u0131, Nevzat G\u00f6r\u00fcc\u00fc, Abdulkadir G\u00fcll\u00fc, L\u00fctfi Bergen, \u0130smail \u015een, O\u011fuz \u00c7etino\u011flu, Adnan \u015eenel,\u0130rfan S\u00f6yler, Sel\u00e7uk \u00d6zyurt, Ahmet T\u00fcz\u00fcn, Ali K\u0131lc\u0131, Mustafa \u00c7etin, Mehmet Var\u0131\u015f, G\u00f6k\u00e7e G\u00fcnel, H\u00fcdavendigar Onur, Osman \u00c7ak\u0131r, M\u00fcrselin Tan, Abdurrahman \u00c7apar, Muhsin \u0130lyas Suba\u015f\u0131, \u00d6mer \u00d6zt\u00fcrk.KEMAL \u00c7\u0130FT\u00c7\u0130 DOSYA Pozitif enerji Kemal \u00c7ift\u00e7i, Mustafa Nadir \u00d6nay Dostun d\u00e2r-\u0131 bek\u00e2ya hicreti\u2026 \u0130srafil Kuralay Zihniyet d\u00f6n\u00fc\u015f\u00fcm\u00fcn\u00fcn \u00f6nc\u00fcs\u00fc Kemal \u00c7ift\u00e7i, Do\u00e7.Dr. S\u00fcleyman Do\u011fan Y\u0131lk\u0131 atlar\u0131, Kemal \u00c7ift\u00e7i i\u00e7in, Hasan \u00dcrkmez Kemal \u00c7ift\u00e7i \u00f6zge bir g\u00f6n\u00fcl dostuydu, Mehmet Nuri Yard\u0131m CENG\u0130Z AYTMATOV DOSYA Cengiz Aytmatov ve edebiyat\u0131n g\u00fcc\u00fc, Prof.Dr. Hasan Se\u00e7en Cengiz Aytmatov ve Deniz K\u0131y\u0131s\u0131nda Ko\u015fan Ala K\u00f6pek ba\u011flam\u0131nda hayat, tabiat, varolu\u015f, Prof.Dr. Nesrin Karaca Cengiz Aytmatov\u2019u anlamaya ve anlatmaya dair, Dr. Mustafa \u00c7etin D\u00fc\u015f\u00fcn\u00fcr Aytmatov ne s\u00f6yler?, Abdurrahman Akd\u00fczen ALB\u00dcM CENG\u0130Z AYTMATOV Haz\u0131rlayan Dr.Mustafa \u00c7etin LOKMAN ABBASO\u011eLU DOSYA S\u0131radan ve Piyade, Lokman Abbaso\u011flu Adanal\u0131lar\u0131n ke\u015ffi: Mamak tatl\u0131s\u0131 Hakk\u0131nda Yaz\u0131lanlar AYKUT ED\u0130BAL\u0130 DOSYA Aykut Edebali \u00fczerinden T\u00fcrkiye&#8217;yi okumak, Adnan Ocak Aykut Edibali Kronolojisi, Kamil B\u00fcy\u00fcker Bir dava adam\u0131: Aykut Edibali, K. B\u00fcy\u00fcker Aykut Edibali neden sa\u011f\u0131n Do\u011fu Perin\u00e7ek\u2019i olamad\u0131?, Mustafa Everdi EROL DOK DOSYA ALB\u00dcM EROL DOK Erol Dok 15 Temmuz\u2019daErol Dok&#8217;u anma toplant\u0131s\u0131<\/p>\n","protected":false},"excerpt":{"rendered":"<p>Hac\u0131 Fellini: MEHMET TANRISEVER, Do\u00e7. Dr. S\u00fcleyman Do\u011fan &amp; G\u00fclin TokatTarihe Oktan Kele\u015f\u2019le bakmak, Erol Elmas Celil Civan: Ya Mao\u2019nun ruhu gelirse, Nevin Ba\u015ft\u00fcrk Suna Tanaltay<span class=\"excerpt-hellip\"> [\u2026]<\/span><\/p>\n","protected":false},"featured_media":0,"template":"","meta":{"_monsterinsights_skip_tracking":false,"_monsterinsights_sitenote_active":false,"_monsterinsights_sitenote_note":"","_monsterinsights_sitenote_category":0},"product_brand":[],"product_cat":[14009,12291],"product_tag":[],"class_list":{"0":"post-742970","1":"product","2":"type-product","3":"status-publish","5":"product_cat-biyografi-otobiyografi-edebiyat","6":"product_cat-edebiyat","7":"pa_cilt-ciltsiz","8":"pa_tur-kitap","9":"pa_yayinevi-biyografi-net-yayincilik","10":"pa_yazar-mahmut-cetin","12":"first","13":"instock","14":"sale","15":"shipping-taxable","16":"purchasable","17":"product-type-simple"},"_links":{"self":[{"href":"https:\/\/roveyayinevi.com.tr\/index.php\/wp-json\/wp\/v2\/product\/742970","targetHints":{"allow":["GET"]}}],"collection":[{"href":"https:\/\/roveyayinevi.com.tr\/index.php\/wp-json\/wp\/v2\/product"}],"about":[{"href":"https:\/\/roveyayinevi.com.tr\/index.php\/wp-json\/wp\/v2\/types\/product"}],"wp:attachment":[{"href":"https:\/\/roveyayinevi.com.tr\/index.php\/wp-json\/wp\/v2\/media?parent=742970"}],"wp:term":[{"taxonomy":"product_brand","embeddable":true,"href":"https:\/\/roveyayinevi.com.tr\/index.php\/wp-json\/wp\/v2\/product_brand?post=742970"},{"taxonomy":"product_cat","embeddable":true,"href":"https:\/\/roveyayinevi.com.tr\/index.php\/wp-json\/wp\/v2\/product_cat?post=742970"},{"taxonomy":"product_tag","embeddable":true,"href":"https:\/\/roveyayinevi.com.tr\/index.php\/wp-json\/wp\/v2\/product_tag?post=742970"}],"curies":[{"name":"wp","href":"https:\/\/api.w.org\/{rel}","templated":true}]}}