{"id":742969,"date":"2025-08-28T01:24:29","date_gmt":"2025-08-27T22:24:29","guid":{"rendered":"https:\/\/roveyayinevi.com.tr\/index.php\/urun\/kaktus-cicekleri\/"},"modified":"2026-04-16T02:53:58","modified_gmt":"2026-04-15T23:53:58","slug":"kaktus-cicekleri","status":"publish","type":"product","link":"https:\/\/roveyayinevi.com.tr\/index.php\/urun\/kaktus-cicekleri\/","title":{"rendered":"Kakt\u00fcs \u00c7i\u00e7ekleri"},"content":{"rendered":"<p>Petek, ailesiyle ta\u015f\u0131nd\u0131\u011f\u0131 Elma\u00e7i\u00e7e\u011fi Kasabas\u0131\u2019n\u0131n d\u00fczenine ayak uydurmakta zorlanaca\u011f\u0131n\u0131 d\u00fc\u015f\u00fcn\u00fcr. Yeni bir okulu olacakt\u0131r art\u0131k ve b\u00f6yle de\u011fi\u015fimlere uyum sa\u011flamak onun i\u00e7in zordur. Neyse ki m\u00fczik vard\u0131r\u2026 Ancak Petek\u2019i hi\u00e7 ummad\u0131\u011f\u0131 g\u00fczellikler beklemektedir. Okuldaki yeni arkada\u015flar\u0131yla m\u00fczi\u011fin birle\u015ftirici g\u00fcc\u00fc sayesinde birbirlerine tutunur ve bamba\u015fka hayaller kurarlar. Yapmalar\u0131 gereken tek \u015fey, hayallerini ger\u00e7ekle\u015ftirmek i\u00e7in \u00e7al\u0131\u015fmaya ba\u015flamakt\u0131r\u2026   Birbirinden olduk\u00e7a farkl\u0131 d\u00f6rt \u00e7ocuk ve onlar\u0131 hi\u00e7 ayr\u0131lmamacas\u0131na bir araya getiren bir hayal\u2026 Kakt\u00fcs \u00c7i\u00e7ekleri, farkl\u0131l\u0131klar\u0131ndan dolay\u0131 d\u0131\u015far\u0131da kald\u0131\u011f\u0131n\u0131 hisseden \u00e7ocuklar\u0131 oyuna geri \u00e7a\u011f\u0131r\u0131yor. Hem de de\u011fi\u015fmek zorunda kalmadan\u2026<\/p>\n","protected":false},"excerpt":{"rendered":"<p>Petek, ailesiyle ta\u015f\u0131nd\u0131\u011f\u0131 Elma\u00e7i\u00e7e\u011fi Kasabas\u0131\u2019n\u0131n d\u00fczenine ayak uydurmakta zorlanaca\u011f\u0131n\u0131 d\u00fc\u015f\u00fcn\u00fcr. Yeni bir okulu olacakt\u0131r art\u0131k ve b\u00f6yle de\u011fi\u015fimlere uyum sa\u011flamak onun i\u00e7in zordur. Neyse ki m\u00fczik<span class=\"excerpt-hellip\"> [\u2026]<\/span><\/p>\n","protected":false},"featured_media":0,"template":"","meta":{"_monsterinsights_skip_tracking":false,"_monsterinsights_sitenote_active":false,"_monsterinsights_sitenote_note":"","_monsterinsights_sitenote_category":0},"product_brand":[],"product_cat":[12689,12274],"product_tag":[],"class_list":{"0":"post-742969","1":"product","2":"type-product","3":"status-publish","5":"product_cat-cizgi-roman-cocuk-ve-genclik-kitaplari","6":"product_cat-cocuk-ve-genclik-kitaplari","7":"pa_cilt-ciltsiz","8":"pa_tur-kitap","9":"pa_yayinevi-redhouse-kidz-yayinlari","10":"pa_yazar-zeynep-alpaslan","12":"first","13":"instock","14":"sale","15":"shipping-taxable","16":"purchasable","17":"product-type-simple"},"_links":{"self":[{"href":"https:\/\/roveyayinevi.com.tr\/index.php\/wp-json\/wp\/v2\/product\/742969","targetHints":{"allow":["GET"]}}],"collection":[{"href":"https:\/\/roveyayinevi.com.tr\/index.php\/wp-json\/wp\/v2\/product"}],"about":[{"href":"https:\/\/roveyayinevi.com.tr\/index.php\/wp-json\/wp\/v2\/types\/product"}],"wp:attachment":[{"href":"https:\/\/roveyayinevi.com.tr\/index.php\/wp-json\/wp\/v2\/media?parent=742969"}],"wp:term":[{"taxonomy":"product_brand","embeddable":true,"href":"https:\/\/roveyayinevi.com.tr\/index.php\/wp-json\/wp\/v2\/product_brand?post=742969"},{"taxonomy":"product_cat","embeddable":true,"href":"https:\/\/roveyayinevi.com.tr\/index.php\/wp-json\/wp\/v2\/product_cat?post=742969"},{"taxonomy":"product_tag","embeddable":true,"href":"https:\/\/roveyayinevi.com.tr\/index.php\/wp-json\/wp\/v2\/product_tag?post=742969"}],"curies":[{"name":"wp","href":"https:\/\/api.w.org\/{rel}","templated":true}]}}