{"id":742966,"date":"2025-08-28T01:24:26","date_gmt":"2025-08-27T22:24:26","guid":{"rendered":"https:\/\/roveyayinevi.com.tr\/index.php\/urun\/canim-arkadaslarim\/"},"modified":"2026-04-13T03:01:09","modified_gmt":"2026-04-13T00:01:09","slug":"canim-arkadaslarim","status":"publish","type":"product","link":"https:\/\/roveyayinevi.com.tr\/index.php\/urun\/canim-arkadaslarim\/","title":{"rendered":"Can\u0131m Arkada\u015flar\u0131m"},"content":{"rendered":"<p>K\u00fc\u00e7\u00fck penguen \u00fczg\u00fcn. Niye? \u00c7\u00fcnk\u00fc u\u00e7am\u0131yor.   Her yolu denemi\u015f. Tek ba\u015f\u0131na ba\u015farmas\u0131 m\u00fcmk\u00fcn de\u011fil. Hayvanat bah\u00e7esinde arkada\u015flar\u0131 oldu\u011fu i\u00e7in \u015fansl\u0131.   Ona yard\u0131m ediyorlar. Sen de ona yard\u0131m eder misin?   Kitab\u0131 \u00e7evir ve bak bakal\u0131m arkada\u015flar oldu\u011funda neler \u015f\u0131p diye olabiliyor!   Can\u0131m Arkada\u015flar\u0131m ger\u00e7ek arkada\u015fl\u0131k \u00fczerine sevgi dolu bir hik\u00e2ye. <\/p>\n","protected":false},"excerpt":{"rendered":"<p>K\u00fc\u00e7\u00fck penguen \u00fczg\u00fcn. Niye? \u00c7\u00fcnk\u00fc u\u00e7am\u0131yor. Her yolu denemi\u015f. Tek ba\u015f\u0131na ba\u015farmas\u0131 m\u00fcmk\u00fcn de\u011fil. Hayvanat bah\u00e7esinde arkada\u015flar\u0131 oldu\u011fu i\u00e7in \u015fansl\u0131. Ona yard\u0131m ediyorlar. Sen de ona<span class=\"excerpt-hellip\"> [\u2026]<\/span><\/p>\n","protected":false},"featured_media":0,"template":"","meta":{"_monsterinsights_skip_tracking":false,"_monsterinsights_sitenote_active":false,"_monsterinsights_sitenote_note":"","_monsterinsights_sitenote_category":0},"product_brand":[],"product_cat":[12274,12284],"product_tag":[],"class_list":{"0":"post-742966","1":"product","2":"type-product","3":"status-publish","5":"product_cat-cocuk-ve-genclik-kitaplari","6":"product_cat-hikayeler","7":"pa_cilt-ciltsiz","8":"pa_tur-kitap","9":"pa_yayinevi-yapi-kredi-yayinlari","10":"pa_yazar-kerstin-schoene","12":"first","13":"instock","14":"sale","15":"shipping-taxable","16":"purchasable","17":"product-type-simple"},"_links":{"self":[{"href":"https:\/\/roveyayinevi.com.tr\/index.php\/wp-json\/wp\/v2\/product\/742966","targetHints":{"allow":["GET"]}}],"collection":[{"href":"https:\/\/roveyayinevi.com.tr\/index.php\/wp-json\/wp\/v2\/product"}],"about":[{"href":"https:\/\/roveyayinevi.com.tr\/index.php\/wp-json\/wp\/v2\/types\/product"}],"wp:attachment":[{"href":"https:\/\/roveyayinevi.com.tr\/index.php\/wp-json\/wp\/v2\/media?parent=742966"}],"wp:term":[{"taxonomy":"product_brand","embeddable":true,"href":"https:\/\/roveyayinevi.com.tr\/index.php\/wp-json\/wp\/v2\/product_brand?post=742966"},{"taxonomy":"product_cat","embeddable":true,"href":"https:\/\/roveyayinevi.com.tr\/index.php\/wp-json\/wp\/v2\/product_cat?post=742966"},{"taxonomy":"product_tag","embeddable":true,"href":"https:\/\/roveyayinevi.com.tr\/index.php\/wp-json\/wp\/v2\/product_tag?post=742966"}],"curies":[{"name":"wp","href":"https:\/\/api.w.org\/{rel}","templated":true}]}}