{"id":742964,"date":"2025-08-28T01:24:23","date_gmt":"2025-08-27T22:24:23","guid":{"rendered":"https:\/\/roveyayinevi.com.tr\/index.php\/urun\/isiltilivadinin-minik-firtinasi\/"},"modified":"2026-04-16T02:53:58","modified_gmt":"2026-04-15T23:53:58","slug":"isiltilivadinin-minik-firtinasi","status":"publish","type":"product","link":"https:\/\/roveyayinevi.com.tr\/index.php\/urun\/isiltilivadinin-minik-firtinasi\/","title":{"rendered":"I\u015f\u0131lt\u0131l\u0131vadi\u2019nin Minik F\u0131rt\u0131nas\u0131"},"content":{"rendered":"<p>\u0130\u015fte kar\u015f\u0131n\u0131zda I\u015f\u0131lt\u0131l\u0131vadi\u2019nin minik f\u0131rt\u0131nas\u0131: Tonje I\u015f\u0131lt\u0131l\u0131vadi! G\u00fcnlerini yoku\u015flu yollarda kayak yaparak, y\u00fcksek sesle \u015fark\u0131lar s\u00f6yleyerek, harika s\u0131cak \u00e7ikolatalar yapabilen huysuz ve ya\u015fl\u0131 arkada\u015f\u0131 Gunnvald\u2019\u0131 ziyaret ederek ge\u00e7iriyor.   Tonje\u2019nin I\u015f\u0131lt\u0131l\u0131vadi\u2019de tek eksi\u011fi kendisi gibi \u00e7ocuklar. Neyse ki bir g\u00fcn I\u015f\u0131lt\u0131l\u0131vadi\u2019ye hi\u00e7 beklenmedik misafirler geliyor. \u00d6nce iki \u00e7ocuklu bir aile, sonra Heidi ad\u0131nda heybetli bir kad\u0131n. \u00dcstelik Heidi\u2019yi Tonje d\u0131\u015f\u0131nda herkes tan\u0131yor. Tonje kendisinden s\u0131r sakland\u0131\u011f\u0131 i\u00e7in \u00f6fkelense de \u00e7ok daha \u00f6nemli bir sorunu var. Heidi pek arkada\u015f canl\u0131s\u0131 birine benzemiyor ve Gunnvald\u2019\u0131n \u00e7iftli\u011fini satmay\u0131 planl\u0131yor. Peki Tonje \u015fimdi ne yapacak? Onun her zaman bir plan\u0131 vard\u0131r! Her zamanki gibi tek ihtiyac\u0131 olan h\u0131z ve \u00f6zg\u00fcven!   Hamurdan Kalp kitab\u0131n\u0131n sevilen yazar\u0131 Maria Parr\u2019dan Heidi ve Pippi Uzun\u00e7orap hayranlar\u0131n\u0131n heyecanla okuyaca\u011f\u0131, arkada\u015fl\u0131k ve aileye dair ola\u011fan\u00fcst\u00fc bir kitap daha! <\/p>\n","protected":false},"excerpt":{"rendered":"<p>\u0130\u015fte kar\u015f\u0131n\u0131zda I\u015f\u0131lt\u0131l\u0131vadi\u2019nin minik f\u0131rt\u0131nas\u0131: Tonje I\u015f\u0131lt\u0131l\u0131vadi! G\u00fcnlerini yoku\u015flu yollarda kayak yaparak, y\u00fcksek sesle \u015fark\u0131lar s\u00f6yleyerek, harika s\u0131cak \u00e7ikolatalar yapabilen huysuz ve ya\u015fl\u0131 arkada\u015f\u0131 Gunnvald\u2019\u0131 ziyaret<span class=\"excerpt-hellip\"> [\u2026]<\/span><\/p>\n","protected":false},"featured_media":0,"template":"","meta":{"_monsterinsights_skip_tracking":false,"_monsterinsights_sitenote_active":false,"_monsterinsights_sitenote_note":"","_monsterinsights_sitenote_category":0},"product_brand":[],"product_cat":[12689,12274],"product_tag":[],"class_list":{"0":"post-742964","1":"product","2":"type-product","3":"status-publish","5":"product_cat-cizgi-roman-cocuk-ve-genclik-kitaplari","6":"product_cat-cocuk-ve-genclik-kitaplari","7":"pa_cilt-ciltsiz","8":"pa_tur-kitap","9":"pa_yayinevi-yapi-kredi-yayinlari","10":"pa_yazar-maria-parr","12":"first","13":"instock","14":"sale","15":"shipping-taxable","16":"purchasable","17":"product-type-simple"},"_links":{"self":[{"href":"https:\/\/roveyayinevi.com.tr\/index.php\/wp-json\/wp\/v2\/product\/742964","targetHints":{"allow":["GET"]}}],"collection":[{"href":"https:\/\/roveyayinevi.com.tr\/index.php\/wp-json\/wp\/v2\/product"}],"about":[{"href":"https:\/\/roveyayinevi.com.tr\/index.php\/wp-json\/wp\/v2\/types\/product"}],"wp:attachment":[{"href":"https:\/\/roveyayinevi.com.tr\/index.php\/wp-json\/wp\/v2\/media?parent=742964"}],"wp:term":[{"taxonomy":"product_brand","embeddable":true,"href":"https:\/\/roveyayinevi.com.tr\/index.php\/wp-json\/wp\/v2\/product_brand?post=742964"},{"taxonomy":"product_cat","embeddable":true,"href":"https:\/\/roveyayinevi.com.tr\/index.php\/wp-json\/wp\/v2\/product_cat?post=742964"},{"taxonomy":"product_tag","embeddable":true,"href":"https:\/\/roveyayinevi.com.tr\/index.php\/wp-json\/wp\/v2\/product_tag?post=742964"}],"curies":[{"name":"wp","href":"https:\/\/api.w.org\/{rel}","templated":true}]}}