{"id":742961,"date":"2025-08-28T01:24:19","date_gmt":"2025-08-27T22:24:19","guid":{"rendered":"https:\/\/roveyayinevi.com.tr\/index.php\/urun\/gertrude-stein\/"},"modified":"2026-04-16T02:53:58","modified_gmt":"2026-04-15T23:53:58","slug":"gertrude-stein","status":"publish","type":"product","link":"https:\/\/roveyayinevi.com.tr\/index.php\/urun\/gertrude-stein\/","title":{"rendered":"Gertrude Stein"},"content":{"rendered":"<p>\u201cSabah. G\u00fcne\u015f L\u00fcksemburg Bah\u00e7esi\u2019nin \u00fczerinde y\u00fckselmi\u015f. Ku\u015f c\u0131v\u0131lt\u0131lar\u0131 \u015fehrin u\u011fultusunu bast\u0131r\u0131yor. Birka\u00e7 y\u00fcz ad\u0131m ilerde Fleurus Soka\u011f\u0131 bulunuyor. 27 numaral\u0131 binadaki bir an\u0131 levhas\u0131nda \u015funlar yaz\u0131l\u0131: \u2018GERTRUDE STEIN 1874-1946 \/ AMER\u0130KALI YAZAR&#8230;\u2019\u201d   Gertrude Stein hakk\u0131nda ne biliyoruz? Amerika do\u011fumlu \u015fair, yazar, koleksiyoner, dil cambaz\u0131 ve kad\u0131n haklar\u0131 savunucusu oldu\u011funu. Ya\u015fam\u0131n\u0131n \u00e7o\u011funu Fransa\u2019da ge\u00e7irdi\u011fini, Fleurus Soka\u011f\u0131 no 27\u2019deki dairesinin Picasso\u2019dan Hemingway\u2019e, Pound\u2019dan Fitzgerald\u2019a resim sanat\u0131n\u0131n ve edebiyat\u0131n merkezi haline geldi\u011fini. Dil ve \u00fcslup konusunda her zaman tak\u0131nt\u0131l\u0131 oldu\u011funu. Her \u015feyden \u00f6nemlisi de Avrupa\u2019da sanat tarihini ba\u015ftan a\u015fa\u011f\u0131 de\u011fi\u015ftirecek k\u00fclt\u00fcrel devrimlere ve yeniliklere birinci elden tan\u0131kl\u0131k etti\u011fini. Philippe Blanchon, \u00e7a\u011fa damgas\u0131n\u0131 vurmu\u015f ayk\u0131r\u0131 bir karakterin hayat\u0131ndaki k\u0131r\u0131lmalar\u0131n izinde \u00f6nemli bir biyografiye imza at\u0131yor. <\/p>\n","protected":false},"excerpt":{"rendered":"<p>\u201cSabah. G\u00fcne\u015f L\u00fcksemburg Bah\u00e7esi\u2019nin \u00fczerinde y\u00fckselmi\u015f. Ku\u015f c\u0131v\u0131lt\u0131lar\u0131 \u015fehrin u\u011fultusunu bast\u0131r\u0131yor. Birka\u00e7 y\u00fcz ad\u0131m ilerde Fleurus Soka\u011f\u0131 bulunuyor. 27 numaral\u0131 binadaki bir an\u0131 levhas\u0131nda \u015funlar yaz\u0131l\u0131:<span class=\"excerpt-hellip\"> [\u2026]<\/span><\/p>\n","protected":false},"featured_media":0,"template":"","meta":{"_monsterinsights_skip_tracking":false,"_monsterinsights_sitenote_active":false,"_monsterinsights_sitenote_note":"","_monsterinsights_sitenote_category":0},"product_brand":[],"product_cat":[14009,12291],"product_tag":[],"class_list":{"0":"post-742961","1":"product","2":"type-product","3":"status-publish","5":"product_cat-biyografi-otobiyografi-edebiyat","6":"product_cat-edebiyat","7":"pa_cilt-ciltsiz","8":"pa_tur-kitap","9":"pa_yayinevi-yapi-kredi-yayinlari","10":"pa_yazar-philippe-blanchon","12":"first","13":"instock","14":"sale","15":"shipping-taxable","16":"purchasable","17":"product-type-simple"},"_links":{"self":[{"href":"https:\/\/roveyayinevi.com.tr\/index.php\/wp-json\/wp\/v2\/product\/742961","targetHints":{"allow":["GET"]}}],"collection":[{"href":"https:\/\/roveyayinevi.com.tr\/index.php\/wp-json\/wp\/v2\/product"}],"about":[{"href":"https:\/\/roveyayinevi.com.tr\/index.php\/wp-json\/wp\/v2\/types\/product"}],"wp:attachment":[{"href":"https:\/\/roveyayinevi.com.tr\/index.php\/wp-json\/wp\/v2\/media?parent=742961"}],"wp:term":[{"taxonomy":"product_brand","embeddable":true,"href":"https:\/\/roveyayinevi.com.tr\/index.php\/wp-json\/wp\/v2\/product_brand?post=742961"},{"taxonomy":"product_cat","embeddable":true,"href":"https:\/\/roveyayinevi.com.tr\/index.php\/wp-json\/wp\/v2\/product_cat?post=742961"},{"taxonomy":"product_tag","embeddable":true,"href":"https:\/\/roveyayinevi.com.tr\/index.php\/wp-json\/wp\/v2\/product_tag?post=742961"}],"curies":[{"name":"wp","href":"https:\/\/api.w.org\/{rel}","templated":true}]}}