{"id":742959,"date":"2025-08-28T01:24:16","date_gmt":"2025-08-27T22:24:16","guid":{"rendered":"https:\/\/roveyayinevi.com.tr\/index.php\/urun\/ruhum-fisildadi\/"},"modified":"2026-03-12T03:02:38","modified_gmt":"2026-03-12T00:02:38","slug":"ruhum-fisildadi","status":"publish","type":"product","link":"https:\/\/roveyayinevi.com.tr\/index.php\/urun\/ruhum-fisildadi\/","title":{"rendered":"Ruhum F\u0131s\u0131ldad\u0131"},"content":{"rendered":"<p>Bazen ya\u015fam \u00e7etrefilli bir yol gibi g\u00f6r\u00fcnebilir. Anlamland\u0131rmak, \u00e7\u00f6zmek, neye neden tepki verdi\u011fimizi fark etmek zorlayabilir. Etraftaki sesler, toplumun bizden bekledikleri, zihnimizin karma\u015f\u0131k sesi, bizi biz olmaktan al\u0131koyar, duygudan duyguya s\u00fcr\u00fckleniriz. Var olan potansiyelimize ve mucizelere ula\u015fabilmek i\u00e7in bir k\u0131lavuz vard\u0131r: Kalbimizin sesi. T\u00fcm sesleri k\u0131s\u0131p o sesi y\u00fckseltti\u011fimizde, d\u0131\u015far\u0131dan ba\u015fka bir rehbere ihtiya\u00e7 duymaz ve kendi ba\u011f\u0131ms\u0131zl\u0131\u011f\u0131m\u0131z\u0131 kendimize ilan ederiz. Hayat daha e\u011flenceli bir yolculuk haline gelir. Kal\u0131plardan kurtulup mucizelerin a\u00e7\u0131\u011fa \u00e7\u0131kmas\u0131n\u0131 izleriz. Ruhum var olan potansiyelimizi a\u00e7\u0131\u011fa \u00e7\u0131karmak i\u00e7in f\u0131s\u0131ldad\u0131. Sevgimle &#8230; <\/p>\n","protected":false},"excerpt":{"rendered":"<p>Bazen ya\u015fam \u00e7etrefilli bir yol gibi g\u00f6r\u00fcnebilir. Anlamland\u0131rmak, \u00e7\u00f6zmek, neye neden tepki verdi\u011fimizi fark etmek zorlayabilir. Etraftaki sesler, toplumun bizden bekledikleri, zihnimizin karma\u015f\u0131k sesi, bizi biz<span class=\"excerpt-hellip\"> [\u2026]<\/span><\/p>\n","protected":false},"featured_media":0,"template":"","meta":{"_monsterinsights_skip_tracking":false,"_monsterinsights_sitenote_active":false,"_monsterinsights_sitenote_note":"","_monsterinsights_sitenote_category":0},"product_brand":[],"product_cat":[12777,12291],"product_tag":[],"class_list":{"0":"post-742959","1":"product","2":"type-product","3":"status-publish","5":"product_cat-deneme","6":"product_cat-edebiyat","7":"pa_cilt-ciltsiz","8":"pa_tur-kitap","9":"pa_yayinevi-kirmizi-cati-yayinlari","10":"pa_yazar-isil-kol","12":"first","13":"instock","14":"sale","15":"shipping-taxable","16":"purchasable","17":"product-type-simple"},"_links":{"self":[{"href":"https:\/\/roveyayinevi.com.tr\/index.php\/wp-json\/wp\/v2\/product\/742959","targetHints":{"allow":["GET"]}}],"collection":[{"href":"https:\/\/roveyayinevi.com.tr\/index.php\/wp-json\/wp\/v2\/product"}],"about":[{"href":"https:\/\/roveyayinevi.com.tr\/index.php\/wp-json\/wp\/v2\/types\/product"}],"wp:attachment":[{"href":"https:\/\/roveyayinevi.com.tr\/index.php\/wp-json\/wp\/v2\/media?parent=742959"}],"wp:term":[{"taxonomy":"product_brand","embeddable":true,"href":"https:\/\/roveyayinevi.com.tr\/index.php\/wp-json\/wp\/v2\/product_brand?post=742959"},{"taxonomy":"product_cat","embeddable":true,"href":"https:\/\/roveyayinevi.com.tr\/index.php\/wp-json\/wp\/v2\/product_cat?post=742959"},{"taxonomy":"product_tag","embeddable":true,"href":"https:\/\/roveyayinevi.com.tr\/index.php\/wp-json\/wp\/v2\/product_tag?post=742959"}],"curies":[{"name":"wp","href":"https:\/\/api.w.org\/{rel}","templated":true}]}}