{"id":742958,"date":"2025-08-28T01:24:15","date_gmt":"2025-08-27T22:24:15","guid":{"rendered":"https:\/\/roveyayinevi.com.tr\/index.php\/urun\/vuslat-3\/"},"modified":"2026-04-16T02:53:58","modified_gmt":"2026-04-15T23:53:58","slug":"vuslat-3","status":"publish","type":"product","link":"https:\/\/roveyayinevi.com.tr\/index.php\/urun\/vuslat-3\/","title":{"rendered":"Vuslat"},"content":{"rendered":"<p>Okumakta oldu\u011funuz eserdeki makalelerin bir\u00e7o\u011fu Akit\u2019te yazm\u0131\u015f oldu\u011fum yaz\u0131lardan olu\u015fmakta. Her bir makaleye saatlerimi verdim. Hepsinin ayr\u0131 bir hikayesi var. Kitab\u0131n ismini de \u201cVuslat\u201d olarak belirledim. T\u00fcrk\u00e7e\u2019nin en \u00e7ok sevdi\u011fim kelimelerindendir \u201cVuslat.\u201d Arap\u00e7a olan bu kelime; sevilen, \u00f6zlenen bir \u015feye kavu\u015fmad\u0131r. Vuslat\u0131n en g\u00fczeli ve doyumsuz olan\u0131ysa, bizi yaratan Rabbimize kavu\u015fmakt\u0131r. Hayat\u0131m\u0131z ve eylemlerimiz, amellerimiz; O\u2019nun r\u0131zas\u0131n\u0131 kazanmaya matuftur. Bu eser, o amac\u0131m\u0131za bir kap\u0131 aralarsa, ne mutlu bizlere.   Acizane bendenizin, bu \u00fc\u00e7\u00fcnc\u00fc eseri. \u0130lk eserim 1996 y\u0131l\u0131nda \u201cVural Yay\u0131nc\u0131l\u0131k\u201d taraf\u0131ndan \u201c\u0130slami Bilin\u00e7\u201d ad\u0131yla yay\u0131nlanm\u0131\u015ft\u0131. Daha sonra Birle\u015fik Yay\u0131nlar\u0131 \u201cDinin Dire\u011fi Namaz\u201d konulu risalemi ne\u015fretti. T\u00fcm eserlerimi, ba\u015fta \u00e7ocuklar\u0131m, de\u011ferli e\u015fim olmak \u00fczere, kitap dostlar\u0131na atfediyorum.<\/p>\n","protected":false},"excerpt":{"rendered":"<p>Okumakta oldu\u011funuz eserdeki makalelerin bir\u00e7o\u011fu Akit\u2019te yazm\u0131\u015f oldu\u011fum yaz\u0131lardan olu\u015fmakta. Her bir makaleye saatlerimi verdim. Hepsinin ayr\u0131 bir hikayesi var. Kitab\u0131n ismini de \u201cVuslat\u201d olarak belirledim.<span class=\"excerpt-hellip\"> [\u2026]<\/span><\/p>\n","protected":false},"featured_media":0,"template":"","meta":{"_monsterinsights_skip_tracking":false,"_monsterinsights_sitenote_active":false,"_monsterinsights_sitenote_note":"","_monsterinsights_sitenote_category":0},"product_brand":[],"product_cat":[12777,12291],"product_tag":[],"class_list":{"0":"post-742958","1":"product","2":"type-product","3":"status-publish","5":"product_cat-deneme","6":"product_cat-edebiyat","7":"pa_cilt-ciltsiz","8":"pa_tur-kitap","9":"pa_yayinevi-gulnar-yayinlari","10":"pa_yazar-abdullah-sanlidag","12":"first","13":"instock","14":"sale","15":"shipping-taxable","16":"purchasable","17":"product-type-simple"},"_links":{"self":[{"href":"https:\/\/roveyayinevi.com.tr\/index.php\/wp-json\/wp\/v2\/product\/742958","targetHints":{"allow":["GET"]}}],"collection":[{"href":"https:\/\/roveyayinevi.com.tr\/index.php\/wp-json\/wp\/v2\/product"}],"about":[{"href":"https:\/\/roveyayinevi.com.tr\/index.php\/wp-json\/wp\/v2\/types\/product"}],"wp:attachment":[{"href":"https:\/\/roveyayinevi.com.tr\/index.php\/wp-json\/wp\/v2\/media?parent=742958"}],"wp:term":[{"taxonomy":"product_brand","embeddable":true,"href":"https:\/\/roveyayinevi.com.tr\/index.php\/wp-json\/wp\/v2\/product_brand?post=742958"},{"taxonomy":"product_cat","embeddable":true,"href":"https:\/\/roveyayinevi.com.tr\/index.php\/wp-json\/wp\/v2\/product_cat?post=742958"},{"taxonomy":"product_tag","embeddable":true,"href":"https:\/\/roveyayinevi.com.tr\/index.php\/wp-json\/wp\/v2\/product_tag?post=742958"}],"curies":[{"name":"wp","href":"https:\/\/api.w.org\/{rel}","templated":true}]}}