{"id":742956,"date":"2025-08-28T01:24:12","date_gmt":"2025-08-27T22:24:12","guid":{"rendered":"https:\/\/roveyayinevi.com.tr\/index.php\/urun\/bir-yaz-boyunca\/"},"modified":"2025-11-13T08:11:23","modified_gmt":"2025-11-13T05:11:23","slug":"bir-yaz-boyunca","status":"publish","type":"product","link":"https:\/\/roveyayinevi.com.tr\/index.php\/urun\/bir-yaz-boyunca\/","title":{"rendered":"Bir Yaz Boyunca"},"content":{"rendered":"<p>Moda ile partilere d\u00fc\u015fk\u00fcnl\u00fc\u011f\u00fcyle tan\u0131nan Piper Bellinger bir sosyal medya fenomenidir ve bu \u00fcn\u00fc y\u00fcz\u00fcnden paparazziler her daim pe\u015findedir. Piper, kontrolden \u00e7\u0131kan bir havuz partisinden sonra kendini \u00f6nce nezarethanede hemen ard\u0131ndan da man\u015fetlerde bulur. Ancak son darbe \u00fcvey babas\u0131ndan gelir: T\u00fcm bu \u015f\u0131mar\u0131kl\u0131klar art\u0131k adam\u0131n can\u0131na tak etmi\u015ftir ve Bellinger Karde\u015fler, merhum babalar\u0131n\u0131n eski bar\u0131n\u0131 i\u015fletmek i\u00e7in do\u011fduklar\u0131 kasabaya gidecektir.   Gen\u00e7 kad\u0131n Westport\u2019a ayak basmas\u0131n\u0131n hen\u00fcz be\u015finci dakikas\u0131nda, onun Beverly Hills\u2019ten uzakta bir hafta bile dayanamayaca\u011f\u0131n\u0131 d\u00fc\u015f\u00fcnen iriyar\u0131 ve kaba tekne kaptan\u0131 Brendan&#8217;la tan\u0131\u015f\u0131r. Piper o anda hem \u00fcvey babas\u0131na hem de bu seksi kasabal\u0131ya, g\u00fczel bir surattan daha fazlas\u0131na sahip oldu\u011funu kan\u0131tlamaya karar verir.   Fakat Westport k\u00fc\u00e7\u00fck bir kasabad\u0131r ve Piper k\u0131sa s\u00fcre i\u00e7inde, gitti\u011fi her yerde Brendan\u2019a rastlaman\u0131n ka\u00e7\u0131n\u0131lmaz oldu\u011funu fark eder. E\u011flence d\u00fc\u015fk\u00fcn\u00fc bir jet sosyete \u00fcyesi ile huysuz bir tekne kaptan\u0131 her ne kadar z\u0131t karakterde olsalar da aralar\u0131nda ink\u00e2r edilemez bir \u00e7ekimin fitili ate\u015flenmi\u015ftir bile. Piper herhangi bir \u015fekilde dikkatinin da\u011f\u0131lmas\u0131n\u0131 istememektedir; \u00f6zellikle de denize a\u00e7\u0131l\u0131p haftalar boyu geri d\u00f6nmeyen bir adam taraf\u0131ndan. Ge\u00e7mi\u015fiyle ba\u011flant\u0131 kurup Westport\u2019u evi gibi g\u00f6rmeye ba\u015flad\u0131ktan sonra Los Angeles\u2019taki \u015fatafatl\u0131 fakat so\u011fuk hayat\u0131n ger\u00e7ekten istedi\u011fi \u015fey olup olmad\u0131\u011f\u0131n\u0131 sorgulamadan edemez. Los Angeles h\u00e2l\u00e2 ona seslenmektedir ama Brendan -ve an\u0131larla dolu bu k\u00fc\u00e7\u00fck kasaba- \u00e7oktan kalbini ele ge\u00e7irmi\u015ftir<\/p>\n","protected":false},"excerpt":{"rendered":"<p>Moda ile partilere d\u00fc\u015fk\u00fcnl\u00fc\u011f\u00fcyle tan\u0131nan Piper Bellinger bir sosyal medya fenomenidir ve bu \u00fcn\u00fc y\u00fcz\u00fcnden paparazziler her daim pe\u015findedir. Piper, kontrolden \u00e7\u0131kan bir havuz partisinden sonra<span class=\"excerpt-hellip\"> [\u2026]<\/span><\/p>\n","protected":false},"featured_media":0,"template":"","meta":{"_monsterinsights_skip_tracking":false,"_monsterinsights_sitenote_active":false,"_monsterinsights_sitenote_note":"","_monsterinsights_sitenote_category":0},"product_brand":[],"product_cat":[12689,12274],"product_tag":[],"class_list":{"0":"post-742956","1":"product","2":"type-product","3":"status-publish","5":"product_cat-cizgi-roman-cocuk-ve-genclik-kitaplari","6":"product_cat-cocuk-ve-genclik-kitaplari","7":"pa_cilt-ciltsiz","8":"pa_tur-kitap","9":"pa_yayinevi-marti-yayinlari","10":"pa_yazar-tessa-bailey","12":"first","13":"instock","14":"sale","15":"shipping-taxable","16":"purchasable","17":"product-type-simple"},"_links":{"self":[{"href":"https:\/\/roveyayinevi.com.tr\/index.php\/wp-json\/wp\/v2\/product\/742956","targetHints":{"allow":["GET"]}}],"collection":[{"href":"https:\/\/roveyayinevi.com.tr\/index.php\/wp-json\/wp\/v2\/product"}],"about":[{"href":"https:\/\/roveyayinevi.com.tr\/index.php\/wp-json\/wp\/v2\/types\/product"}],"wp:attachment":[{"href":"https:\/\/roveyayinevi.com.tr\/index.php\/wp-json\/wp\/v2\/media?parent=742956"}],"wp:term":[{"taxonomy":"product_brand","embeddable":true,"href":"https:\/\/roveyayinevi.com.tr\/index.php\/wp-json\/wp\/v2\/product_brand?post=742956"},{"taxonomy":"product_cat","embeddable":true,"href":"https:\/\/roveyayinevi.com.tr\/index.php\/wp-json\/wp\/v2\/product_cat?post=742956"},{"taxonomy":"product_tag","embeddable":true,"href":"https:\/\/roveyayinevi.com.tr\/index.php\/wp-json\/wp\/v2\/product_tag?post=742956"}],"curies":[{"name":"wp","href":"https:\/\/api.w.org\/{rel}","templated":true}]}}