{"id":742955,"date":"2025-08-28T01:24:11","date_gmt":"2025-08-27T22:24:11","guid":{"rendered":"https:\/\/roveyayinevi.com.tr\/index.php\/urun\/bazen-kucuk-bazen-buyuk\/"},"modified":"2026-04-16T02:53:58","modified_gmt":"2026-04-15T23:53:58","slug":"bazen-kucuk-bazen-buyuk","status":"publish","type":"product","link":"https:\/\/roveyayinevi.com.tr\/index.php\/urun\/bazen-kucuk-bazen-buyuk\/","title":{"rendered":"Bazen K\u00fc\u00e7\u00fck Bazen B\u00fcy\u00fck"},"content":{"rendered":"<p>K\u00fc\u00e7\u00fckken her insan bir an \u00f6nce b\u00fcy\u00fcy\u00fcp yeti\u015fkinlerin d\u00fcnyas\u0131na kat\u0131lmak ister. \u00c7\u00fcnk\u00fc b\u00fcy\u00fcmek yeti\u015fkinlerin ula\u015fabildi\u011fi raflara ula\u015fabilmek, makas\u0131 tek ba\u015f\u0131na kullanabilmek, kendi kararlar\u0131n\u0131 verebilmek demek. Ama ayn\u0131 zamanda, zaman\u0131n \u00e7abucak ge\u00e7ti\u011fini fark etmek, daha b\u00fcy\u00fck okullara gitmek, daha fazla sorumluluk almak, annenin ya da baban\u0131n bisikletinin arkas\u0131na oturamamak da demek.   O zaman niye bazen k\u00fc\u00e7\u00fck bazen b\u00fcy\u00fck olam\u0131yoruz?   B\u00fcy\u00fcmek keyifli oldu\u011fu kadar zor bir s\u00fcrecin de ba\u015flang\u0131c\u0131. Bu y\u00fczden Alice anaokuluna gidene kadar bazen b\u00fcy\u00fck bazen de k\u00fc\u00e7\u00fck oluyor. Kre\u015fte kendini b\u00fcy\u00fck hissetmek ho\u015funa gidiyor; evde, \u00f6zellikle annesinin kuca\u011f\u0131nda yine k\u00fc\u00e7\u00fcl\u00fcyor \u00e7\u00fcnk\u00fc k\u00fc\u00e7\u00fck olmak daha \u00e7ok ilgi, daha \u00e7ok sevgi demek. Bazen de yasaklar\u0131 delmek demek. Ama Alice art\u0131k b\u00fcy\u00fcd\u00fc\u011f\u00fcn\u00fcn fark\u0131nda \u00e7\u00fcnk\u00fc ayaklar\u0131 lastik botlar\u0131na s\u0131\u011fm\u0131yor. Art\u0131k anaokuluna korkmadan gidebilir ve b\u00fcy\u00fcmenin keyfini arkada\u015flar\u0131yla g\u00f6nl\u00fcnce ya\u015fayabilir.   Hatta ne kadar b\u00fcy\u00fcse de i\u00e7inde k\u00fc\u00e7\u00fck Alice\u2019i her zaman hissedebilir. <\/p>\n","protected":false},"excerpt":{"rendered":"<p>K\u00fc\u00e7\u00fckken her insan bir an \u00f6nce b\u00fcy\u00fcy\u00fcp yeti\u015fkinlerin d\u00fcnyas\u0131na kat\u0131lmak ister. \u00c7\u00fcnk\u00fc b\u00fcy\u00fcmek yeti\u015fkinlerin ula\u015fabildi\u011fi raflara ula\u015fabilmek, makas\u0131 tek ba\u015f\u0131na kullanabilmek, kendi kararlar\u0131n\u0131 verebilmek demek. Ama<span class=\"excerpt-hellip\"> [\u2026]<\/span><\/p>\n","protected":false},"featured_media":0,"template":"","meta":{"_monsterinsights_skip_tracking":false,"_monsterinsights_sitenote_active":false,"_monsterinsights_sitenote_note":"","_monsterinsights_sitenote_category":0},"product_brand":[],"product_cat":[12274,12284],"product_tag":[],"class_list":{"0":"post-742955","1":"product","2":"type-product","3":"status-publish","5":"product_cat-cocuk-ve-genclik-kitaplari","6":"product_cat-hikayeler","7":"pa_cilt-ciltsiz","8":"pa_tur-kitap","9":"pa_yayinevi-yeni-insan-yayinlari","10":"pa_yazar-karen-vad-bruun","12":"first","13":"instock","14":"sale","15":"shipping-taxable","16":"purchasable","17":"product-type-simple"},"_links":{"self":[{"href":"https:\/\/roveyayinevi.com.tr\/index.php\/wp-json\/wp\/v2\/product\/742955","targetHints":{"allow":["GET"]}}],"collection":[{"href":"https:\/\/roveyayinevi.com.tr\/index.php\/wp-json\/wp\/v2\/product"}],"about":[{"href":"https:\/\/roveyayinevi.com.tr\/index.php\/wp-json\/wp\/v2\/types\/product"}],"wp:attachment":[{"href":"https:\/\/roveyayinevi.com.tr\/index.php\/wp-json\/wp\/v2\/media?parent=742955"}],"wp:term":[{"taxonomy":"product_brand","embeddable":true,"href":"https:\/\/roveyayinevi.com.tr\/index.php\/wp-json\/wp\/v2\/product_brand?post=742955"},{"taxonomy":"product_cat","embeddable":true,"href":"https:\/\/roveyayinevi.com.tr\/index.php\/wp-json\/wp\/v2\/product_cat?post=742955"},{"taxonomy":"product_tag","embeddable":true,"href":"https:\/\/roveyayinevi.com.tr\/index.php\/wp-json\/wp\/v2\/product_tag?post=742955"}],"curies":[{"name":"wp","href":"https:\/\/api.w.org\/{rel}","templated":true}]}}