{"id":742954,"date":"2025-08-28T01:24:10","date_gmt":"2025-08-27T22:24:10","guid":{"rendered":"https:\/\/roveyayinevi.com.tr\/index.php\/urun\/olgunlasmamis-ebeveynlerin-yetisin-cocuklari-icin-oz-bakim\/"},"modified":"2026-04-16T02:53:58","modified_gmt":"2026-04-15T23:53:58","slug":"olgunlasmamis-ebeveynlerin-yetisin-cocuklari-icin-oz-bakim","status":"publish","type":"product","link":"https:\/\/roveyayinevi.com.tr\/index.php\/urun\/olgunlasmamis-ebeveynlerin-yetisin-cocuklari-icin-oz-bakim\/","title":{"rendered":"Olgunla\u015fmam\u0131\u015f Ebeveynlerin Yeti\u015fin \u00c7ocuklar\u0131 i\u00e7in \u00d6z-Bak\u0131m"},"content":{"rendered":"<p>Siz de \u00e7o\u011fu insan gibi s\u0131n\u0131rlar\u0131n\u0131z kadar var oldu\u011funuza inan\u0131r h\u00e2le gelmi\u015f olabilirsiniz. Tan\u0131d\u0131k olan\u0131 ard\u0131n\u0131zda b\u0131rakmak \u00e7ok korkutucudur \u00e7\u00fcnk\u00fc de\u011fi\u015fim, art\u0131k kim oldu\u011funuzu bilemeyecekmi\u015fsiniz gibi hissettirir. \u0130\u00e7ine yerle\u015fti\u011finiz o karton kutu art\u0131k sizin kimli\u011finiz olur ve ne pahas\u0131na olursa olsun bu kimli\u011fe tutunman\u0131z gerekti\u011fini d\u00fc\u015f\u00fcn\u00fcrs\u00fcn\u00fcz. Kendini s\u0131n\u0131rland\u0131rmak insana g\u00fcvenli gelir. Duygusal olarak olgunla\u015fmam\u0131\u015f bir ebeveynle b\u00fcy\u00fcd\u00fcyseniz h\u00e2l\u00e2 \u00f6fke, \u00fcz\u00fcnt\u00fc, k\u0131rg\u0131nl\u0131k veya utan\u00e7la m\u00fccadele ediyor olabilirsiniz. Olgunla\u015fmam\u0131\u015f Ebeveynlerin A\u00e7t\u0131\u011f\u0131 Yaralar\u0131 \u0130yile\u015ftirmek ve Olgunla\u015fmam\u0131\u015f Ebeveynlerin Yeti\u015fkin \u00c7ocuklar\u0131 kitaplar\u0131n\u0131n yazar\u0131 Dr. Lindsay C. Gibson, bu kez ba\u015fkalar\u0131n\u0131n ihtiya\u00e7lar\u0131n\u0131 kendinizinkinin \u00f6n\u00fcne koymaktan nas\u0131l vazge\u00e7ece\u011finizi ve kar\u015f\u0131la\u015ft\u0131\u011f\u0131n\u0131z stres fakt\u00f6rlerini nas\u0131l y\u00f6netebilece\u011finizi anlat\u0131yor. Duygusal Olarak Olgunla\u015fmam\u0131\u015f Ebeveynlerin Yeti\u015fkin \u00c7ocuklar\u0131 i\u00e7in \u00d6z-bak\u0131m, ebeveynleriniz i\u00e7in de\u011fil do\u011frudan sizin i\u00e7in yaz\u0131lm\u0131\u015f bir kitap. Ebeveynleri taraf\u0131ndan ba\u015fkalar\u0131yla ili\u015fkilerine s\u0131n\u0131r koyman\u0131n yanl\u0131\u015f oldu\u011fu \u00f6\u011fretilerek b\u00fcy\u00fct\u00fclm\u00fc\u015f \u00e7ocuklar i\u00e7in asl\u0131nda reddetmenin ve s\u0131n\u0131r koyman\u0131n daha sa\u011fl\u0131kl\u0131 ili\u015fkileri de beraberinde getirdi\u011fini g\u00f6receksiniz.<\/p>\n","protected":false},"excerpt":{"rendered":"<p>Siz de \u00e7o\u011fu insan gibi s\u0131n\u0131rlar\u0131n\u0131z kadar var oldu\u011funuza inan\u0131r h\u00e2le gelmi\u015f olabilirsiniz. Tan\u0131d\u0131k olan\u0131 ard\u0131n\u0131zda b\u0131rakmak \u00e7ok korkutucudur \u00e7\u00fcnk\u00fc de\u011fi\u015fim, art\u0131k kim oldu\u011funuzu bilemeyecekmi\u015fsiniz gibi<span class=\"excerpt-hellip\"> [\u2026]<\/span><\/p>\n","protected":false},"featured_media":0,"template":"","meta":{"_monsterinsights_skip_tracking":false,"_monsterinsights_sitenote_active":false,"_monsterinsights_sitenote_note":"","_monsterinsights_sitenote_category":0},"product_brand":[],"product_cat":[12679,12357],"product_tag":[],"class_list":{"0":"post-742954","1":"product","2":"type-product","3":"status-publish","5":"product_cat-cocuk-psikolojisi","6":"product_cat-psikoloji","7":"pa_cilt-ciltsiz","8":"pa_tur-kitap","9":"pa_yayinevi-sola-unitas","10":"pa_yazar-lindsay-c-gibson","12":"first","13":"instock","14":"sale","15":"shipping-taxable","16":"purchasable","17":"product-type-simple"},"_links":{"self":[{"href":"https:\/\/roveyayinevi.com.tr\/index.php\/wp-json\/wp\/v2\/product\/742954","targetHints":{"allow":["GET"]}}],"collection":[{"href":"https:\/\/roveyayinevi.com.tr\/index.php\/wp-json\/wp\/v2\/product"}],"about":[{"href":"https:\/\/roveyayinevi.com.tr\/index.php\/wp-json\/wp\/v2\/types\/product"}],"wp:attachment":[{"href":"https:\/\/roveyayinevi.com.tr\/index.php\/wp-json\/wp\/v2\/media?parent=742954"}],"wp:term":[{"taxonomy":"product_brand","embeddable":true,"href":"https:\/\/roveyayinevi.com.tr\/index.php\/wp-json\/wp\/v2\/product_brand?post=742954"},{"taxonomy":"product_cat","embeddable":true,"href":"https:\/\/roveyayinevi.com.tr\/index.php\/wp-json\/wp\/v2\/product_cat?post=742954"},{"taxonomy":"product_tag","embeddable":true,"href":"https:\/\/roveyayinevi.com.tr\/index.php\/wp-json\/wp\/v2\/product_tag?post=742954"}],"curies":[{"name":"wp","href":"https:\/\/api.w.org\/{rel}","templated":true}]}}