{"id":742953,"date":"2025-08-28T01:24:09","date_gmt":"2025-08-27T22:24:09","guid":{"rendered":"https:\/\/roveyayinevi.com.tr\/index.php\/urun\/robotlarin-iktidari\/"},"modified":"2026-04-16T02:53:58","modified_gmt":"2026-04-15T23:53:58","slug":"robotlarin-iktidari","status":"publish","type":"product","link":"https:\/\/roveyayinevi.com.tr\/index.php\/urun\/robotlarin-iktidari\/","title":{"rendered":"Robotlar\u0131n \u0130ktidar\u0131"},"content":{"rendered":"<p>\u201cYapay zek\u00e2n\u0131n bug\u00fcn nerede durdu\u011fu, nas\u0131l geli\u015febilece\u011fi ve insan toplumu i\u00e7in olu\u015fturdu\u011fu riskler hakk\u0131nda isabetli, dengeli ve bilgilendirici bir tart\u0131\u015fma\u2026\u201d\u2014Stuart Russell\u201c\u0130ster yapay zek\u00e2 alan\u0131yla ilgilenin ister bu alan\u0131n \u015fimdilik d\u0131\u015f\u0131nda olun, Martin Ford\u2019un net ve ele\u015ftirel bak\u0131\u015f a\u00e7\u0131s\u0131yla \u00e7ok \u015fey \u00f6\u011freneceksiniz.\u201d\u2014James Manyika\u201cBug\u00fcn yapay zek\u00e2dan daha \u00f6nemli bir teknoloji yok. Martin Ford, iyi ara\u015ft\u0131r\u0131lm\u0131\u015f detaylarla bezeli s\u00fcr\u00fckleyici kitab\u0131nda bu \u00f6nemli konu hakk\u0131nda net i\u00e7g\u00f6r\u00fcler ve g\u00f6zlemler sunma gelene\u011fini s\u00fcrd\u00fcr\u00fcyor.\u201d\u2014Erik Brynjolfsson New York Times \u00e7oksatan kitab\u0131 Robotlar\u0131n Y\u00fckseli\u015fi\u2019nin yazar\u0131ndan, yapay zek\u00e2 hayatlar\u0131m\u0131z\u0131 ele ge\u00e7irdi\u011finde neler ya\u015fanaca\u011f\u0131 hususunda \u00e7ok yak\u0131n gelece\u011fe dair \u00e7arp\u0131c\u0131 bir \u00e7al\u0131\u015fma\u2026 Yapay zek\u00e2, doktorlar\u0131n hastal\u0131\u011f\u0131 te\u015fhis etme bi\u00e7iminden arkada\u015flar\u0131n\u0131zla nas\u0131l etkile\u015fim kurdu\u011funuza veya haberleri nas\u0131l okudu\u011funuza kadar her \u015feyi \u00e7oktan de\u011fi\u015ftirdi. Ancak Robotlar\u0131n \u0130ktidar\u0131\u2019nda Martin Ford, ger\u00e7ek devrimin hen\u00fcz ger\u00e7ekle\u015fmedi\u011fini savunuyor. Nas\u0131l ki bir zamanlar elektrik hayat\u0131m\u0131za girdi ve \u00f6nemli bir par\u00e7am\u0131z h\u00e2line geldiyse, yak\u0131n gelecekte yapay zek\u00e2 da b\u00f6ylesi bir etkiye sahip olacak. Makineler geliyor ve durmayacaklar; yirmi birinci y\u00fczy\u0131lda geli\u015fmek istiyorsak her birimizin bunun ne anlama geldi\u011fini bilmesi gerekiyor. \u00dcstelik ekonomiden t\u0131bba, end\u00fcstriden toplumsal ili\u015fkilere her alanda hayat\u0131m\u0131z\u0131 kolayla\u015ft\u0131ran geli\u015fmelerin kap\u0131s\u0131n\u0131 aralayan yapay zek\u00e2n\u0131n bir de karanl\u0131k taraf\u0131 var: Beraberinde getirdi\u011fi emsalsiz zorluklar ve tehlikeler i\u015flerimizi, ekonomiyi, ki\u015fisel gizlilik ve g\u00fcvenli\u011fimizi, belki de en nihayetinde demokratik sistemi, hatta ve hatta uygarl\u0131\u011f\u0131n ta kendisini etkileyecek. Peki, biz yapay zek\u00e2n\u0131n hayat\u0131m\u0131z\u0131 d\u00f6n\u00fc\u015ft\u00fcrme g\u00fcc\u00fcne ve olas\u0131 olumsuz etkilerine ne kadar haz\u0131r\u0131z? Robotlar\u0131n \u0130ktidar\u0131; yan\u0131 ba\u015f\u0131m\u0131zdaki devrimi nas\u0131l ele alaca\u011f\u0131m\u0131za, abart\u0131l\u0131 beyanlarla sansasyonu ger\u00e7ekten nas\u0131l ay\u0131raca\u011f\u0131m\u0131za, ellerimizle yaratt\u0131\u011f\u0131m\u0131z gelecekte gerek bireyler gerekse toplumlar olarak nas\u0131l kalk\u0131naca\u011f\u0131m\u0131za dair \u00f6nemli bir k\u0131lavuz&#8230; <\/p>\n","protected":false},"excerpt":{"rendered":"<p>\u201cYapay zek\u00e2n\u0131n bug\u00fcn nerede durdu\u011fu, nas\u0131l geli\u015febilece\u011fi ve insan toplumu i\u00e7in olu\u015fturdu\u011fu riskler hakk\u0131nda isabetli, dengeli ve bilgilendirici bir tart\u0131\u015fma\u2026\u201d\u2014Stuart Russell\u201c\u0130ster yapay zek\u00e2 alan\u0131yla ilgilenin ister<span class=\"excerpt-hellip\"> [\u2026]<\/span><\/p>\n","protected":false},"featured_media":0,"template":"","meta":{"_monsterinsights_skip_tracking":false,"_monsterinsights_sitenote_active":false,"_monsterinsights_sitenote_note":"","_monsterinsights_sitenote_category":0},"product_brand":[],"product_cat":[13043,17647],"product_tag":[],"class_list":{"0":"post-742953","1":"product","2":"type-product","3":"status-publish","5":"product_cat-ekonomi","6":"product_cat-is-dunyasi","7":"pa_cilt-ciltsiz","8":"pa_tur-kitap","9":"pa_yayinevi-kronik-kitap","10":"pa_yazar-martin-ford","12":"first","13":"instock","14":"sale","15":"shipping-taxable","16":"purchasable","17":"product-type-simple"},"_links":{"self":[{"href":"https:\/\/roveyayinevi.com.tr\/index.php\/wp-json\/wp\/v2\/product\/742953","targetHints":{"allow":["GET"]}}],"collection":[{"href":"https:\/\/roveyayinevi.com.tr\/index.php\/wp-json\/wp\/v2\/product"}],"about":[{"href":"https:\/\/roveyayinevi.com.tr\/index.php\/wp-json\/wp\/v2\/types\/product"}],"wp:attachment":[{"href":"https:\/\/roveyayinevi.com.tr\/index.php\/wp-json\/wp\/v2\/media?parent=742953"}],"wp:term":[{"taxonomy":"product_brand","embeddable":true,"href":"https:\/\/roveyayinevi.com.tr\/index.php\/wp-json\/wp\/v2\/product_brand?post=742953"},{"taxonomy":"product_cat","embeddable":true,"href":"https:\/\/roveyayinevi.com.tr\/index.php\/wp-json\/wp\/v2\/product_cat?post=742953"},{"taxonomy":"product_tag","embeddable":true,"href":"https:\/\/roveyayinevi.com.tr\/index.php\/wp-json\/wp\/v2\/product_tag?post=742953"}],"curies":[{"name":"wp","href":"https:\/\/api.w.org\/{rel}","templated":true}]}}