{"id":742952,"date":"2025-08-28T01:24:08","date_gmt":"2025-08-27T22:24:08","guid":{"rendered":"https:\/\/roveyayinevi.com.tr\/index.php\/urun\/birinci-dunya-savasinda-osmanli-istihbarati\/"},"modified":"2026-04-16T02:53:58","modified_gmt":"2026-04-15T23:53:58","slug":"birinci-dunya-savasinda-osmanli-istihbarati","status":"publish","type":"product","link":"https:\/\/roveyayinevi.com.tr\/index.php\/urun\/birinci-dunya-savasinda-osmanli-istihbarati\/","title":{"rendered":"Birinci D\u00fcnya Sava\u015f\u0131\u2019nda Osmanl\u0131 \u0130stihbarat\u0131"},"content":{"rendered":"<p>Birinci D\u00fcnya Sava\u015f\u0131\u2019nda Osmanl\u0131 istihbarat\u0131 nas\u0131l i\u015fledi? M\u0131s\u0131r, Filistin, Suriye ve Irak cephelerinde hangi istihbarat operasyonlar\u0131 y\u00fcr\u00fct\u00fcld\u00fc? Kafkas ve \u00c7anakkale cephelerinde Osmanl\u0131 casuslar\u0131n\u0131n edindi\u011fi bilgiler asker\u00ee harek\u00e2tlar\u0131 nas\u0131l etkiledi? Yurt i\u00e7inde ger\u00e7ekle\u015ftirilecek suikast ve ter\u00f6r eylemleri nas\u0131l tespit edildi ve etkisiz h\u00e2le getirildi? Sava\u015f s\u0131ras\u0131nda d\u00fc\u015fmanlar\u0131n gizli planlar\u0131, Osmanl\u0131 casuslar\u0131 taraf\u0131ndan nas\u0131l a\u00e7\u0131\u011fa \u00e7\u0131kar\u0131ld\u0131 ve bunlara kar\u015f\u0131 hangi tedbirler al\u0131nd\u0131? T\u00fcm bu sorular\u0131n ve daha fazlas\u0131n\u0131n cevab\u0131, Birinci D\u00fcnya Sava\u015f\u0131\u2019nda Osmanl\u0131 \u0130stihbarat\u0131: \u0130kinci \u015eube Tarihi\u2019nde! Osmanl\u0131 Devleti, on dokuzuncu y\u00fczy\u0131l\u0131n sonlar\u0131ndan itibaren d\u00fcnyadaki geli\u015fmeler do\u011frultusunda ordusunu ve istihbarat sistemini modernle\u015ftirmi\u015ftir. Balkanlar\u2019da al\u0131nan yenilgiler, Bab\u0131ali Bask\u0131n\u0131, Birinci D\u00fcnya Sava\u015f\u0131 seferberli\u011fi ve s\u0131k\u0131y\u00f6netimin ilan\u0131yla, kamuoyunda ordunun tek kurtulu\u015f kayna\u011f\u0131 oldu\u011fu fikrinin destek g\u00f6rmesi sa\u011flanm\u0131\u015f ve Harbiye Nezareti\u2019nin g\u00fcc\u00fc ve istihbarat operasyonlar\u0131n\u0131n yo\u011funlu\u011fu art\u0131r\u0131lm\u0131\u015ft\u0131r. \u0130stihbarat faaliyetlerini icra eden \u0130kinci \u015eube ise kurumsal yetkilerinin geni\u015flemesiyle, kamuoyunun y\u00f6nlendirilmesinden casusluk faaliyetlerine, kar\u015f\u0131 casusluk faaliyetlerinden cephelerde d\u00fc\u015fmanlara kar\u015f\u0131 bilgi toplamaya kadar \u00e7ok geni\u015f bir sahada operasyonlar y\u00fcr\u00fctm\u00fc\u015ft\u00fcr. Osmanl\u0131 casuslar\u0131, Birinci D\u00fcnya Sava\u015f\u0131 s\u0131ras\u0131ndaki stratejik asker\u00ee istihbaratla ilgili misyonlarda d\u00fc\u015fman ve m\u00fcttefik devletlerin ekonomik, sosyal ve siyasi ko\u015fullar\u0131na odaklanarak sava\u015f stratejisinin y\u00fcr\u00fct\u00fclmesine katk\u0131da bulunmu\u015ftur. Asker\u00ee operasyonlar\u0131n siyasi ama\u00e7lar\u0131 ve ayr\u0131ca hedef ordular\u0131n kapasitesi ve organizasyonu hakk\u0131nda bilgiler toplam\u0131\u015ft\u0131r. Operasyonel seviyede toplad\u0131klar\u0131 istihbarat ise di\u011fer ordular\u0131n seferberlik kapasiteleri, d\u00fczeni, komuta heyeti, konu\u015flanmas\u0131, ia\u015fesi vb. hususlarda di\u011fer askeri birimlere gerekli planlaman\u0131n yap\u0131lmas\u0131 i\u00e7in bilgi sa\u011flam\u0131\u015ft\u0131r. T\u00fcm bu asker\u00ee operasyonlar\u0131n yan\u0131 s\u0131ra \u0130kinci \u015eube \u00f6zellikle, Osmanl\u0131 toplumunun d\u00f6n\u00fc\u015f\u00fcm\u00fcnde propaganda ve sans\u00fcr faaliyetleriyle rol oynam\u0131\u015f, sava\u015f s\u0131ras\u0131nda T\u00fcrk milliyet\u00e7ili\u011fini canland\u0131rmak ve halk deste\u011fini kanalize etme ad\u0131na bir\u00e7ok dergi ve gazeteyi kontrol etmi\u015f; yazar, \u015fair, vaiz ve ressam gibi \u00e7e\u015fitli meslek gruplar\u0131ndan yararlanarak mill\u00ee duygular\u0131 diri tutmak ad\u0131na faaliyetlerde bulunmu\u015ftur. Somer Alp \u015eim\u015feker\u2019in titiz \u00e7al\u0131\u015fmas\u0131 Birinci D\u00fcnya Sava\u015f\u0131\u2019nda Osmanl\u0131 \u0130stihbarat\u0131: \u0130kinci \u015eube Tarihi, Osmanl\u0131 Devleti\u2019nin modern d\u00f6nemdeki istihbarat faaliyetlerini \u0130kinci \u015eube penceresinden inceliyor. <\/p>\n","protected":false},"excerpt":{"rendered":"<p>Birinci D\u00fcnya Sava\u015f\u0131\u2019nda Osmanl\u0131 istihbarat\u0131 nas\u0131l i\u015fledi? M\u0131s\u0131r, Filistin, Suriye ve Irak cephelerinde hangi istihbarat operasyonlar\u0131 y\u00fcr\u00fct\u00fcld\u00fc? Kafkas ve \u00c7anakkale cephelerinde Osmanl\u0131 casuslar\u0131n\u0131n edindi\u011fi bilgiler asker\u00ee<span class=\"excerpt-hellip\"> [\u2026]<\/span><\/p>\n","protected":false},"featured_media":0,"template":"","meta":{"_monsterinsights_skip_tracking":false,"_monsterinsights_sitenote_active":false,"_monsterinsights_sitenote_note":"","_monsterinsights_sitenote_category":0},"product_brand":[],"product_cat":[12304,13493],"product_tag":[],"class_list":{"0":"post-742952","1":"product","2":"type-product","3":"status-publish","5":"product_cat-tarih","6":"product_cat-turkiye-ve-cumhuriyet-tarihi","7":"pa_cilt-ciltsiz","8":"pa_tur-kitap","9":"pa_yayinevi-kronik-kitap","10":"pa_yazar-somer-alp-simseker","12":"first","13":"instock","14":"sale","15":"shipping-taxable","16":"purchasable","17":"product-type-simple"},"_links":{"self":[{"href":"https:\/\/roveyayinevi.com.tr\/index.php\/wp-json\/wp\/v2\/product\/742952","targetHints":{"allow":["GET"]}}],"collection":[{"href":"https:\/\/roveyayinevi.com.tr\/index.php\/wp-json\/wp\/v2\/product"}],"about":[{"href":"https:\/\/roveyayinevi.com.tr\/index.php\/wp-json\/wp\/v2\/types\/product"}],"wp:attachment":[{"href":"https:\/\/roveyayinevi.com.tr\/index.php\/wp-json\/wp\/v2\/media?parent=742952"}],"wp:term":[{"taxonomy":"product_brand","embeddable":true,"href":"https:\/\/roveyayinevi.com.tr\/index.php\/wp-json\/wp\/v2\/product_brand?post=742952"},{"taxonomy":"product_cat","embeddable":true,"href":"https:\/\/roveyayinevi.com.tr\/index.php\/wp-json\/wp\/v2\/product_cat?post=742952"},{"taxonomy":"product_tag","embeddable":true,"href":"https:\/\/roveyayinevi.com.tr\/index.php\/wp-json\/wp\/v2\/product_tag?post=742952"}],"curies":[{"name":"wp","href":"https:\/\/api.w.org\/{rel}","templated":true}]}}