{"id":742951,"date":"2025-08-28T01:24:07","date_gmt":"2025-08-27T22:24:07","guid":{"rendered":"https:\/\/roveyayinevi.com.tr\/index.php\/urun\/yuz-yil-savaslari-2\/"},"modified":"2026-04-16T02:53:58","modified_gmt":"2026-04-15T23:53:58","slug":"yuz-yil-savaslari-2","status":"publish","type":"product","link":"https:\/\/roveyayinevi.com.tr\/index.php\/urun\/yuz-yil-savaslari-2\/","title":{"rendered":"Y\u00fcz Y\u0131l Sava\u015flar\u0131"},"content":{"rendered":"<p>Veban\u0131n Orta \u00c7a\u011f Avrupas\u0131\u2019n\u0131 kas\u0131p kavurdu\u011fu y\u0131llarda krall\u0131klar ve derebeylikler iktidar m\u00fccadeleleri i\u00e7erisindeydi. Bir yandan hastal\u0131ktan korunmaya ve zararlar\u0131 dindirilmeye \u00e7abalan\u0131rken, do\u011fudan y\u00fckselen yeni bir g\u00fc\u00e7 ise Avrupa\u2019y\u0131 tehdide ba\u015flam\u0131\u015ft\u0131. Belirsizliklerin ortas\u0131nda \u0130ngiliz kral\u0131 III. Edward 1337 y\u0131l\u0131nda Fransa taht\u0131nda hak ilan etti. Sonucun hemen al\u0131naca\u011f\u0131 d\u00fc\u015f\u00fcn\u00fcl\u00fcyordu ancak bir y\u00fczy\u0131ldan fazla s\u00fcrecek bir m\u00fccadelenin fitili ate\u015flenmi\u015fti.   Sald\u0131r\u0131y\u0131 ba\u015flatan \u0130ngiliz ordular\u0131 1340\u2019ta Sluys\u2019ta Frans\u0131zlar\u0131 yendi ve bu andan itibaren, Frans\u0131zlar\u0131n yeniden uyan\u0131p i\u015fgalcileri Man\u015f Denizi\u2019nin \u00f6tesine geri s\u00fcrd\u00fc\u011f\u00fc 1453 y\u0131l\u0131na kadar Fransa bir sava\u015f meydan\u0131na d\u00f6nd\u00fc. \u0130ngiliz Anjou ile Frans\u0131z Valois hanedanlar\u0131 aras\u0131ndaki uzun s\u00fcren m\u00fccadele \u00e7ok \u00f6nemli a\u015famalar ge\u00e7irdi. G\u00fc\u00e7l\u00fc yeni mill\u00ee kimliklerin olu\u015fmas\u0131na yol a\u00e7arak modern Avrupa\u2019n\u0131n ortaya \u00e7\u0131k\u0131\u015f\u0131 ve \u015fekillenmesinde \u00e7ok \u00f6nemli bir role sahip oldu.   Michael Prestwich, k\u0131sa ve derinlikli bir \u015fekilde kurgulad\u0131\u011f\u0131 elinizdeki kitapta sava\u015fan ordular\u0131n yap\u0131s\u0131 ve geli\u015fimini, de\u011fi\u015fken sava\u015f taktiklerini, arka planda d\u00f6nen diplomasiyi, geli\u015fen \u015f\u00f6valyeli\u011fi ve her iki taraf\u0131n kazan\u00e7 ve kay\u0131plar\u0131n\u0131 ayd\u0131nlat\u0131c\u0131 \u015fekilde sunuyor. Yak\u0131n tarihli akademik \u00e7al\u0131\u015fmalardan hareketle bu uzun sava\u015fa dair lojistik, askerlerin se\u00e7imi ve orduya al\u0131nmalar\u0131, nakliye gibi y\u00f6nler de inceleniyor. Asker\u00ee te\u015fkilatlanma, strateji ve taktiklerin g\u00fcncel analizini yapan ve ayr\u0131ca \u0130ngiliz ok\u00e7ulu\u011funun \u00f6l\u00fcmc\u00fcl g\u00fcc\u00fcn\u00fc a\u00e7\u0131klayan Prestwich, sava\u015f\u0131 kapsaml\u0131 bir \u015fekilde anlat\u0131yor. Kitapta d\u00fcnya tarihinin en uzun sava\u015f\u0131n\u0131n gidi\u015fat\u0131n\u0131 belirleyen isimlerden III. Edward, o\u011flu Kara Prens lakapl\u0131 Woodstockl\u0131 Edward, ilk Frans\u0131z zaferlerinin mimar\u0131 Bertrand du Guesclin, \u015f\u00f6valye kahraman\u0131 Jean Boucicaut, Agincourt\u2019ta kaybeden fakat neredeyse Fransa kral\u0131 olmay\u0131 ba\u015faran V. Henry ve Tanr\u0131\u2019dan ilham ald\u0131\u011f\u0131 d\u00fc\u015f\u00fcn\u00fclen ve \u015fehit edilmesiyle Frans\u0131zlara umut kayna\u011f\u0131 olan Orleansl\u0131 Jan Dark yeniden hayat buluyor.   \u00d6nde gelen asker\u00ee tarih\u00e7ilerden Michael Prestwich\u2019in kaleme ald\u0131\u011f\u0131 Y\u00fcz Y\u0131l Sava\u015flar\u0131: Avrupa\u2019y\u0131 \u015eekillendiren \u0130ngiliz-Frans\u0131z M\u00fccadelesi karma\u015f\u0131k bir tarihi ustaca anlatan bir ba\u015fvuru kayna\u011f\u0131. <\/p>\n","protected":false},"excerpt":{"rendered":"<p>Veban\u0131n Orta \u00c7a\u011f Avrupas\u0131\u2019n\u0131 kas\u0131p kavurdu\u011fu y\u0131llarda krall\u0131klar ve derebeylikler iktidar m\u00fccadeleleri i\u00e7erisindeydi. Bir yandan hastal\u0131ktan korunmaya ve zararlar\u0131 dindirilmeye \u00e7abalan\u0131rken, do\u011fudan y\u00fckselen yeni bir g\u00fc\u00e7<span class=\"excerpt-hellip\"> [\u2026]<\/span><\/p>\n","protected":false},"featured_media":0,"template":"","meta":{"_monsterinsights_skip_tracking":false,"_monsterinsights_sitenote_active":false,"_monsterinsights_sitenote_note":"","_monsterinsights_sitenote_category":0},"product_brand":[],"product_cat":[12305,12304],"product_tag":[],"class_list":{"0":"post-742951","1":"product","2":"type-product","3":"status-publish","5":"product_cat-dunya-tarihi","6":"product_cat-tarih","7":"pa_cilt-ciltsiz","8":"pa_tur-kitap","9":"pa_yayinevi-kronik-kitap","10":"pa_yazar-michael-prestwich","12":"first","13":"instock","14":"sale","15":"shipping-taxable","16":"purchasable","17":"product-type-simple"},"_links":{"self":[{"href":"https:\/\/roveyayinevi.com.tr\/index.php\/wp-json\/wp\/v2\/product\/742951","targetHints":{"allow":["GET"]}}],"collection":[{"href":"https:\/\/roveyayinevi.com.tr\/index.php\/wp-json\/wp\/v2\/product"}],"about":[{"href":"https:\/\/roveyayinevi.com.tr\/index.php\/wp-json\/wp\/v2\/types\/product"}],"wp:attachment":[{"href":"https:\/\/roveyayinevi.com.tr\/index.php\/wp-json\/wp\/v2\/media?parent=742951"}],"wp:term":[{"taxonomy":"product_brand","embeddable":true,"href":"https:\/\/roveyayinevi.com.tr\/index.php\/wp-json\/wp\/v2\/product_brand?post=742951"},{"taxonomy":"product_cat","embeddable":true,"href":"https:\/\/roveyayinevi.com.tr\/index.php\/wp-json\/wp\/v2\/product_cat?post=742951"},{"taxonomy":"product_tag","embeddable":true,"href":"https:\/\/roveyayinevi.com.tr\/index.php\/wp-json\/wp\/v2\/product_tag?post=742951"}],"curies":[{"name":"wp","href":"https:\/\/api.w.org\/{rel}","templated":true}]}}