{"id":742947,"date":"2025-08-28T01:24:04","date_gmt":"2025-08-27T22:24:04","guid":{"rendered":"https:\/\/roveyayinevi.com.tr\/index.php\/urun\/kisa-osmanli-tarihi\/"},"modified":"2026-04-16T02:53:58","modified_gmt":"2026-04-15T23:53:58","slug":"kisa-osmanli-tarihi","status":"publish","type":"product","link":"https:\/\/roveyayinevi.com.tr\/index.php\/urun\/kisa-osmanli-tarihi\/","title":{"rendered":"K\u0131sa Osmanl\u0131 Tarihi"},"content":{"rendered":"<p>Hayat\u0131n\u0131 Osmanl\u0131 tarihi \u00fczerine ara\u015ft\u0131rmalara adam\u0131\u015f, kitaplar ve makaleler yazm\u0131\u015f, T\u00fcrkiye\u2019de ve d\u00fcnyada konferanslar vermi\u015f Halil \u0130nalc\u0131k\u2019\u0131n ders notlar\u0131; pek \u00e7ok y\u00f6nden g\u00fcncelli\u011fini korumakta ve tarih severlere yeni bak\u0131\u015f a\u00e7\u0131lar\u0131 kazand\u0131rmakta, yeni ufuklar a\u00e7maktad\u0131r. \u0130nalc\u0131k, 1942 y\u0131l\u0131nda Ankara \u00dcniversitesi Dil ve Tarih-Co\u011frafya Fak\u00fcltesi\u2019nde ba\u015flad\u0131\u011f\u0131 \u00f6\u011freticili\u011fine, ba\u015fta Chicago ile Bilkent olmak \u00fczere Harvard ve Princeton gibi sayg\u0131n \u00fcniversitelerde de devam etmi\u015ftir. Lisans, Y\u00fcksek Lisans ve Doktora d\u00fczeylerindeki bu derslerde, sonradan meslekta\u015f\u0131 olacak ve Osmanl\u0131 \u00e7al\u0131\u015fmalar\u0131n\u0131 bug\u00fcnk\u00fc konumuna eri\u015ftirecek \u00f6\u011frenciler yeti\u015ftirmi\u015ftir.Elinizdeki \u00e7al\u0131\u015fma \u00fc\u00e7 b\u00f6l\u00fcmden olu\u015fuyor. \u0130lk b\u00f6l\u00fcmde Osmanl\u0131 \u0130mparatorlu\u011fu\u2019ndan T\u00fcrkiye Cumhuriyeti\u2019ne uzanan ku\u015fbak\u0131\u015f\u0131 bir tarih okumas\u0131 sunuluyor, imparatorluk tarihinin ana hatlar\u0131 en pratik bi\u00e7imde aktar\u0131l\u0131yor. \u0130kinci b\u00f6l\u00fcmde yer alan II. Murad (1421-1451), II. Mehmed (1451-1481) ve II. Bayezid (1481-1512) d\u00f6nemlerindeki askeri ve siyasi geli\u015fmeler, klasik d\u00f6nemdeki vergilendirme, askerlik i\u015fleri, b\u00fct\u00e7e harcamalar\u0131 gibi derinlikli meseleler, \u0130nalc\u0131k\u2019\u0131n son derece sade \u00fcslubuyla kolay bi\u00e7imde anla\u015f\u0131l\u0131yor. Son b\u00f6l\u00fcmde ise Timur\u2019a, kurdu\u011fu imparatorlu\u011fa ve devrin medeniyetine dair hem h\u0131zla okunabilen hem de olduk\u00e7a doyurucu bir kar\u015f\u0131la\u015ft\u0131rma yer al\u0131yor.K\u0131sa Osmanl\u0131 Tarihi: Osmanl\u0131 Tarihi\u2019ne Ku\u015fbak\u0131\u015f\u0131; hakimiyeti as\u0131rlar s\u00fcren bir imparatorlu\u011fu siyasi, asker\u00ee ve iktisad\u00ee a\u00e7\u0131dan \u00e7ok daha anla\u015f\u0131l\u0131r h\u00e2le getiren bir ba\u015fucu eseri. <\/p>\n","protected":false},"excerpt":{"rendered":"<p>Hayat\u0131n\u0131 Osmanl\u0131 tarihi \u00fczerine ara\u015ft\u0131rmalara adam\u0131\u015f, kitaplar ve makaleler yazm\u0131\u015f, T\u00fcrkiye\u2019de ve d\u00fcnyada konferanslar vermi\u015f Halil \u0130nalc\u0131k\u2019\u0131n ders notlar\u0131; pek \u00e7ok y\u00f6nden g\u00fcncelli\u011fini korumakta ve tarih<span class=\"excerpt-hellip\"> [\u2026]<\/span><\/p>\n","protected":false},"featured_media":0,"template":"","meta":{"_monsterinsights_skip_tracking":false,"_monsterinsights_sitenote_active":false,"_monsterinsights_sitenote_note":"","_monsterinsights_sitenote_category":0},"product_brand":[],"product_cat":[13517,12304],"product_tag":[],"class_list":{"0":"post-742947","1":"product","2":"type-product","3":"status-publish","5":"product_cat-osmanli-tarihi","6":"product_cat-tarih","7":"pa_cilt-ciltsiz","8":"pa_tur-kitap","9":"pa_yayinevi-kronik-kitap","10":"pa_yazar-halil-inalcik","12":"first","13":"instock","14":"sale","15":"shipping-taxable","16":"purchasable","17":"product-type-simple"},"_links":{"self":[{"href":"https:\/\/roveyayinevi.com.tr\/index.php\/wp-json\/wp\/v2\/product\/742947","targetHints":{"allow":["GET"]}}],"collection":[{"href":"https:\/\/roveyayinevi.com.tr\/index.php\/wp-json\/wp\/v2\/product"}],"about":[{"href":"https:\/\/roveyayinevi.com.tr\/index.php\/wp-json\/wp\/v2\/types\/product"}],"wp:attachment":[{"href":"https:\/\/roveyayinevi.com.tr\/index.php\/wp-json\/wp\/v2\/media?parent=742947"}],"wp:term":[{"taxonomy":"product_brand","embeddable":true,"href":"https:\/\/roveyayinevi.com.tr\/index.php\/wp-json\/wp\/v2\/product_brand?post=742947"},{"taxonomy":"product_cat","embeddable":true,"href":"https:\/\/roveyayinevi.com.tr\/index.php\/wp-json\/wp\/v2\/product_cat?post=742947"},{"taxonomy":"product_tag","embeddable":true,"href":"https:\/\/roveyayinevi.com.tr\/index.php\/wp-json\/wp\/v2\/product_tag?post=742947"}],"curies":[{"name":"wp","href":"https:\/\/api.w.org\/{rel}","templated":true}]}}