{"id":742946,"date":"2025-08-28T01:24:03","date_gmt":"2025-08-27T22:24:03","guid":{"rendered":"https:\/\/roveyayinevi.com.tr\/index.php\/urun\/turkiyede-sinemanin-tarihi\/"},"modified":"2026-04-16T02:53:58","modified_gmt":"2026-04-15T23:53:58","slug":"turkiyede-sinemanin-tarihi","status":"publish","type":"product","link":"https:\/\/roveyayinevi.com.tr\/index.php\/urun\/turkiyede-sinemanin-tarihi\/","title":{"rendered":"T\u00fcrkiye&#8217;de Sineman\u0131n Tarihi"},"content":{"rendered":"<p>\u201cUluslararas\u0131 sanat filmlerinden pop\u00fcler T\u00fcrk sinemas\u0131na, tapon filmlerden y\u00fcksek sanat filmlerine, feminizm ve auteur kuramlar\u0131ndan \u015earkiyat\u00e7\u0131l\u0131\u011fa, erotik yap\u0131mlardan melodrama, Sessiz D\u00f6nem\u2019den yeni medyaya dek, referanslar\u0131yla zengin, anlay\u0131\u015f\u0131yla derin ve analizleriyle net bir kitap.\u201d RONALD GREEN, Ohio State University   \u201cSava\u015f Arslan\u2019\u0131n T\u00fcrkiye\u2019de sinema gelene\u011fi \u00fczerine yepyeni fikirlerle dolu kitab\u0131, pop\u00fcler sinema ve sanat sinemas\u0131 aras\u0131nda verimli bir uzla\u015f\u0131 sa\u011fl\u0131yor. T\u00fcr meseleleri, alternatif k\u00fclt\u00fcrel co\u011frafyalar, k\u00fclt\u00fcrler aras\u0131 adaptasyon ve ulusa\u015f\u0131r\u0131 sinema tarih\u00e7ili\u011fi \u00fczerine kavray\u0131\u015flar sunuyor. Ayr\u0131ca, Bat\u0131 anlat\u0131lar\u0131yla bu anlat\u0131lar\u0131n modernle\u015fen \u00e7eperler taraf\u0131ndan sahiplenilmesi aras\u0131ndaki ili\u015fkiyi ba\u015far\u0131l\u0131 bir \u015fekilde ele al\u0131yor.\u201d DINA IORDANOVA, University of St. Andrews Bug\u00fcne kadar \u00e7ekilen 8.000\u2019den fazla filmle T\u00fcrkiye, d\u00fcnyada en \u00e7ok film \u00fcretmi\u015f \u00fclkelerden biridir. Bu \u00fcretken sineman\u0131n ele\u015ftirel bir tarihi olan T\u00fcrkiye\u2019de Sineman\u0131n Tarihi, hem pop\u00fcler t\u00fcrleri hem de sanat filmlerini ele alarak, 1896\u2019dan g\u00fcn\u00fcm\u00fcze \u00fclkenin sinema gelene\u011fini b\u00fct\u00fcn\u00fcyle ortaya seriyor. Sadece filmler de\u011fil, \u00fclkenin kendisine has da\u011f\u0131t\u0131m sistemi ve izleme pratiklerini de t\u00fcm ilgin\u00e7 y\u00f6nleriyle resmediyor. Kitapta Ye\u015fil\u00e7am, Sava\u015f Arslan\u2019\u0131n \u00f6nerdi\u011fi yeni bir d\u00f6nemle\u015ftirmeyle, 1950\u2019lerden 1980\u2019lerin sonuna kadar T\u00fcrkiye\u2019nin pop\u00fcler film end\u00fcstrisi olarak \u00fclke sinemas\u0131n\u0131n zirvesinde ve merkezinde. Ba\u015flang\u0131\u00e7tan 1940\u2019lar\u0131n sonuna dek s\u00fcren Ye\u015fil\u00e7am \u00d6ncesi d\u00f6nem, Cumhuriyet dinamikleriyle i\u00e7 i\u00e7e serimleniyor. 1990&#8217;lardan bu yana Ye\u015fil\u00e7am Sonras\u0131 evrende \u015fekillenen son d\u00f6nemin \u00f6ne \u00e7\u0131kan olgular\u0131ysa sinemada \u201cyeni\u201d tart\u0131\u015fmalar\u0131 ve dijitalle\u015fme. G\u00fcn\u00fcm\u00fcz\u00fcn gitgide \u00e7o\u011fulla\u015fan ve geni\u015fleyen sinemasal manzaras\u0131, kitap boyunca oldu\u011fu gibi, \u00fclke ve d\u00fcnyan\u0131n \u201chakikatleriyle\u201d paralel olarak ortaya konuyor. 200 y\u0131l\u0131 a\u015fan modernle\u015fme tecr\u00fcbesi, ulus in\u015fas\u0131 s\u00fcre\u00e7leri, asker\u00ee darbeler, g\u00f6\u00e7, krizler, deval\u00fcasyonlar, k\u00fcreselle\u015fme, din\u00ee ve etnik hareketlerle Karag\u00f6z, minyat\u00fcr ve hik\u00e2yeden modern sanatsal formlara ge\u00e7i\u015f gibi b\u00fct\u00fcn sosyoekonomik, k\u00fclt\u00fcrel ve politik ba\u011flamlar sinemayla ili\u015fkilendiriliyor. \u201cK\u0131yamet gibi hakikat\u201d i\u00e7eren T\u00fcrkiye\u2019de Sineman\u0131n Tarihi, hayalle ger\u00e7e\u011fin, pop\u00fclerle sanatsal\u0131n, zorlamayla kendili\u011finden olan\u0131n bir arada varolu\u015funu ele\u015ftirel bir yordamla anlama ve anlatma y\u00f6n\u00fcnde bir milat de\u011ferinde. <\/p>\n","protected":false},"excerpt":{"rendered":"<p>\u201cUluslararas\u0131 sanat filmlerinden pop\u00fcler T\u00fcrk sinemas\u0131na, tapon filmlerden y\u00fcksek sanat filmlerine, feminizm ve auteur kuramlar\u0131ndan \u015earkiyat\u00e7\u0131l\u0131\u011fa, erotik yap\u0131mlardan melodrama, Sessiz D\u00f6nem\u2019den yeni medyaya dek, referanslar\u0131yla zengin,<span class=\"excerpt-hellip\"> [\u2026]<\/span><\/p>\n","protected":false},"featured_media":0,"template":"","meta":{"_monsterinsights_skip_tracking":false,"_monsterinsights_sitenote_active":false,"_monsterinsights_sitenote_note":"","_monsterinsights_sitenote_category":0},"product_brand":[],"product_cat":[12409,12408],"product_tag":[],"class_list":{"0":"post-742946","1":"product","2":"type-product","3":"status-publish","5":"product_cat-fotograf-sinema-tiyatro","6":"product_cat-sanat","7":"pa_cilt-ciltsiz","8":"pa_tur-kitap","9":"pa_yayinevi-kronik-kitap","10":"pa_yazar-savas-arslan","12":"first","13":"instock","14":"sale","15":"shipping-taxable","16":"purchasable","17":"product-type-simple"},"_links":{"self":[{"href":"https:\/\/roveyayinevi.com.tr\/index.php\/wp-json\/wp\/v2\/product\/742946","targetHints":{"allow":["GET"]}}],"collection":[{"href":"https:\/\/roveyayinevi.com.tr\/index.php\/wp-json\/wp\/v2\/product"}],"about":[{"href":"https:\/\/roveyayinevi.com.tr\/index.php\/wp-json\/wp\/v2\/types\/product"}],"wp:attachment":[{"href":"https:\/\/roveyayinevi.com.tr\/index.php\/wp-json\/wp\/v2\/media?parent=742946"}],"wp:term":[{"taxonomy":"product_brand","embeddable":true,"href":"https:\/\/roveyayinevi.com.tr\/index.php\/wp-json\/wp\/v2\/product_brand?post=742946"},{"taxonomy":"product_cat","embeddable":true,"href":"https:\/\/roveyayinevi.com.tr\/index.php\/wp-json\/wp\/v2\/product_cat?post=742946"},{"taxonomy":"product_tag","embeddable":true,"href":"https:\/\/roveyayinevi.com.tr\/index.php\/wp-json\/wp\/v2\/product_tag?post=742946"}],"curies":[{"name":"wp","href":"https:\/\/api.w.org\/{rel}","templated":true}]}}