{"id":742945,"date":"2025-08-28T01:24:02","date_gmt":"2025-08-27T22:24:02","guid":{"rendered":"https:\/\/roveyayinevi.com.tr\/index.php\/urun\/erken-bosalma-ve-taoucu-seks\/"},"modified":"2026-04-16T02:53:58","modified_gmt":"2026-04-15T23:53:58","slug":"erken-bosalma-ve-taoucu-seks","status":"publish","type":"product","link":"https:\/\/roveyayinevi.com.tr\/index.php\/urun\/erken-bosalma-ve-taoucu-seks\/","title":{"rendered":"Erken Bo\u015falma ve Taoucu Seks"},"content":{"rendered":"<p>ERKEN BO\u015eALMA K\u00c2BUSUNUZ OLMASIN! Erken bo\u015falma, \u00e7ok say\u0131da erke\u011fin cinsel ya\u015fam\u0131n\u0131 ve ili\u015fkilerini olumsuz etkileyen \u00e7ok \u00f6zel bir cinsel i\u015flev bozuklu\u011fudur. Ancak \u00e7o\u011fu erkek, bundan nas\u0131l kurtulaca\u011f\u0131n\u0131 ya da nereden ba\u015flayaca\u011f\u0131n\u0131 bilmeden kendini \u00e7aresizli\u011fe mahk\u00fbm eder. Klinik \u00e7al\u0131\u015fmalar\u0131mla uzun y\u0131llard\u0131r biriktirdi\u011fim bilgi ve deneyimlerim sonucunda geli\u015ftirdi\u011fim \u201cMetaSeks Cinsel Terapi\u201d ile erken bo\u015falma sorununun \u00e7\u00f6z\u00fcm s\u00fcrecini her ayr\u0131nt\u0131s\u0131yla anlatt\u0131\u011f\u0131m\u0131z bu kitap, cinsel ya\u015famlar\u0131 k\u00e2busa d\u00f6nen \u00e7iftlere ve onlara yard\u0131mc\u0131 olacak cinsel terapistlere, hekimlere ve ruh sa\u011fl\u0131\u011f\u0131 profesyonellerine ad\u0131m ad\u0131m yard\u0131m edecek bir rehberdir. Psikoterapist &amp; Yazar &amp; E\u011fitmen Cem KE\u00c7E www.cemkece.com.tr   METASEKS C\u0130NSEL TERAP\u0130 ERKEN BO\u015eALMAYA SON VER\u0130YOR! IICPI T\u00fcrkiye E\u015fba\u015fkan\u0131 Psikoterapist Cem Ke\u00e7e\u2019nin, cinsel terapiye entegratif bir bak\u0131\u015f a\u00e7\u0131s\u0131 getirerek geli\u015ftirdi\u011fi \u201cMetaSeks Cinsel Terapi\u201d ile erkeklerde \u00e7ok yayg\u0131n olan cinsel i\u015flev bozukluklar\u0131n\u0131n ba\u015f\u0131nda gelen erken bo\u015falman\u0131n tan\u0131, de\u011ferlendirme ve iyile\u015fme s\u00fcrecinin anlat\u0131ld\u0131\u011f\u0131, cinsel terapi e\u011fitimlerimizde de ders kitab\u0131 olarak kulland\u0131\u011f\u0131m\u0131z bu \u00f6nemli kaynak, hem dan\u0131\u015fanlara sa\u011fl\u0131kl\u0131 bir cinsel ya\u015fam i\u00e7in rehberlik edecek hem de dan\u0131\u015fanlar\u0131n\u0131n cinsel sorunlar\u0131na etkili ve kal\u0131c\u0131 \u00e7\u00f6z\u00fcmler sa\u011flamak i\u00e7in bu alanda \u00e7al\u0131\u015fan uzmanlar\u0131n vazge\u00e7emeyece\u011fi bir el kitab\u0131 olacakt\u0131r. Uluslararas\u0131 Entegratif Kognitif Psikoterapi Enstit\u00fcs\u00fc (IICPI) www.iicpi.org   ERKEN BO\u015eALMA SORUNUNA KANITA DAYALI KES\u0130N \u00c7\u00d6Z\u00dcMLER\u2026 Cinsel terapi alan\u0131nda \u00f6nde gelen uzmanlar taraf\u0131ndan kaleme al\u0131nan bu kitap, erken bo\u015falma sorunu ve bunun yol a\u00e7t\u0131\u011f\u0131 ili\u015fki sorunlar\u0131 i\u00e7in destek almak isteyen erkeklere ve \u00e7iftlere yard\u0131mc\u0131 olacak cinsel terapistlere, hekimlere ve ruh sa\u011fl\u0131\u011f\u0131 profesyonellerine erken bo\u015falma ve tedavisi konusunda yararlanabilecekleri bir kaynak olarak haz\u0131rlanm\u0131\u015ft\u0131r. Erken bo\u015falma sorununun \u201cMetaSeks Cinsel Terapi\u201d ile tedavisinin her y\u00f6n\u00fcyle anlat\u0131ld\u0131\u011f\u0131 bir uygulama k\u0131lavuzu olarak cinsel terapistlerin dan\u0131\u015fanlar\u0131na kal\u0131c\u0131 \u00e7\u00f6z\u00fcmler sunmalar\u0131na yard\u0131mc\u0131 olacakt\u0131r.   Cinsel Sa\u011fl\u0131k Dernekleri Federasyonu (C\u0130SEF) www.cisef.org.tr <\/p>\n","protected":false},"excerpt":{"rendered":"<p>ERKEN BO\u015eALMA K\u00c2BUSUNUZ OLMASIN! Erken bo\u015falma, \u00e7ok say\u0131da erke\u011fin cinsel ya\u015fam\u0131n\u0131 ve ili\u015fkilerini olumsuz etkileyen \u00e7ok \u00f6zel bir cinsel i\u015flev bozuklu\u011fudur. Ancak \u00e7o\u011fu erkek, bundan nas\u0131l<span class=\"excerpt-hellip\"> [\u2026]<\/span><\/p>\n","protected":false},"featured_media":0,"template":"","meta":{"_monsterinsights_skip_tracking":false,"_monsterinsights_sitenote_active":false,"_monsterinsights_sitenote_note":"","_monsterinsights_sitenote_category":0},"product_brand":[],"product_cat":[35288,13365],"product_tag":[],"class_list":{"0":"post-742945","1":"product","2":"type-product","3":"status-publish","5":"product_cat-cinsellik-saglik","6":"product_cat-saglik","7":"pa_cilt-ciltsiz","8":"pa_tur-kitap","9":"pa_yayinevi-pusula-yayinevi-ankara","10":"pa_yazar-kolektif","12":"first","13":"instock","14":"sale","15":"shipping-taxable","16":"purchasable","17":"product-type-simple"},"_links":{"self":[{"href":"https:\/\/roveyayinevi.com.tr\/index.php\/wp-json\/wp\/v2\/product\/742945","targetHints":{"allow":["GET"]}}],"collection":[{"href":"https:\/\/roveyayinevi.com.tr\/index.php\/wp-json\/wp\/v2\/product"}],"about":[{"href":"https:\/\/roveyayinevi.com.tr\/index.php\/wp-json\/wp\/v2\/types\/product"}],"wp:attachment":[{"href":"https:\/\/roveyayinevi.com.tr\/index.php\/wp-json\/wp\/v2\/media?parent=742945"}],"wp:term":[{"taxonomy":"product_brand","embeddable":true,"href":"https:\/\/roveyayinevi.com.tr\/index.php\/wp-json\/wp\/v2\/product_brand?post=742945"},{"taxonomy":"product_cat","embeddable":true,"href":"https:\/\/roveyayinevi.com.tr\/index.php\/wp-json\/wp\/v2\/product_cat?post=742945"},{"taxonomy":"product_tag","embeddable":true,"href":"https:\/\/roveyayinevi.com.tr\/index.php\/wp-json\/wp\/v2\/product_tag?post=742945"}],"curies":[{"name":"wp","href":"https:\/\/api.w.org\/{rel}","templated":true}]}}