{"id":742944,"date":"2025-08-28T01:24:01","date_gmt":"2025-08-27T22:24:01","guid":{"rendered":"https:\/\/roveyayinevi.com.tr\/index.php\/urun\/erkek-cinselligi-ve-erkek-cinsel-islev-bozukluklari\/"},"modified":"2026-04-16T02:53:58","modified_gmt":"2026-04-15T23:53:58","slug":"erkek-cinselligi-ve-erkek-cinsel-islev-bozukluklari","status":"publish","type":"product","link":"https:\/\/roveyayinevi.com.tr\/index.php\/urun\/erkek-cinselligi-ve-erkek-cinsel-islev-bozukluklari\/","title":{"rendered":"Erkek Cinselli\u011fi ve Erkek Cinsel \u0130\u015flev Bozukluklar\u0131"},"content":{"rendered":"<p>ERKEK C\u0130NSEL \u0130\u015eLEV BOZUKLUKLARININ B\u0130L\u0130MSEL TEDAV\u0130S\u0130\u2026 Biyolojik, psikolojik ve sosyal fakt\u00f6rlerin \u00fcr\u00fcn\u00fc olan cinsellik ya\u015fam\u0131n her y\u00f6n\u00fcyle i\u00e7 i\u00e7e ge\u00e7ti\u011fi i\u00e7in cinsel sorunlar t\u00fcm ya\u015fam\u0131 etkiler. Bu y\u00fczden de cinsel i\u015flev bozukluklar\u0131n\u0131n tedavisinde, soruna neden olan t\u00fcm fakt\u00f6rleri entegratif bir bak\u0131\u015f a\u00e7\u0131s\u0131yla ele alan ve bilimsel veriler \u0131\u015f\u0131\u011f\u0131nda \u00e7\u00f6z\u00fcm geli\u015ftiren bir yakla\u015f\u0131ma ihtiya\u00e7 vard\u0131r. \u201cMetaSeks Cinsel Terapi\u201d  yenilik\u00e7i bir model olarak bu ihtiyaca son derece etkili ve g\u00fcvenilir bir \u015fekilde cevap verecek, dan\u0131\u015fanlar\u0131n\u0131n cinsel i\u015flevlerini ve ya\u015fam kalitelerini iyile\u015ftirme \u00e7abalar\u0131nda terapistlerin yol g\u00f6stericisi olacakt\u0131r.  Psikoterapist &amp; Yazar &amp; E\u011fitmen Dr. Cem KE\u00c7E www.cemkece.com.tr   ERKEK C\u0130NSEL \u0130\u015eLEV BOZUKLUKLARININ TEDAV\u0130S\u0130NDE YETK\u0130N B\u0130R REHBER\u2026 \u201cErkek Cinselli\u011fi ve Erkek Cinsel \u0130\u015flev Bozukluklar\u0131\u201d, erkek cinselli\u011fine, eril enerji olan animusa ve erkek cinsel i\u015flev bozukluklar\u0131na kadim do\u011fu \u00f6\u011fretilerinden bize miras kalan fiziksel beden, eterik beden, ruhsal beden, duygusal beden ve zihinsel beden olmak \u00fczere be\u015f beden teorisi ile yakla\u015f\u0131yor ve kapsaml\u0131 bir cinsel terapi yol haritas\u0131 sunuyor. Bu muhte\u015fem kitap, IICPI T\u00fcrkiye E\u015fba\u015fkan\u0131 Psikoterapist Cem Ke\u00e7e\u2019nin, cinsel terapiye entegratif bir bak\u0131\u015f a\u00e7\u0131s\u0131 getirerek geli\u015ftirdi\u011fi cinsel sa\u011fl\u0131k alan\u0131na \u00e7ok \u00f6nemli bir katk\u0131 olan \u201cMetaSeks Cinsel Terapi\u201d ile erkek cinselli\u011fi ve her ya\u015ftan erke\u011fin hayatlar\u0131n\u0131n bir d\u00f6neminde kar\u015f\u0131la\u015fabilecekleri cinsel i\u015flev bozukluklar\u0131n\u0131n tan\u0131, de\u011ferlendirme ve tedavisini ad\u0131m ad\u0131m talimatlarla anlat\u0131yor. Cinsel terapi e\u011fitimlerimizde ders kitab\u0131 olarak temel ald\u0131\u011f\u0131m\u0131z bu de\u011ferli eser, cinsel sa\u011fl\u0131k profesyonelleri i\u00e7in pratik ve yetkin bir rehber olacakt\u0131r. Uluslararas\u0131 Entegratif Kognitif Psikoterapi Enstit\u00fcs\u00fc (IICPI) www.iicpi.org   ERKEK C\u0130NSEL \u0130\u015eLEV BOZUKLUKLARI \u0130\u00c7\u0130N KAPSAMLI B\u0130R TEDAV\u0130 PLANI\u2026 Bu kitap, cinsel sorunlar\u0131 ve yol a\u00e7t\u0131klar\u0131 ili\u015fki sorunlar\u0131 i\u00e7in destek almak isteyen erkeklerin sorunlar\u0131 ve \u00e7\u00f6z\u00fcmleri hakk\u0131nda fark\u0131ndal\u0131k ve anlay\u0131\u015f kazanmalar\u0131na yard\u0131mc\u0131 olacak cinsel terapistlere, hekimlere ve ruh sa\u011fl\u0131\u011f\u0131 profesyonellerine erkek cinselli\u011fi, cinsel i\u015flev bozukluklar\u0131 ve tedavileri konusunda yararlanabilecekleri bir kaynak olarak haz\u0131rlanm\u0131\u015ft\u0131r. Erkek cinsel i\u015flev bozukluklar\u0131n\u0131n \u201cMetaSeks Cinsel Terapi\u201d ile ad\u0131m ad\u0131m anlat\u0131ld\u0131\u011f\u0131 kapsaml\u0131 bir tedavi plan\u0131 sunan bir uygulama k\u0131lavuzu olarak cinsel terapistlerin dan\u0131\u015fanlar\u0131na rehberlik etmelerine yard\u0131mc\u0131 olacakt\u0131r. Cinsel Sa\u011fl\u0131k Dernekleri Federasyonu (C\u0130SEF) www.cisef.org.tr <\/p>\n","protected":false},"excerpt":{"rendered":"<p>ERKEK C\u0130NSEL \u0130\u015eLEV BOZUKLUKLARININ B\u0130L\u0130MSEL TEDAV\u0130S\u0130\u2026 Biyolojik, psikolojik ve sosyal fakt\u00f6rlerin \u00fcr\u00fcn\u00fc olan cinsellik ya\u015fam\u0131n her y\u00f6n\u00fcyle i\u00e7 i\u00e7e ge\u00e7ti\u011fi i\u00e7in cinsel sorunlar t\u00fcm ya\u015fam\u0131 etkiler.<span class=\"excerpt-hellip\"> [\u2026]<\/span><\/p>\n","protected":false},"featured_media":0,"template":"","meta":{"_monsterinsights_skip_tracking":false,"_monsterinsights_sitenote_active":false,"_monsterinsights_sitenote_note":"","_monsterinsights_sitenote_category":0},"product_brand":[],"product_cat":[35288,13365],"product_tag":[],"class_list":{"0":"post-742944","1":"product","2":"type-product","3":"status-publish","5":"product_cat-cinsellik-saglik","6":"product_cat-saglik","7":"pa_cilt-ciltsiz","8":"pa_tur-kitap","9":"pa_yayinevi-pusula-yayinevi-ankara","10":"pa_yazar-kolektif","12":"first","13":"instock","14":"sale","15":"shipping-taxable","16":"purchasable","17":"product-type-simple"},"_links":{"self":[{"href":"https:\/\/roveyayinevi.com.tr\/index.php\/wp-json\/wp\/v2\/product\/742944","targetHints":{"allow":["GET"]}}],"collection":[{"href":"https:\/\/roveyayinevi.com.tr\/index.php\/wp-json\/wp\/v2\/product"}],"about":[{"href":"https:\/\/roveyayinevi.com.tr\/index.php\/wp-json\/wp\/v2\/types\/product"}],"wp:attachment":[{"href":"https:\/\/roveyayinevi.com.tr\/index.php\/wp-json\/wp\/v2\/media?parent=742944"}],"wp:term":[{"taxonomy":"product_brand","embeddable":true,"href":"https:\/\/roveyayinevi.com.tr\/index.php\/wp-json\/wp\/v2\/product_brand?post=742944"},{"taxonomy":"product_cat","embeddable":true,"href":"https:\/\/roveyayinevi.com.tr\/index.php\/wp-json\/wp\/v2\/product_cat?post=742944"},{"taxonomy":"product_tag","embeddable":true,"href":"https:\/\/roveyayinevi.com.tr\/index.php\/wp-json\/wp\/v2\/product_tag?post=742944"}],"curies":[{"name":"wp","href":"https:\/\/api.w.org\/{rel}","templated":true}]}}