{"id":742943,"date":"2025-08-28T01:24:00","date_gmt":"2025-08-27T22:24:00","guid":{"rendered":"https:\/\/roveyayinevi.com.tr\/index.php\/urun\/iletisimde-yetkinlik\/"},"modified":"2026-04-08T03:02:41","modified_gmt":"2026-04-08T00:02:41","slug":"iletisimde-yetkinlik","status":"publish","type":"product","link":"https:\/\/roveyayinevi.com.tr\/index.php\/urun\/iletisimde-yetkinlik\/","title":{"rendered":"\u0130leti\u015fimde Yetkinlik"},"content":{"rendered":"<p>\u00c7o\u011fu insan, kendisini dikkatle dinleyen ki\u015fiye gerekli t\u00fcm bilgileri saniyeler i\u00e7inde sa\u011flayan yeterli say\u0131da sinyal g\u00f6nderir.\u2022 Bak\u0131\u015f a\u00e7\u0131n\u0131z di\u011ferleriyle kurdu\u011funuz ileti\u015fimi nas\u0131l etkiler?\u2022 Ki\u015fisel duygular ve \u00f6nyarg\u0131lar ger\u00e7ekten g\u00f6rmeniz gerekenleri engelliyor olabilir mi?\u2022 Ki\u015fileraras\u0131 ili\u015fkilerde ileti\u015fim ba\u015far\u0131s\u0131 neye dayan\u0131r?\u0130leti\u015fim i\u015f d\u00fcnyas\u0131nda ba\u015far\u0131l\u0131 bir lider olabilmenin anahtar\u0131d\u0131r. S\u00f6zl\u00fc ve s\u00f6zs\u00fcz ileti\u015fim do\u011fru \u015feyi s\u00f6ylemekten veya bunun anla\u015f\u0131lmas\u0131n\u0131 sa\u011flamaktan \u00e7ok daha fazlas\u0131d\u0131r. Ba\u015far\u0131l\u0131 bir \u015fekilde ileti\u015fim kurmak istiyorsan\u0131z, her \u015feyden \u00f6nce di\u011fer ki\u015fiye uyum sa\u011flamal\u0131 ve onun bak\u0131\u015f a\u00e7\u0131s\u0131n\u0131 anlayabilmelisiniz.\u0130leti\u015fim uzman\u0131 Jakob Lipp, 36 denenmi\u015f ve test edilmi\u015f ipucuyla, i\u00e7inde bulundu\u011funuz durum rahats\u0131z edici olsa bile kar\u015f\u0131n\u0131zdakinin g\u00f6nderdi\u011fi ileti\u015fim sinyallerini nas\u0131l tan\u0131yaca\u011f\u0131n\u0131z\u0131 ve onlara en uygun \u015fekilde nas\u0131l tepki verece\u011finizi anlat\u0131yor.\u201cRahat anlat\u0131m tarz\u0131 ve g\u00fcncel \u00f6rneklerle, ileti\u015fim hakk\u0131nda \u00f6nemli temel bilgileri sunan bir ba\u015fucu kitab\u0131.\u201d \u2013managerSeminare<\/p>\n","protected":false},"excerpt":{"rendered":"<p>\u00c7o\u011fu insan, kendisini dikkatle dinleyen ki\u015fiye gerekli t\u00fcm bilgileri saniyeler i\u00e7inde sa\u011flayan yeterli say\u0131da sinyal g\u00f6nderir.\u2022 Bak\u0131\u015f a\u00e7\u0131n\u0131z di\u011ferleriyle kurdu\u011funuz ileti\u015fimi nas\u0131l etkiler?\u2022 Ki\u015fisel duygular ve<span class=\"excerpt-hellip\"> [\u2026]<\/span><\/p>\n","protected":false},"featured_media":0,"template":"","meta":{"_monsterinsights_skip_tracking":false,"_monsterinsights_sitenote_active":false,"_monsterinsights_sitenote_note":"","_monsterinsights_sitenote_category":0},"product_brand":[],"product_cat":[12364,12376],"product_tag":[],"class_list":{"0":"post-742943","1":"product","2":"type-product","3":"status-publish","5":"product_cat-genel-konular","6":"product_cat-kisisel-gelisim","7":"pa_cilt-ciltsiz","8":"pa_tur-kitap","9":"pa_yayinevi-nova-kitap","10":"pa_yazar-jakob-lipp","12":"first","13":"instock","14":"sale","15":"shipping-taxable","16":"purchasable","17":"product-type-simple"},"_links":{"self":[{"href":"https:\/\/roveyayinevi.com.tr\/index.php\/wp-json\/wp\/v2\/product\/742943","targetHints":{"allow":["GET"]}}],"collection":[{"href":"https:\/\/roveyayinevi.com.tr\/index.php\/wp-json\/wp\/v2\/product"}],"about":[{"href":"https:\/\/roveyayinevi.com.tr\/index.php\/wp-json\/wp\/v2\/types\/product"}],"wp:attachment":[{"href":"https:\/\/roveyayinevi.com.tr\/index.php\/wp-json\/wp\/v2\/media?parent=742943"}],"wp:term":[{"taxonomy":"product_brand","embeddable":true,"href":"https:\/\/roveyayinevi.com.tr\/index.php\/wp-json\/wp\/v2\/product_brand?post=742943"},{"taxonomy":"product_cat","embeddable":true,"href":"https:\/\/roveyayinevi.com.tr\/index.php\/wp-json\/wp\/v2\/product_cat?post=742943"},{"taxonomy":"product_tag","embeddable":true,"href":"https:\/\/roveyayinevi.com.tr\/index.php\/wp-json\/wp\/v2\/product_tag?post=742943"}],"curies":[{"name":"wp","href":"https:\/\/api.w.org\/{rel}","templated":true}]}}