{"id":742941,"date":"2025-08-28T01:23:58","date_gmt":"2025-08-27T22:23:58","guid":{"rendered":"https:\/\/roveyayinevi.com.tr\/index.php\/urun\/ben-artik-buyudum\/"},"modified":"2026-04-16T02:53:58","modified_gmt":"2026-04-15T23:53:58","slug":"ben-artik-buyudum","status":"publish","type":"product","link":"https:\/\/roveyayinevi.com.tr\/index.php\/urun\/ben-artik-buyudum\/","title":{"rendered":"Ben Art\u0131k B\u00fcy\u00fcd\u00fcm"},"content":{"rendered":"<p>K\u00fc\u00e7\u00fck Fil art\u0131k B\u00dcY\u00dcM\u00dc\u015eT\u00dc ve annesi ona bir G\u00d6REV vermi\u015fti.\u00c7ikolata, mum, balon ve yumurta almaya tek ba\u015f\u0131na gidecekti.Ancak i\u015fler biraz kar\u0131\u015fabilirdi!Kitaplar\u0131 onlarca dile \u00e7evrilmi\u015f, \u00e7ok okunan \u00f6d\u00fcll\u00fc yazar Susanna Isern\u2019den \u00e7ocuklar\u0131n b\u00fcy\u00fcme s\u00fcrecine g\u00fcl\u00fcmseten ve i\u00e7 \u0131s\u0131tan bir bak\u0131\u015f&#8230; Ben Art\u0131k B\u00fcy\u00fcd\u00fcm, tam da sorumluluk almak i\u00e7in istekli miniklerin ve ailelerinin kalbini \u00e7alacak bir kitap.<\/p>\n","protected":false},"excerpt":{"rendered":"<p>K\u00fc\u00e7\u00fck Fil art\u0131k B\u00dcY\u00dcM\u00dc\u015eT\u00dc ve annesi ona bir G\u00d6REV vermi\u015fti.\u00c7ikolata, mum, balon ve yumurta almaya tek ba\u015f\u0131na gidecekti.Ancak i\u015fler biraz kar\u0131\u015fabilirdi!Kitaplar\u0131 onlarca dile \u00e7evrilmi\u015f, \u00e7ok okunan<span class=\"excerpt-hellip\"> [\u2026]<\/span><\/p>\n","protected":false},"featured_media":0,"template":"","meta":{"_monsterinsights_skip_tracking":false,"_monsterinsights_sitenote_active":false,"_monsterinsights_sitenote_note":"","_monsterinsights_sitenote_category":0},"product_brand":[],"product_cat":[12274,12284],"product_tag":[],"class_list":{"0":"post-742941","1":"product","2":"type-product","3":"status-publish","5":"product_cat-cocuk-ve-genclik-kitaplari","6":"product_cat-hikayeler","7":"pa_cilt-ciltsiz","8":"pa_tur-kitap","9":"pa_yayinevi-ithaki-yayinlari","10":"pa_yazar-susanna-isern","12":"first","13":"instock","14":"sale","15":"shipping-taxable","16":"purchasable","17":"product-type-simple"},"_links":{"self":[{"href":"https:\/\/roveyayinevi.com.tr\/index.php\/wp-json\/wp\/v2\/product\/742941","targetHints":{"allow":["GET"]}}],"collection":[{"href":"https:\/\/roveyayinevi.com.tr\/index.php\/wp-json\/wp\/v2\/product"}],"about":[{"href":"https:\/\/roveyayinevi.com.tr\/index.php\/wp-json\/wp\/v2\/types\/product"}],"wp:attachment":[{"href":"https:\/\/roveyayinevi.com.tr\/index.php\/wp-json\/wp\/v2\/media?parent=742941"}],"wp:term":[{"taxonomy":"product_brand","embeddable":true,"href":"https:\/\/roveyayinevi.com.tr\/index.php\/wp-json\/wp\/v2\/product_brand?post=742941"},{"taxonomy":"product_cat","embeddable":true,"href":"https:\/\/roveyayinevi.com.tr\/index.php\/wp-json\/wp\/v2\/product_cat?post=742941"},{"taxonomy":"product_tag","embeddable":true,"href":"https:\/\/roveyayinevi.com.tr\/index.php\/wp-json\/wp\/v2\/product_tag?post=742941"}],"curies":[{"name":"wp","href":"https:\/\/api.w.org\/{rel}","templated":true}]}}