{"id":742940,"date":"2025-08-28T01:23:56","date_gmt":"2025-08-27T22:23:56","guid":{"rendered":"https:\/\/roveyayinevi.com.tr\/index.php\/urun\/kirmizi-bisikletim-yasanmis-kadin-hikayeleri\/"},"modified":"2026-04-16T02:53:58","modified_gmt":"2026-04-15T23:53:58","slug":"kirmizi-bisikletim-yasanmis-kadin-hikayeleri","status":"publish","type":"product","link":"https:\/\/roveyayinevi.com.tr\/index.php\/urun\/kirmizi-bisikletim-yasanmis-kadin-hikayeleri\/","title":{"rendered":"K\u0131rm\u0131z\u0131 Bisikletim Ya\u015fanm\u0131\u015f Kad\u0131n Hik\u00e2yeleri"},"content":{"rendered":"<p>1960 model k\u0131rm\u0131z\u0131 bisikletiyle y\u0131llard\u0131r yollar\u0131 ar\u015f\u0131nl\u0131yor Mehmet Yapar. Ya\u015fad\u0131\u011f\u0131m\u0131z h\u0131z \u00e7a\u011f\u0131nda kimsenin dikkat etmedi\u011fi, bak\u0131p da g\u00f6rmedi\u011fi yerlerde bisikletiyle dola\u015f\u0131yor, insanlarla s\u00f6yle\u015fiyor. Kuytuda kalm\u0131\u015f, sars\u0131c\u0131, d\u00fc\u015f\u00fcnd\u00fcr\u00fcc\u00fc, motive edici kad\u0131n hik\u00e2yeleri topluyor, payla\u015f\u0131yor, g\u00f6r\u00fcn\u00fcr k\u0131l\u0131yor.K\u0131rm\u0131z\u0131 Bisikletim kitab\u0131 bu ya\u015fanm\u0131\u015f kad\u0131n hik\u00e2yelerinden bir se\u00e7ki sunuyor okurlara. Her bir hik\u00e2ye \u00f6zel, her hik\u00e2yenin sahibi biricik. Bu hik\u00e2yeleri okurken baz\u0131lar\u0131 \u00e7ok tan\u0131d\u0131k gelecek size; i\u015fyerinizden bir arkada\u015f, uzak akraban\u0131z bir kad\u0131n, iki apartman yan\u0131n\u0131zda oturan bir kom\u015fu belki\u2026 Baz\u0131lar\u0131 \u201cBu kadar da olmaz,\u201d dedirtecek, baz\u0131lar\u0131ysa hayallerinizin pe\u015finden gidebilme cesareti a\u015f\u0131layacak.Hik\u00e2yeler de anlat\u0131c\u0131lar\u0131 da farkl\u0131 farkl\u0131 ama ortak bir g\u00f6r\u00fc\u015fleri var: Ya\u015fam muhte\u015fem bir hediye. Umutsa en zor g\u00fcnlerde ruhumuzun s\u0131\u011f\u0131na\u011f\u0131.<\/p>\n","protected":false},"excerpt":{"rendered":"<p>1960 model k\u0131rm\u0131z\u0131 bisikletiyle y\u0131llard\u0131r yollar\u0131 ar\u015f\u0131nl\u0131yor Mehmet Yapar. Ya\u015fad\u0131\u011f\u0131m\u0131z h\u0131z \u00e7a\u011f\u0131nda kimsenin dikkat etmedi\u011fi, bak\u0131p da g\u00f6rmedi\u011fi yerlerde bisikletiyle dola\u015f\u0131yor, insanlarla s\u00f6yle\u015fiyor. Kuytuda kalm\u0131\u015f, sars\u0131c\u0131,<span class=\"excerpt-hellip\"> [\u2026]<\/span><\/p>\n","protected":false},"featured_media":0,"template":"","meta":{"_monsterinsights_skip_tracking":false,"_monsterinsights_sitenote_active":false,"_monsterinsights_sitenote_note":"","_monsterinsights_sitenote_category":0},"product_brand":[],"product_cat":[12291,12711],"product_tag":[],"class_list":{"0":"post-742940","1":"product","2":"type-product","3":"status-publish","5":"product_cat-edebiyat","6":"product_cat-roman-oyku","7":"pa_cilt-ciltsiz","8":"pa_tur-kitap","9":"pa_yayinevi-muptela-yayinevi","10":"pa_yazar-mehmet-yapar","12":"first","13":"instock","14":"sale","15":"shipping-taxable","16":"purchasable","17":"product-type-simple"},"_links":{"self":[{"href":"https:\/\/roveyayinevi.com.tr\/index.php\/wp-json\/wp\/v2\/product\/742940","targetHints":{"allow":["GET"]}}],"collection":[{"href":"https:\/\/roveyayinevi.com.tr\/index.php\/wp-json\/wp\/v2\/product"}],"about":[{"href":"https:\/\/roveyayinevi.com.tr\/index.php\/wp-json\/wp\/v2\/types\/product"}],"wp:attachment":[{"href":"https:\/\/roveyayinevi.com.tr\/index.php\/wp-json\/wp\/v2\/media?parent=742940"}],"wp:term":[{"taxonomy":"product_brand","embeddable":true,"href":"https:\/\/roveyayinevi.com.tr\/index.php\/wp-json\/wp\/v2\/product_brand?post=742940"},{"taxonomy":"product_cat","embeddable":true,"href":"https:\/\/roveyayinevi.com.tr\/index.php\/wp-json\/wp\/v2\/product_cat?post=742940"},{"taxonomy":"product_tag","embeddable":true,"href":"https:\/\/roveyayinevi.com.tr\/index.php\/wp-json\/wp\/v2\/product_tag?post=742940"}],"curies":[{"name":"wp","href":"https:\/\/api.w.org\/{rel}","templated":true}]}}