{"id":742935,"date":"2025-08-28T01:23:49","date_gmt":"2025-08-27T22:23:49","guid":{"rendered":"https:\/\/roveyayinevi.com.tr\/index.php\/urun\/kirmizi-hap\/"},"modified":"2026-04-16T02:53:58","modified_gmt":"2026-04-15T23:53:58","slug":"kirmizi-hap","status":"publish","type":"product","link":"https:\/\/roveyayinevi.com.tr\/index.php\/urun\/kirmizi-hap\/","title":{"rendered":"K\u0131rm\u0131z\u0131 Hap"},"content":{"rendered":"<p>Hari Kunzru, \u0131rk\u00e7\u0131l\u0131ktan \u00fclkelerin kolonyalist ge\u00e7mi\u015flerine, g\u00fcn\u00fcm\u00fczde giderek azalan insan haklar\u0131ndan t\u00fcm bunlar\u0131n ki\u015filik in\u015fas\u0131ndaki rol\u00fcne uzanan temalara de\u011finir. Romanlar\u0131nda siyasetin de e\u015flik etti\u011fi hik\u00e2ye \u00e7izgisi, farkl\u0131 zaman ve mek\u00e2nlar\u0131n bir aradal\u0131\u011f\u0131n\u0131 bar\u0131nd\u0131r\u0131r. Getirdi\u011fi bak\u0131\u015f a\u00e7\u0131s\u0131yla pek \u00e7ok \u00f6d\u00fcl kazanm\u0131\u015f, Mail on Sunday\u2019in destekledi\u011fi John Llewellyn Rhys \u00d6d\u00fcl\u00fc\u2019n\u00fc ise gazetenin kendisi gibi g\u00f6\u00e7menlere y\u00f6nelik zehir zemberek haberler yapmas\u0131ndan dolay\u0131 reddetmi\u015ftir.Bir yazar prestijli bir yazarl\u0131k bursu kazanmas\u0131n\u0131n ard\u0131ndan rahats\u0131z edilmeden kendini sanat\u0131na verebilmek i\u00e7in Berlin\u2019in Wannsee banliy\u00f6s\u00fcne gelir. Yapt\u0131\u011f\u0131 y\u00fcr\u00fcy\u00fc\u015flerde Heinrich von Kleist\u2019\u0131n mezar\u0131n\u0131n yan\u0131ndan ge\u00e7er. Hi\u00e7bir \u015fey istedi\u011fi gibi ilerlemez ve \u015fiddeti y\u00fccelten bir polisiye dizisine kap\u0131l\u0131r gider. \u015eans eseri dizinin yarat\u0131c\u0131s\u0131yla tan\u0131\u015ft\u0131\u011f\u0131nda karanl\u0131\u011f\u0131n kalbine uzanan, tehditk\u00e2r bir yolculu\u011fa \u00e7\u0131kar.K\u0131rm\u0131z\u0131 Hap, g\u00fcn\u00fcm\u00fcz\u00fc ge\u00e7mi\u015fin s\u00fczgecinden ge\u00e7irip tarihin \u015fimdiye nas\u0131l musallat oldu\u011funu anlatan sars\u0131c\u0131 bir roman.\u201c\u015ea\u015f\u0131rt\u0131c\u0131, s\u00fcr\u00fckleyici, \u00fcrk\u00fct\u00fcc\u00fc. Harikulade.\u201d \u2013Philip Pullman\u201cK\u0131rm\u0131z\u0131 Hap, yeni ve dengesiz ger\u00e7ekli\u011fe kar\u015f\u0131 akl\u0131selimin son infilak\u0131. Edebi \u015faheserlere yer b\u0131rak\u0131lmayan barbar yeni d\u00fcnyada edebi bir \u015faheser.\u201d \u2013The Spectator<\/p>\n","protected":false},"excerpt":{"rendered":"<p>Hari Kunzru, \u0131rk\u00e7\u0131l\u0131ktan \u00fclkelerin kolonyalist ge\u00e7mi\u015flerine, g\u00fcn\u00fcm\u00fczde giderek azalan insan haklar\u0131ndan t\u00fcm bunlar\u0131n ki\u015filik in\u015fas\u0131ndaki rol\u00fcne uzanan temalara de\u011finir. Romanlar\u0131nda siyasetin de e\u015flik etti\u011fi hik\u00e2ye \u00e7izgisi,<span class=\"excerpt-hellip\"> [\u2026]<\/span><\/p>\n","protected":false},"featured_media":0,"template":"","meta":{"_monsterinsights_skip_tracking":false,"_monsterinsights_sitenote_active":false,"_monsterinsights_sitenote_note":"","_monsterinsights_sitenote_category":0},"product_brand":[],"product_cat":[12291,12711],"product_tag":[],"class_list":{"0":"post-742935","1":"product","2":"type-product","3":"status-publish","5":"product_cat-edebiyat","6":"product_cat-roman-oyku","7":"pa_cilt-ciltsiz","8":"pa_tur-kitap","9":"pa_yayinevi-ithaki-yayinlari","10":"pa_yazar-hari-kunzru","12":"first","13":"instock","14":"sale","15":"shipping-taxable","16":"purchasable","17":"product-type-simple"},"_links":{"self":[{"href":"https:\/\/roveyayinevi.com.tr\/index.php\/wp-json\/wp\/v2\/product\/742935","targetHints":{"allow":["GET"]}}],"collection":[{"href":"https:\/\/roveyayinevi.com.tr\/index.php\/wp-json\/wp\/v2\/product"}],"about":[{"href":"https:\/\/roveyayinevi.com.tr\/index.php\/wp-json\/wp\/v2\/types\/product"}],"wp:attachment":[{"href":"https:\/\/roveyayinevi.com.tr\/index.php\/wp-json\/wp\/v2\/media?parent=742935"}],"wp:term":[{"taxonomy":"product_brand","embeddable":true,"href":"https:\/\/roveyayinevi.com.tr\/index.php\/wp-json\/wp\/v2\/product_brand?post=742935"},{"taxonomy":"product_cat","embeddable":true,"href":"https:\/\/roveyayinevi.com.tr\/index.php\/wp-json\/wp\/v2\/product_cat?post=742935"},{"taxonomy":"product_tag","embeddable":true,"href":"https:\/\/roveyayinevi.com.tr\/index.php\/wp-json\/wp\/v2\/product_tag?post=742935"}],"curies":[{"name":"wp","href":"https:\/\/api.w.org\/{rel}","templated":true}]}}