{"id":742934,"date":"2025-08-28T01:23:48","date_gmt":"2025-08-27T22:23:48","guid":{"rendered":"https:\/\/roveyayinevi.com.tr\/index.php\/urun\/makine-ogrenmesi\/"},"modified":"2026-04-16T02:53:58","modified_gmt":"2026-04-15T23:53:58","slug":"makine-ogrenmesi","status":"publish","type":"product","link":"https:\/\/roveyayinevi.com.tr\/index.php\/urun\/makine-ogrenmesi\/","title":{"rendered":"Makine \u00d6\u011frenmesi"},"content":{"rendered":"<p>\u00c7oksatan WOOL serisinin yazar\u0131 Hugh Howey\u2019den s\u0131rad\u0131\u015f\u0131 bir bilimkurgu ve fantazi \u00f6yk\u00fcleri derlemesi: Makine \u00d6\u011frenmesiYapay zek\u00e2, paralel evrenler, video oyunlar\u0131 ve uzayl\u0131 istilas\u0131\u2026 Hugh Howey bilimkurgunun ve fantazinin s\u0131n\u0131rlar\u0131nda dola\u015farak insan\u0131 d\u00fc\u015f\u00fcnd\u00fcren, ilgi \u00e7ekici ve \u00f6zg\u00fcn \u00f6yk\u00fcler anlat\u0131yor. Her birine bu eserlerin arka plan\u0131n\u0131 ve nas\u0131l ortaya \u00e7\u0131kt\u0131klar\u0131n\u0131 a\u00e7\u0131klayan, en az \u00f6yk\u00fcler kadar zevkli bir sons\u00f6z e\u015flik ediyor.WOOL d\u00fcnyas\u0131nda ge\u00e7en \u00fc\u00e7 yeni \u00f6yk\u00fcn\u00fcn de yer ald\u0131\u011f\u0131 Makine \u00d6\u011frenmesi, modern bilimkurgu edebiyat\u0131n\u0131n ustalar\u0131ndan kabul edilen Howey\u2019den hayal g\u00fcc\u00fcn\u00fcn s\u0131n\u0131rlar\u0131n\u0131 zorlayan, zekice kaleme al\u0131nm\u0131\u015f bir cevher.\u201cBir solukta bitirdim. Bu kitaptaki \u00f6yk\u00fcleri okumak, kay\u0131p bir Alacakaranl\u0131k Ku\u015fa\u011f\u0131 sezonunu ke\u015ffetmek gibi.\u201d\u2013Ernest Cline<\/p>\n","protected":false},"excerpt":{"rendered":"<p>\u00c7oksatan WOOL serisinin yazar\u0131 Hugh Howey\u2019den s\u0131rad\u0131\u015f\u0131 bir bilimkurgu ve fantazi \u00f6yk\u00fcleri derlemesi: Makine \u00d6\u011frenmesiYapay zek\u00e2, paralel evrenler, video oyunlar\u0131 ve uzayl\u0131 istilas\u0131\u2026 Hugh Howey bilimkurgunun<span class=\"excerpt-hellip\"> [\u2026]<\/span><\/p>\n","protected":false},"featured_media":0,"template":"","meta":{"_monsterinsights_skip_tracking":false,"_monsterinsights_sitenote_active":false,"_monsterinsights_sitenote_note":"","_monsterinsights_sitenote_category":0},"product_brand":[],"product_cat":[12540,12291],"product_tag":[],"class_list":{"0":"post-742934","1":"product","2":"type-product","3":"status-publish","5":"product_cat-bilim-kurgu","6":"product_cat-edebiyat","7":"pa_cilt-ciltsiz","8":"pa_tur-kitap","9":"pa_yayinevi-ithaki-yayinlari","10":"pa_yazar-hugh-howey","12":"first","13":"instock","14":"sale","15":"shipping-taxable","16":"purchasable","17":"product-type-simple"},"_links":{"self":[{"href":"https:\/\/roveyayinevi.com.tr\/index.php\/wp-json\/wp\/v2\/product\/742934","targetHints":{"allow":["GET"]}}],"collection":[{"href":"https:\/\/roveyayinevi.com.tr\/index.php\/wp-json\/wp\/v2\/product"}],"about":[{"href":"https:\/\/roveyayinevi.com.tr\/index.php\/wp-json\/wp\/v2\/types\/product"}],"wp:attachment":[{"href":"https:\/\/roveyayinevi.com.tr\/index.php\/wp-json\/wp\/v2\/media?parent=742934"}],"wp:term":[{"taxonomy":"product_brand","embeddable":true,"href":"https:\/\/roveyayinevi.com.tr\/index.php\/wp-json\/wp\/v2\/product_brand?post=742934"},{"taxonomy":"product_cat","embeddable":true,"href":"https:\/\/roveyayinevi.com.tr\/index.php\/wp-json\/wp\/v2\/product_cat?post=742934"},{"taxonomy":"product_tag","embeddable":true,"href":"https:\/\/roveyayinevi.com.tr\/index.php\/wp-json\/wp\/v2\/product_tag?post=742934"}],"curies":[{"name":"wp","href":"https:\/\/api.w.org\/{rel}","templated":true}]}}