{"id":742931,"date":"2025-08-28T01:23:44","date_gmt":"2025-08-27T22:23:44","guid":{"rendered":"https:\/\/roveyayinevi.com.tr\/index.php\/urun\/emine-bir-goc-hikayesi\/"},"modified":"2026-04-16T02:53:57","modified_gmt":"2026-04-15T23:53:57","slug":"emine-bir-goc-hikayesi","status":"publish","type":"product","link":"https:\/\/roveyayinevi.com.tr\/index.php\/urun\/emine-bir-goc-hikayesi\/","title":{"rendered":"Emine &#8211; Bir G\u00f6\u00e7 Hikayesi"},"content":{"rendered":"<p>Bir G\u00f6\u00e7 Hik\u00e2yesi     \u201cG\u00f6\u00e7 ya\u015fayanlar farkl\u0131 olur (\u2026) Anavatan\u0131ndan, do\u011fdu\u011fun yerden s\u00f6k\u00fcl\u00fcp at\u0131lmak, her \u015feyini geride b\u0131rak\u0131p yollara d\u00fc\u015fmek bamba\u015fka bir histir, hayat\u0131n\u0131n hi\u00e7bir an\u0131nda yakas\u0131n\u0131 b\u0131rakmaz insan\u0131n.\u201d   Ya\u015fad\u0131\u011f\u0131m\u0131z co\u011frafyada bir ya da iki ku\u015fak geriye bak\u0131ld\u0131\u011f\u0131nda bu duygular\u0131 payla\u015fan o kadar \u00e7ok insan vard\u0131r ki\u2026 Kiminin babas\u0131 Rodos\u2019tan, Girit\u2019ten, kiminin annesi Makedonya\u2019dan, Bat\u0131 Trakya\u2019dan kopar\u0131l\u0131p gelmi\u015ftir anavatana. Hepsinin g\u00f6zleri nemlenir, uzaklara dalar zorla ayr\u0131ld\u0131klar\u0131 topraklar\u0131n ad\u0131 an\u0131ld\u0131\u011f\u0131nda. D\u00fcnyaya geldikleri, ilk nefeslerini ald\u0131klar\u0131 yerde olmaman\u0131n ince h\u00fczn\u00fcn\u00fc ta\u015f\u0131r hepsi\u2026 Ve geride b\u0131rakt\u0131klar\u0131n\u0131n \u00f6zlemini\u2026   Bu romanda sava\u015flar\u0131n sebep oldu\u011fu ayr\u0131l\u0131klar\u0131n, ac\u0131lar\u0131n, kapanmayan yaralar\u0131n, dinmeyen \u00f6zlemlerin hik\u00e2yelerini okuyacaks\u0131n\u0131z. B\u00fct\u00fcn bu dramatik olaylar\u0131n ortas\u0131nda kalan insanlar\u0131n \u015fa\u015fk\u0131nl\u0131\u011f\u0131n\u0131, \u00e7aresizli\u011fini, bedbinli\u011fini ve her \u015feye kar\u015f\u0131n dayanma g\u00fcc\u00fcn\u00fc bir kez daha hat\u0131rlay\u0131p onlar\u0131n s\u0131k s\u0131k yapt\u0131\u011f\u0131 gibi \u201cB\u00fct\u00fcn bunlar ne i\u00e7indi?\u201d diye soracaks\u0131n\u0131z belki de\u2026 <\/p>\n","protected":false},"excerpt":{"rendered":"<p>Bir G\u00f6\u00e7 Hik\u00e2yesi \u201cG\u00f6\u00e7 ya\u015fayanlar farkl\u0131 olur (\u2026) Anavatan\u0131ndan, do\u011fdu\u011fun yerden s\u00f6k\u00fcl\u00fcp at\u0131lmak, her \u015feyini geride b\u0131rak\u0131p yollara d\u00fc\u015fmek bamba\u015fka bir histir, hayat\u0131n\u0131n hi\u00e7bir an\u0131nda yakas\u0131n\u0131<span class=\"excerpt-hellip\"> [\u2026]<\/span><\/p>\n","protected":false},"featured_media":0,"template":"","meta":{"_monsterinsights_skip_tracking":false,"_monsterinsights_sitenote_active":false,"_monsterinsights_sitenote_note":"","_monsterinsights_sitenote_category":0},"product_brand":[],"product_cat":[12291,12711],"product_tag":[],"class_list":{"0":"post-742931","1":"product","2":"type-product","3":"status-publish","5":"product_cat-edebiyat","6":"product_cat-roman-oyku","7":"pa_cilt-ciltsiz","8":"pa_tur-kitap","9":"pa_yayinevi-remzi-kitabevi","10":"pa_yazar-ulker-banguoglu-bilgin","12":"first","13":"instock","14":"sale","15":"shipping-taxable","16":"purchasable","17":"product-type-simple"},"_links":{"self":[{"href":"https:\/\/roveyayinevi.com.tr\/index.php\/wp-json\/wp\/v2\/product\/742931","targetHints":{"allow":["GET"]}}],"collection":[{"href":"https:\/\/roveyayinevi.com.tr\/index.php\/wp-json\/wp\/v2\/product"}],"about":[{"href":"https:\/\/roveyayinevi.com.tr\/index.php\/wp-json\/wp\/v2\/types\/product"}],"wp:attachment":[{"href":"https:\/\/roveyayinevi.com.tr\/index.php\/wp-json\/wp\/v2\/media?parent=742931"}],"wp:term":[{"taxonomy":"product_brand","embeddable":true,"href":"https:\/\/roveyayinevi.com.tr\/index.php\/wp-json\/wp\/v2\/product_brand?post=742931"},{"taxonomy":"product_cat","embeddable":true,"href":"https:\/\/roveyayinevi.com.tr\/index.php\/wp-json\/wp\/v2\/product_cat?post=742931"},{"taxonomy":"product_tag","embeddable":true,"href":"https:\/\/roveyayinevi.com.tr\/index.php\/wp-json\/wp\/v2\/product_tag?post=742931"}],"curies":[{"name":"wp","href":"https:\/\/api.w.org\/{rel}","templated":true}]}}