{"id":742928,"date":"2025-08-28T01:23:39","date_gmt":"2025-08-27T22:23:39","guid":{"rendered":"https:\/\/roveyayinevi.com.tr\/index.php\/urun\/haymatlos\/"},"modified":"2026-04-16T02:53:57","modified_gmt":"2026-04-15T23:53:57","slug":"haymatlos","status":"publish","type":"product","link":"https:\/\/roveyayinevi.com.tr\/index.php\/urun\/haymatlos\/","title":{"rendered":"Haymatlos"},"content":{"rendered":"<p>D\u00fcnyada bu kadar g\u00fczellik varken kendini b\u00f6yle yaln\u0131zl\u0131\u011fa teslim etmenin sebebi ne?Hakl\u0131s\u0131n! D\u00fcnya \u00e7ok g\u00fczel, mevsim g\u00fczel; hayvanlar, insanlar mutlu ama ben mesut de\u011filim.Bilmiyorum bir tuhafl\u0131k, bir gizli g\u00fc\u00e7 beni buraya s\u00fcr\u00fckl\u00fcyor. Bu evrenden kopu\u015f de\u011fil asl\u0131nda bana g\u00f6re.Montaigne\u2019in dedi\u011fi gibi insan\u0131n kendini anlamas\u0131n\u0131n, tan\u0131mas\u0131n\u0131n en g\u00fczel yolu. Ben ne bileyim i\u015fte b\u00f6yle mutluoluyorum. Bir bak\u0131ma yaln\u0131zken kendimle hesapla\u015f\u0131yorum. \u015eimdi umar\u0131m anlam\u0131\u015fs\u0131nd\u0131r beni.(Tan\u0131t\u0131m B\u00fclteninden)<\/p>\n","protected":false},"excerpt":{"rendered":"<p>D\u00fcnyada bu kadar g\u00fczellik varken kendini b\u00f6yle yaln\u0131zl\u0131\u011fa teslim etmenin sebebi ne?Hakl\u0131s\u0131n! D\u00fcnya \u00e7ok g\u00fczel, mevsim g\u00fczel; hayvanlar, insanlar mutlu ama ben mesut de\u011filim.Bilmiyorum bir tuhafl\u0131k,<span class=\"excerpt-hellip\"> [\u2026]<\/span><\/p>\n","protected":false},"featured_media":0,"template":"","meta":{"_monsterinsights_skip_tracking":false,"_monsterinsights_sitenote_active":false,"_monsterinsights_sitenote_note":"","_monsterinsights_sitenote_category":0},"product_brand":[],"product_cat":[12291,12711],"product_tag":[],"class_list":{"0":"post-742928","1":"product","2":"type-product","3":"status-publish","5":"product_cat-edebiyat","6":"product_cat-roman-oyku","7":"pa_cilt-ciltsiz","8":"pa_tur-kitap","9":"pa_yayinevi-northern-lights","10":"pa_yazar-izzet-turkmen","12":"first","13":"instock","14":"sale","15":"shipping-taxable","16":"purchasable","17":"product-type-simple"},"_links":{"self":[{"href":"https:\/\/roveyayinevi.com.tr\/index.php\/wp-json\/wp\/v2\/product\/742928","targetHints":{"allow":["GET"]}}],"collection":[{"href":"https:\/\/roveyayinevi.com.tr\/index.php\/wp-json\/wp\/v2\/product"}],"about":[{"href":"https:\/\/roveyayinevi.com.tr\/index.php\/wp-json\/wp\/v2\/types\/product"}],"wp:attachment":[{"href":"https:\/\/roveyayinevi.com.tr\/index.php\/wp-json\/wp\/v2\/media?parent=742928"}],"wp:term":[{"taxonomy":"product_brand","embeddable":true,"href":"https:\/\/roveyayinevi.com.tr\/index.php\/wp-json\/wp\/v2\/product_brand?post=742928"},{"taxonomy":"product_cat","embeddable":true,"href":"https:\/\/roveyayinevi.com.tr\/index.php\/wp-json\/wp\/v2\/product_cat?post=742928"},{"taxonomy":"product_tag","embeddable":true,"href":"https:\/\/roveyayinevi.com.tr\/index.php\/wp-json\/wp\/v2\/product_tag?post=742928"}],"curies":[{"name":"wp","href":"https:\/\/api.w.org\/{rel}","templated":true}]}}