{"id":742925,"date":"2025-08-28T01:23:35","date_gmt":"2025-08-27T22:23:35","guid":{"rendered":"https:\/\/roveyayinevi.com.tr\/index.php\/urun\/oyun-temelli-okula-hazirlik-bilim\/"},"modified":"2026-04-16T02:53:57","modified_gmt":"2026-04-15T23:53:57","slug":"oyun-temelli-okula-hazirlik-bilim","status":"publish","type":"product","link":"https:\/\/roveyayinevi.com.tr\/index.php\/urun\/oyun-temelli-okula-hazirlik-bilim\/","title":{"rendered":"Oyun Temelli Okula Haz\u0131rl\u0131k Bilim"},"content":{"rendered":"<p>Oyun, \u00e7ocuklar\u0131m\u0131z\u0131n bili\u015fsel, fiziksel, sosyal ve duygusal geli\u015fimleri i\u00e7in gerekli. Oyun temelli \u00f6\u011frenme ise onlar\u0131n \u00f6\u011frenme s\u00fcrecine aktif olarak kat\u0131lmas\u0131n\u0131, deneyim yoluyla e\u011flenerek \u00f6\u011frenmesini sa\u011fl\u0131yor. Do\u011fal merak ve ke\u015ffetme d\u00fcrt\u00fclerini harekete ge\u00e7iriyor. Oyun Temelli Okula Haz\u0131rl\u0131k serisi, \u00e7ocuklar\u0131 en sevdikleri kahramanlarla oyun oynamaya davet ediyor! E\u011flenceli oyun ve bulmacalarla ezberden uzak bir \u00f6\u011frenme, fikir \u00fcretme, inceleme deneyimi sunuyor.  <\/p>\n","protected":false},"excerpt":{"rendered":"<p>Oyun, \u00e7ocuklar\u0131m\u0131z\u0131n bili\u015fsel, fiziksel, sosyal ve duygusal geli\u015fimleri i\u00e7in gerekli. Oyun temelli \u00f6\u011frenme ise onlar\u0131n \u00f6\u011frenme s\u00fcrecine aktif olarak kat\u0131lmas\u0131n\u0131, deneyim yoluyla e\u011flenerek \u00f6\u011frenmesini sa\u011fl\u0131yor. Do\u011fal<span class=\"excerpt-hellip\"> [\u2026]<\/span><\/p>\n","protected":false},"featured_media":0,"template":"","meta":{"_monsterinsights_skip_tracking":false,"_monsterinsights_sitenote_active":false,"_monsterinsights_sitenote_note":"","_monsterinsights_sitenote_category":0},"product_brand":[],"product_cat":[12644,12274],"product_tag":[],"class_list":{"0":"post-742925","1":"product","2":"type-product","3":"status-publish","5":"product_cat-boyama-kitaplari","6":"product_cat-cocuk-ve-genclik-kitaplari","7":"pa_cilt-ciltsiz","8":"pa_tur-kitap","9":"pa_yayinevi-dogan-cocuk","10":"pa_yazar-kolektif","12":"first","13":"instock","14":"sale","15":"shipping-taxable","16":"purchasable","17":"product-type-simple"},"_links":{"self":[{"href":"https:\/\/roveyayinevi.com.tr\/index.php\/wp-json\/wp\/v2\/product\/742925","targetHints":{"allow":["GET"]}}],"collection":[{"href":"https:\/\/roveyayinevi.com.tr\/index.php\/wp-json\/wp\/v2\/product"}],"about":[{"href":"https:\/\/roveyayinevi.com.tr\/index.php\/wp-json\/wp\/v2\/types\/product"}],"wp:attachment":[{"href":"https:\/\/roveyayinevi.com.tr\/index.php\/wp-json\/wp\/v2\/media?parent=742925"}],"wp:term":[{"taxonomy":"product_brand","embeddable":true,"href":"https:\/\/roveyayinevi.com.tr\/index.php\/wp-json\/wp\/v2\/product_brand?post=742925"},{"taxonomy":"product_cat","embeddable":true,"href":"https:\/\/roveyayinevi.com.tr\/index.php\/wp-json\/wp\/v2\/product_cat?post=742925"},{"taxonomy":"product_tag","embeddable":true,"href":"https:\/\/roveyayinevi.com.tr\/index.php\/wp-json\/wp\/v2\/product_tag?post=742925"}],"curies":[{"name":"wp","href":"https:\/\/api.w.org\/{rel}","templated":true}]}}