{"id":742924,"date":"2025-08-28T01:23:34","date_gmt":"2025-08-27T22:23:34","guid":{"rendered":"https:\/\/roveyayinevi.com.tr\/index.php\/urun\/sherlock-lupen-ve-ben-cifte-final\/"},"modified":"2026-03-16T02:55:38","modified_gmt":"2026-03-15T23:55:38","slug":"sherlock-lupen-ve-ben-cifte-final","status":"publish","type":"product","link":"https:\/\/roveyayinevi.com.tr\/index.php\/urun\/sherlock-lupen-ve-ben-cifte-final\/","title":{"rendered":"Sherlock L\u00fcpen ve Ben &#8211; \u00c7ifte Final"},"content":{"rendered":"<p>S\u0131rad\u0131\u015f\u0131 \u00fc\u00e7 \u00e7ocuk, birbirinden kopmayan \u00fc\u00e7 arkada\u015f. Su\u00e7lular d\u00fcnyas\u0131nda iz b\u0131rakacak \u00fc\u00e7 zihin. Nefes kesen bir macera serisi. New York, k\u0131\u015f 1873&#8230; Irene aylar \u00f6nce Londra\u2019da arkada\u015flar\u0131 Sherlock ve L\u00fcpen\u2019le ya\u015fad\u0131\u011f\u0131 bir maceray\u0131 d\u00fc\u015f\u00fcn\u00fcyor. Tuhaf bir adam, kay\u0131p bir cesetten bahsediyor. Katilin izini s\u00fcrerken yer alt\u0131 t\u00fcnellerini ke\u015ffeden macerac\u0131 \u00fc\u00e7l\u00fc, cinayetin ard\u0131ndaki gizemi yava\u015f yava\u015f \u00e7\u00f6z\u00fcyor. \u00dc\u00e7 arkada\u015f\u0131n b\u00fcy\u00fck tehlikelere at\u0131larak s\u00fcrd\u00fcrd\u00fckleri ara\u015ft\u0131rmalar\u0131 ad\u0131m ad\u0131m takip edece\u011finiz, karanl\u0131k labirentlerdeki ke\u015fifleri nefes nefese okuyaca\u011f\u0131n\u0131z, unutulmayacak bir macera daha.  <\/p>\n","protected":false},"excerpt":{"rendered":"<p>S\u0131rad\u0131\u015f\u0131 \u00fc\u00e7 \u00e7ocuk, birbirinden kopmayan \u00fc\u00e7 arkada\u015f. Su\u00e7lular d\u00fcnyas\u0131nda iz b\u0131rakacak \u00fc\u00e7 zihin. Nefes kesen bir macera serisi. New York, k\u0131\u015f 1873&#8230; Irene aylar \u00f6nce Londra\u2019da<span class=\"excerpt-hellip\"> [\u2026]<\/span><\/p>\n","protected":false},"featured_media":0,"template":"","meta":{"_monsterinsights_skip_tracking":false,"_monsterinsights_sitenote_active":false,"_monsterinsights_sitenote_note":"","_monsterinsights_sitenote_category":0},"product_brand":[],"product_cat":[12689,12274],"product_tag":[],"class_list":{"0":"post-742924","1":"product","2":"type-product","3":"status-publish","5":"product_cat-cizgi-roman-cocuk-ve-genclik-kitaplari","6":"product_cat-cocuk-ve-genclik-kitaplari","7":"pa_cilt-ciltsiz","8":"pa_tur-kitap","9":"pa_yayinevi-dogan-cocuk","10":"pa_yazar-irene-adler","12":"first","13":"instock","14":"sale","15":"shipping-taxable","16":"purchasable","17":"product-type-simple"},"_links":{"self":[{"href":"https:\/\/roveyayinevi.com.tr\/index.php\/wp-json\/wp\/v2\/product\/742924","targetHints":{"allow":["GET"]}}],"collection":[{"href":"https:\/\/roveyayinevi.com.tr\/index.php\/wp-json\/wp\/v2\/product"}],"about":[{"href":"https:\/\/roveyayinevi.com.tr\/index.php\/wp-json\/wp\/v2\/types\/product"}],"wp:attachment":[{"href":"https:\/\/roveyayinevi.com.tr\/index.php\/wp-json\/wp\/v2\/media?parent=742924"}],"wp:term":[{"taxonomy":"product_brand","embeddable":true,"href":"https:\/\/roveyayinevi.com.tr\/index.php\/wp-json\/wp\/v2\/product_brand?post=742924"},{"taxonomy":"product_cat","embeddable":true,"href":"https:\/\/roveyayinevi.com.tr\/index.php\/wp-json\/wp\/v2\/product_cat?post=742924"},{"taxonomy":"product_tag","embeddable":true,"href":"https:\/\/roveyayinevi.com.tr\/index.php\/wp-json\/wp\/v2\/product_tag?post=742924"}],"curies":[{"name":"wp","href":"https:\/\/api.w.org\/{rel}","templated":true}]}}