{"id":742922,"date":"2025-08-28T01:23:31","date_gmt":"2025-08-27T22:23:31","guid":{"rendered":"https:\/\/roveyayinevi.com.tr\/index.php\/urun\/kaferum-of-hola\/"},"modified":"2026-04-16T02:53:57","modified_gmt":"2026-04-15T23:53:57","slug":"kaferum-of-hola","status":"publish","type":"product","link":"https:\/\/roveyayinevi.com.tr\/index.php\/urun\/kaferum-of-hola\/","title":{"rendered":"Kaferum Of Hola"},"content":{"rendered":"<p>\u201cBizim oralarda hangi k\u00f6yden gelin geldiysen sana oran\u0131n ad\u0131yla seslenilir. Yaranozli, Y\u0131\u011fali, Malpetli, Melinozli\u2026 D\u00fc\u015f\u00fcnsenize! Evlendi\u011finiz g\u00fcn ad\u0131n\u0131z\u0131 kaybediyordunuz. Ad\u0131n\u0131z yok, sadece geldi\u011finiz yerin ad\u0131 var\u2026\u201dKaferum Of Hola; otobiyografik bir hik\u00e2yeden yola \u00e7\u0131kan, tek ki\u015filik anlat\u0131 \u00f6zg\u00fcrl\u00fc\u011f\u00fcyle \u00e7ocukluk, ergenlik ve ilk gen\u00e7likten sonra i\u00e7inde orman dolusu insan biriktiren bir hayalperestin ger\u00e7ekle tan\u0131\u015fmas\u0131n\u0131 anlat\u0131yor. K\u00f6yde ba\u015flayan bu hik\u00e2yelerin yeni kap\u0131s\u0131 ba\u015fka diller, ba\u015fka k\u00fclt\u00fcrler, ba\u015fka kimlikler, ba\u015fka \u00fclkeler, ba\u015fka \u015fehirler dolanarak son bir \u00f6l\u00fcmle yine i\u00e7inde b\u00fcy\u00fctt\u00fc\u011f\u00fc bir ormana a\u00e7\u0131l\u0131yor.<\/p>\n","protected":false},"excerpt":{"rendered":"<p>\u201cBizim oralarda hangi k\u00f6yden gelin geldiysen sana oran\u0131n ad\u0131yla seslenilir. Yaranozli, Y\u0131\u011fali, Malpetli, Melinozli\u2026 D\u00fc\u015f\u00fcnsenize! Evlendi\u011finiz g\u00fcn ad\u0131n\u0131z\u0131 kaybediyordunuz. Ad\u0131n\u0131z yok, sadece geldi\u011finiz yerin ad\u0131 var\u2026\u201dKaferum<span class=\"excerpt-hellip\"> [\u2026]<\/span><\/p>\n","protected":false},"featured_media":0,"template":"","meta":{"_monsterinsights_skip_tracking":false,"_monsterinsights_sitenote_active":false,"_monsterinsights_sitenote_note":"","_monsterinsights_sitenote_category":0},"product_brand":[],"product_cat":[12291,14272],"product_tag":[],"class_list":{"0":"post-742922","1":"product","2":"type-product","3":"status-publish","5":"product_cat-edebiyat","6":"product_cat-tiyatro","7":"pa_cilt-ciltsiz","8":"pa_tur-kitap","9":"pa_yayinevi-vaveyla-yayincilik","10":"pa_yazar-meva-kucukakyuz","12":"first","13":"instock","14":"sale","15":"shipping-taxable","16":"purchasable","17":"product-type-simple"},"_links":{"self":[{"href":"https:\/\/roveyayinevi.com.tr\/index.php\/wp-json\/wp\/v2\/product\/742922","targetHints":{"allow":["GET"]}}],"collection":[{"href":"https:\/\/roveyayinevi.com.tr\/index.php\/wp-json\/wp\/v2\/product"}],"about":[{"href":"https:\/\/roveyayinevi.com.tr\/index.php\/wp-json\/wp\/v2\/types\/product"}],"wp:attachment":[{"href":"https:\/\/roveyayinevi.com.tr\/index.php\/wp-json\/wp\/v2\/media?parent=742922"}],"wp:term":[{"taxonomy":"product_brand","embeddable":true,"href":"https:\/\/roveyayinevi.com.tr\/index.php\/wp-json\/wp\/v2\/product_brand?post=742922"},{"taxonomy":"product_cat","embeddable":true,"href":"https:\/\/roveyayinevi.com.tr\/index.php\/wp-json\/wp\/v2\/product_cat?post=742922"},{"taxonomy":"product_tag","embeddable":true,"href":"https:\/\/roveyayinevi.com.tr\/index.php\/wp-json\/wp\/v2\/product_tag?post=742922"}],"curies":[{"name":"wp","href":"https:\/\/api.w.org\/{rel}","templated":true}]}}