{"id":742921,"date":"2025-08-28T01:23:31","date_gmt":"2025-08-27T22:23:31","guid":{"rendered":"https:\/\/roveyayinevi.com.tr\/index.php\/urun\/tms-bobi-frs-ilkelerine-gore-enflasyon-muhasebesi-gercek-uygulama-ornekleriyle\/"},"modified":"2026-04-16T02:53:57","modified_gmt":"2026-04-15T23:53:57","slug":"tms-bobi-frs-ilkelerine-gore-enflasyon-muhasebesi-gercek-uygulama-ornekleriyle","status":"publish","type":"product","link":"https:\/\/roveyayinevi.com.tr\/index.php\/urun\/tms-bobi-frs-ilkelerine-gore-enflasyon-muhasebesi-gercek-uygulama-ornekleriyle\/","title":{"rendered":"TMS-BOB\u0130 FRS \u0130lkelerine G\u00f6re Enflasyon Muhasebesi Ger\u00e7ek Uygulama \u00d6rnekleriyle"},"content":{"rendered":"<p>\u0130\u00e7indekiler     B\u0130R\u0130NC\u0130 B\u00d6L\u00dcM ENFLASYON VE F\u0130NANSAL TABLOLARA ETK\u0130S\u0130   \u0130K\u0130NC\u0130 B\u00d6L\u00dcM ENFLASYON MUHASEBES\u0130 VE ENFLASYONDAN KORUNMA TEDB\u0130RLER\u0130   \u00dc\u00c7\u00dcNC\u00dc B\u00d6L\u00dcM GENEL F\u0130YAT D\u00dcZEY\u0130 MUHASEBES\u0130   D\u00d6RD\u00dcNC\u00dc B\u00d6L\u00dcM ENFLASYON MUHASEBES\u0130 UYGULAMA \u00d6RNEKLER\u0130 BE\u015e\u0130NC\u0130 B\u00d6L\u00dcM GER\u00c7EK VER\u0130LERLE UYGULAMA \u00d6RNEKLER\u0130 <\/p>\n","protected":false},"excerpt":{"rendered":"<p>\u0130\u00e7indekiler B\u0130R\u0130NC\u0130 B\u00d6L\u00dcM ENFLASYON VE F\u0130NANSAL TABLOLARA ETK\u0130S\u0130 \u0130K\u0130NC\u0130 B\u00d6L\u00dcM ENFLASYON MUHASEBES\u0130 VE ENFLASYONDAN KORUNMA TEDB\u0130RLER\u0130 \u00dc\u00c7\u00dcNC\u00dc B\u00d6L\u00dcM GENEL F\u0130YAT D\u00dcZEY\u0130 MUHASEBES\u0130 D\u00d6RD\u00dcNC\u00dc B\u00d6L\u00dcM ENFLASYON MUHASEBES\u0130<span class=\"excerpt-hellip\"> [\u2026]<\/span><\/p>\n","protected":false},"featured_media":0,"template":"","meta":{"_monsterinsights_skip_tracking":false,"_monsterinsights_sitenote_active":false,"_monsterinsights_sitenote_note":"","_monsterinsights_sitenote_category":0},"product_brand":[],"product_cat":[13043,14381],"product_tag":[],"class_list":{"0":"post-742921","1":"product","2":"type-product","3":"status-publish","5":"product_cat-ekonomi","6":"product_cat-isletme-muhasebe-maliye","7":"pa_cilt-ciltsiz","8":"pa_tur-kitap","9":"pa_yayinevi-gazi-kitabevi","10":"pa_yazar-aydin-karapinar-ali-osman-eflatun","12":"first","13":"instock","14":"sale","15":"shipping-taxable","16":"purchasable","17":"product-type-simple"},"_links":{"self":[{"href":"https:\/\/roveyayinevi.com.tr\/index.php\/wp-json\/wp\/v2\/product\/742921","targetHints":{"allow":["GET"]}}],"collection":[{"href":"https:\/\/roveyayinevi.com.tr\/index.php\/wp-json\/wp\/v2\/product"}],"about":[{"href":"https:\/\/roveyayinevi.com.tr\/index.php\/wp-json\/wp\/v2\/types\/product"}],"wp:attachment":[{"href":"https:\/\/roveyayinevi.com.tr\/index.php\/wp-json\/wp\/v2\/media?parent=742921"}],"wp:term":[{"taxonomy":"product_brand","embeddable":true,"href":"https:\/\/roveyayinevi.com.tr\/index.php\/wp-json\/wp\/v2\/product_brand?post=742921"},{"taxonomy":"product_cat","embeddable":true,"href":"https:\/\/roveyayinevi.com.tr\/index.php\/wp-json\/wp\/v2\/product_cat?post=742921"},{"taxonomy":"product_tag","embeddable":true,"href":"https:\/\/roveyayinevi.com.tr\/index.php\/wp-json\/wp\/v2\/product_tag?post=742921"}],"curies":[{"name":"wp","href":"https:\/\/api.w.org\/{rel}","templated":true}]}}