{"id":742918,"date":"2025-08-28T01:23:27","date_gmt":"2025-08-27T22:23:27","guid":{"rendered":"https:\/\/roveyayinevi.com.tr\/index.php\/urun\/amerikan-ic-savasi-el-kitabi\/"},"modified":"2026-04-16T02:53:57","modified_gmt":"2026-04-15T23:53:57","slug":"amerikan-ic-savasi-el-kitabi","status":"publish","type":"product","link":"https:\/\/roveyayinevi.com.tr\/index.php\/urun\/amerikan-ic-savasi-el-kitabi\/","title":{"rendered":"Amerikan \u0130\u00e7 Sava\u015f\u0131  El Kitab\u0131"},"content":{"rendered":"<p>Amerika Birle\u015fik Devletleri T\u00fcrkiye\u2019de son y\u0131llarda \u00fczerinde en \u00e7ok konu\u015fulan k\u00fcresel akt\u00f6rlerin ba\u015f\u0131nda geliyor. \u0130lgili tart\u0131\u015fma ve analizlerin temelinde ekseriyetle basit, ama yan\u0131lt\u0131c\u0131 bir varsay\u0131m yatmakta: \u201cABD yekpare bir akt\u00f6r olarak du\u0308s\u0327u\u0308nu\u0308r, hareket eder.\u201d Bu varsay\u0131m temel olarak ABD\u2019yi ABD yapan en \u00f6nemli dinami\u011fi \u0131skal\u0131yor: ABD \u201cpar\u00e7al\u0131 bu\u0308tu\u0308nlu\u0308k\u201d anlay\u0131\u015f\u0131na dayanan, tarihsel geli\u015fimi ancak ve ancak i\u00e7\u0327 \u00e7eki\u015fmeler \u00fczerinden tan\u0131mlanabilecek bir mozaik. Bu ba\u011flamda, Bahad\u0131rhan Dinc\u0327aslan ABD\u2019nin \u015fimdiye kadar tecr\u00fcbe etti\u011fi en keskin ve kanl\u0131 i\u00e7\u0327 \u00e7eki\u015fme olan ABD I\u0307c\u0327 Sava\u015f\u0131\u2019n\u0131 T\u00fcrkiye\u2019de bir ilke imza atarak T\u00fcrk\u00e7e bir eserle okuyucuyla bulu\u015fturuyor. <\/p>\n","protected":false},"excerpt":{"rendered":"<p>Amerika Birle\u015fik Devletleri T\u00fcrkiye\u2019de son y\u0131llarda \u00fczerinde en \u00e7ok konu\u015fulan k\u00fcresel akt\u00f6rlerin ba\u015f\u0131nda geliyor. \u0130lgili tart\u0131\u015fma ve analizlerin temelinde ekseriyetle basit, ama yan\u0131lt\u0131c\u0131 bir varsay\u0131m yatmakta:<span class=\"excerpt-hellip\"> [\u2026]<\/span><\/p>\n","protected":false},"featured_media":0,"template":"","meta":{"_monsterinsights_skip_tracking":false,"_monsterinsights_sitenote_active":false,"_monsterinsights_sitenote_note":"","_monsterinsights_sitenote_category":0},"product_brand":[],"product_cat":[12370,12304],"product_tag":[],"class_list":{"0":"post-742918","1":"product","2":"type-product","3":"status-publish","5":"product_cat-arastirma-inceleme","6":"product_cat-tarih","7":"pa_cilt-ciltsiz","8":"pa_tur-kitap","9":"pa_yayinevi-altinordu-yayinlari","10":"pa_yazar-m-bahadirhan-dincaslan","12":"first","13":"instock","14":"sale","15":"shipping-taxable","16":"purchasable","17":"product-type-simple"},"_links":{"self":[{"href":"https:\/\/roveyayinevi.com.tr\/index.php\/wp-json\/wp\/v2\/product\/742918","targetHints":{"allow":["GET"]}}],"collection":[{"href":"https:\/\/roveyayinevi.com.tr\/index.php\/wp-json\/wp\/v2\/product"}],"about":[{"href":"https:\/\/roveyayinevi.com.tr\/index.php\/wp-json\/wp\/v2\/types\/product"}],"wp:attachment":[{"href":"https:\/\/roveyayinevi.com.tr\/index.php\/wp-json\/wp\/v2\/media?parent=742918"}],"wp:term":[{"taxonomy":"product_brand","embeddable":true,"href":"https:\/\/roveyayinevi.com.tr\/index.php\/wp-json\/wp\/v2\/product_brand?post=742918"},{"taxonomy":"product_cat","embeddable":true,"href":"https:\/\/roveyayinevi.com.tr\/index.php\/wp-json\/wp\/v2\/product_cat?post=742918"},{"taxonomy":"product_tag","embeddable":true,"href":"https:\/\/roveyayinevi.com.tr\/index.php\/wp-json\/wp\/v2\/product_tag?post=742918"}],"curies":[{"name":"wp","href":"https:\/\/api.w.org\/{rel}","templated":true}]}}