{"id":742917,"date":"2025-08-28T01:23:26","date_gmt":"2025-08-27T22:23:26","guid":{"rendered":"https:\/\/roveyayinevi.com.tr\/index.php\/urun\/bir-surungenin-anilari\/"},"modified":"2026-04-16T02:53:57","modified_gmt":"2026-04-15T23:53:57","slug":"bir-surungenin-anilari","status":"publish","type":"product","link":"https:\/\/roveyayinevi.com.tr\/index.php\/urun\/bir-surungenin-anilari\/","title":{"rendered":"Bir S\u00fcr\u00fcngenin An\u0131lar\u0131"},"content":{"rendered":"<p>2003 y\u0131l\u0131, hem\u015firelik \u00f6\u011frencisi Liv iki gen\u00e7 adamla birlikte ya\u015far. Bir gece evde verdikleri bir partiden sonra hep birlikte Nero ad\u0131n\u0131 verecekleri dev bir piton y\u0131lan\u0131 almaya karar verirler. Ard\u0131ndan Liv ile Nero aras\u0131nda derin bir ba\u011f kurulur. Ancak y\u0131lan b\u00fcy\u00fcd\u00fck\u00e7e onu tatmin etmek i\u00e7in gitgide daha b\u00fcy\u00fck avlar gerekecektir\u2026 On d\u00f6rt y\u0131l sonra, 2017 y\u0131l\u0131n\u0131n yaz\u0131nda Mariam ve on bir ya\u015f\u0131ndaki k\u0131z\u0131 Iben aras\u0131ndaki bir tart\u0131\u015fma, k\u0131sa s\u00fcre sonra k\u0131z\u0131n ortadan kaybolmas\u0131yla bir trajediye d\u00f6n\u00fc\u015f\u00fcr. Bu iki paralel \u00f6yk\u00fcden birincisi do\u011frusal, tamamen ger\u00e7ek\u00e7i ve sa\u011flam, di\u011feri sarmal, tekinsiz ve k\u00e2bus gibi. Birlikte s\u00fcr\u00fckleyici, deh\u015fet verici, heyecanl\u0131 ve sonuna kadar \u00f6ng\u00f6r\u00fclemez kalan bir roman olu\u015fturuyorlar. Utan\u00e7, yaln\u0131zl\u0131k ve yasak arzular \u00fczerine karanl\u0131k, c\u00fcretk\u00e2r bir roman olan Bir S\u00fcr\u00fcngenin An\u0131lar\u0131 insan\u0131n deri de\u011fi\u015ftirip tamamen ba\u015fka biri olmas\u0131n\u0131n m\u00fcmk\u00fcn olup olmad\u0131\u011f\u0131n\u0131 sorguluyor. Silje O. Ulstein\u2019\u0131n bu ba\u015far\u0131l\u0131 ilk roman\u0131 Norve\u00e7\u2019te yay\u0131nland\u0131\u011f\u0131nda h\u0131zla \u00e7oksatar listelerine girdi ve yay\u0131n haklar\u0131 13 \u00fclkeye sat\u0131ld\u0131. <\/p>\n","protected":false},"excerpt":{"rendered":"<p>2003 y\u0131l\u0131, hem\u015firelik \u00f6\u011frencisi Liv iki gen\u00e7 adamla birlikte ya\u015far. Bir gece evde verdikleri bir partiden sonra hep birlikte Nero ad\u0131n\u0131 verecekleri dev bir piton y\u0131lan\u0131<span class=\"excerpt-hellip\"> [\u2026]<\/span><\/p>\n","protected":false},"featured_media":0,"template":"","meta":{"_monsterinsights_skip_tracking":false,"_monsterinsights_sitenote_active":false,"_monsterinsights_sitenote_note":"","_monsterinsights_sitenote_category":0},"product_brand":[],"product_cat":[12291,17033],"product_tag":[],"class_list":{"0":"post-742917","1":"product","2":"type-product","3":"status-publish","5":"product_cat-edebiyat","6":"product_cat-korku-gerilim","7":"pa_cilt-ciltsiz","8":"pa_tur-kitap","9":"pa_yayinevi-eksik-parca-yayinlari","10":"pa_yazar-silje-o-ulstein","12":"first","13":"instock","14":"sale","15":"shipping-taxable","16":"purchasable","17":"product-type-simple"},"_links":{"self":[{"href":"https:\/\/roveyayinevi.com.tr\/index.php\/wp-json\/wp\/v2\/product\/742917","targetHints":{"allow":["GET"]}}],"collection":[{"href":"https:\/\/roveyayinevi.com.tr\/index.php\/wp-json\/wp\/v2\/product"}],"about":[{"href":"https:\/\/roveyayinevi.com.tr\/index.php\/wp-json\/wp\/v2\/types\/product"}],"wp:attachment":[{"href":"https:\/\/roveyayinevi.com.tr\/index.php\/wp-json\/wp\/v2\/media?parent=742917"}],"wp:term":[{"taxonomy":"product_brand","embeddable":true,"href":"https:\/\/roveyayinevi.com.tr\/index.php\/wp-json\/wp\/v2\/product_brand?post=742917"},{"taxonomy":"product_cat","embeddable":true,"href":"https:\/\/roveyayinevi.com.tr\/index.php\/wp-json\/wp\/v2\/product_cat?post=742917"},{"taxonomy":"product_tag","embeddable":true,"href":"https:\/\/roveyayinevi.com.tr\/index.php\/wp-json\/wp\/v2\/product_tag?post=742917"}],"curies":[{"name":"wp","href":"https:\/\/api.w.org\/{rel}","templated":true}]}}