{"id":742916,"date":"2025-08-28T01:23:25","date_gmt":"2025-08-27T22:23:25","guid":{"rendered":"https:\/\/roveyayinevi.com.tr\/index.php\/urun\/idrak\/"},"modified":"2026-04-16T02:53:57","modified_gmt":"2026-04-15T23:53:57","slug":"idrak","status":"publish","type":"product","link":"https:\/\/roveyayinevi.com.tr\/index.php\/urun\/idrak\/","title":{"rendered":"\u0130drak"},"content":{"rendered":"<p>E\u011fitimde geleneksel y\u00f6ntemleri ve al\u0131\u015fageldi\u011fimiz e\u011fitim stillerini bir yana b\u0131rakma ve yenili\u011fe a\u00e7\u0131k olma zaman\u0131 geldi. \u00c7\u00fcnk\u00fc hepimiz i\u00e7in yeni bir sistem s\u00f6zkonusu: Uzaktan E\u011fitim! Bir e\u011fitimci olarak kendi deneyiminden; MIT ve \u00f6tesindeki ara\u015ft\u0131rmac\u0131lar\u0131n ve yenilik\u00e7ilerin \u00e7al\u0131\u015fmalar\u0131ndan yararlanan Sarma, bu kitab\u0131nda modern e\u011fitimin tarihini ara\u015ft\u0131r\u0131yor; geleneksel s\u0131n\u0131f y\u00f6ntemlerinin -ders, ev \u00f6devi, test, tekrar- nas\u0131l norm h\u00e2line geldi\u011fini ve neden bir \u015feylerin de\u011fi\u015fmesi gerekti\u011fini g\u00f6steriyor. En g\u00fc\u00e7l\u00fc nedeniyse harika bir m\u00fcttefik olan uzaktan e\u011fitimin yanl\u0131\u015f uygulamada yaratabilece\u011fi etkiler. M\u00fcfredat\u0131 son \u00f6\u011frenme stratejileriyle nas\u0131l daha etkili bir h\u00e2le getirebilece\u011finize dair vaka \u00e7al\u0131\u015fmalar\u0131 ve sinirbilimden bili\u015fsel psikolojiye kadar uzanan geni\u015f kapsaml\u0131 i\u00e7eri\u011fiyle yeni nesil e\u011fitimcilerinin ve e\u011fitimle ilgilenen; \u00f6\u011frenmeyi ve \u00f6\u011fretmeyi \u00f6nemseyen herkesin ba\u015fucu kitab\u0131 olacak. Teknolojinin e\u011fitim \u00fczerindeki etkilerini uzaktan \u00f6\u011frenmeyi de konuya dahil ederek a\u00e7\u0131klayan \u0130drak, sizi bilgilendirecek; d\u00fc\u015f\u00fcnce yap\u0131n\u0131z ve yenilik\u00e7i fikrinizle herkesten ay\u0131racak bir ba\u015fyap\u0131t!<\/p>\n","protected":false},"excerpt":{"rendered":"<p>E\u011fitimde geleneksel y\u00f6ntemleri ve al\u0131\u015fageldi\u011fimiz e\u011fitim stillerini bir yana b\u0131rakma ve yenili\u011fe a\u00e7\u0131k olma zaman\u0131 geldi. \u00c7\u00fcnk\u00fc hepimiz i\u00e7in yeni bir sistem s\u00f6zkonusu: Uzaktan E\u011fitim! Bir<span class=\"excerpt-hellip\"> [\u2026]<\/span><\/p>\n","protected":false},"featured_media":0,"template":"","meta":{"_monsterinsights_skip_tracking":false,"_monsterinsights_sitenote_active":false,"_monsterinsights_sitenote_note":"","_monsterinsights_sitenote_category":0},"product_brand":[],"product_cat":[12357],"product_tag":[],"class_list":{"0":"post-742916","1":"product","2":"type-product","3":"status-publish","5":"product_cat-psikoloji","6":"pa_cilt-ciltsiz","7":"pa_tur-kitap","8":"pa_yayinevi-sola-unitas","9":"pa_yazar-sanjay-sarma-luke-yoquinto","11":"first","12":"instock","13":"sale","14":"shipping-taxable","15":"purchasable","16":"product-type-simple"},"_links":{"self":[{"href":"https:\/\/roveyayinevi.com.tr\/index.php\/wp-json\/wp\/v2\/product\/742916","targetHints":{"allow":["GET"]}}],"collection":[{"href":"https:\/\/roveyayinevi.com.tr\/index.php\/wp-json\/wp\/v2\/product"}],"about":[{"href":"https:\/\/roveyayinevi.com.tr\/index.php\/wp-json\/wp\/v2\/types\/product"}],"wp:attachment":[{"href":"https:\/\/roveyayinevi.com.tr\/index.php\/wp-json\/wp\/v2\/media?parent=742916"}],"wp:term":[{"taxonomy":"product_brand","embeddable":true,"href":"https:\/\/roveyayinevi.com.tr\/index.php\/wp-json\/wp\/v2\/product_brand?post=742916"},{"taxonomy":"product_cat","embeddable":true,"href":"https:\/\/roveyayinevi.com.tr\/index.php\/wp-json\/wp\/v2\/product_cat?post=742916"},{"taxonomy":"product_tag","embeddable":true,"href":"https:\/\/roveyayinevi.com.tr\/index.php\/wp-json\/wp\/v2\/product_tag?post=742916"}],"curies":[{"name":"wp","href":"https:\/\/api.w.org\/{rel}","templated":true}]}}