{"id":742914,"date":"2025-08-28T01:23:24","date_gmt":"2025-08-27T22:23:24","guid":{"rendered":"https:\/\/roveyayinevi.com.tr\/index.php\/urun\/mutlu-hamilelik-hamilelik-hakkinda-yasam-biciminize-yon-verecek-tavsiyeler\/"},"modified":"2025-10-16T00:57:06","modified_gmt":"2025-10-15T21:57:06","slug":"mutlu-hamilelik-hamilelik-hakkinda-yasam-biciminize-yon-verecek-tavsiyeler","status":"publish","type":"product","link":"https:\/\/roveyayinevi.com.tr\/index.php\/urun\/mutlu-hamilelik-hamilelik-hakkinda-yasam-biciminize-yon-verecek-tavsiyeler\/","title":{"rendered":"Mutlu Hamilelik Hamilelik Hakk\u0131nda Ya\u015fam Bi\u00e7iminize Y\u00f6n Verecek Tavsiyeler"},"content":{"rendered":"<p>Mutlu HamilelikHamilelik Hakk\u0131nda Ya\u015fam Bi\u00e7iminize Y\u00f6n Verecek TavsiyelerGina Ford    \u201cEbeveynlik d\u00fcnyas\u0131na ho\u015f geldiniz: Buras\u0131 heyecan verici ve s\u00fcrekli de\u011fi\u015fen bir yer.\u201d Tebrikler! Bir bebe\u011finiz olacak. E\u011fer ilk hamileli\u011finizse \u00f6n\u00fcn\u00fczdeki aylarda sizi neyin bekledi\u011fini bilemeyebilirsiniz. Daha \u00f6nce \u00e7ocuk sahibi olmu\u015fsan\u0131z yeni bir ser\u00fcvene haz\u0131r olun. Gina Ford\u2019un haz\u0131rlad\u0131\u011f\u0131 ve Do\u011fum Uzman\u0131 Dr. Charlotte Chaliha&#8217;n\u0131n rehberlik etti\u011fi bu kitap, anne adaylar\u0131na sakin ve mutlu bir hamilelik i\u00e7in ihtiya\u00e7 duyduklar\u0131 pratik, g\u00fcven verici ve ger\u00e7ek\u00e7i tavsiyeler sunuyor. Hamile kalma y\u00f6ntemlerinden bedeninizde deneyimle-yece\u011finiz de\u011fi\u015fikliklere, beslenmeden sa\u011fl\u0131k konusunda yap\u0131lmas\u0131 gerekenlere de\u011fin bir\u00e7ok \u00f6neride bulunuyor. Bebe\u011finizi kuca\u011f\u0131n\u0131za ald\u0131\u011f\u0131n\u0131zda sizi neler bekledi\u011fine ve bebe\u011finizle ilk haftalar\u0131 birlikte nas\u0131l ge\u00e7irece\u011finize kadar bir\u00e7ok konuya da a\u00e7\u0131kl\u0131k getiriliyor. Mutlu Hamilelik, rahat bir hamilelik ge\u00e7irmenin ve bebe\u011finize hayata en iyi ba\u015flang\u0131c\u0131 sa\u011flaman\u0131n temel bir rehberi.  &#8220;Bir anne aday\u0131n\u0131 hamilelikte ve do\u011fumda nelerin bekledi\u011fine dair g\u00fcvenilir bir kaynak.&#8221;\u2013Library Journal &#8220;Bir\u00e7ok anne i\u00e7in kurtar\u0131c\u0131 oldu\u011funu kan\u0131tlam\u0131\u015f bir kitap.&#8221;\u2013Daily Telegraph <\/p>\n","protected":false},"excerpt":{"rendered":"<p>Mutlu HamilelikHamilelik Hakk\u0131nda Ya\u015fam Bi\u00e7iminize Y\u00f6n Verecek TavsiyelerGina Ford \u201cEbeveynlik d\u00fcnyas\u0131na ho\u015f geldiniz: Buras\u0131 heyecan verici ve s\u00fcrekli de\u011fi\u015fen bir yer.\u201d Tebrikler! Bir bebe\u011finiz olacak. E\u011fer<span class=\"excerpt-hellip\"> [\u2026]<\/span><\/p>\n","protected":false},"featured_media":0,"template":"","meta":{"_monsterinsights_skip_tracking":false,"_monsterinsights_sitenote_active":false,"_monsterinsights_sitenote_note":"","_monsterinsights_sitenote_category":0},"product_brand":[],"product_cat":[20313,13365],"product_tag":[],"class_list":{"0":"post-742914","1":"product","2":"type-product","3":"status-publish","5":"product_cat-basvuru-kitaplari-saglik","6":"product_cat-saglik","7":"pa_cilt-ciltsiz","8":"pa_tur-kitap","9":"pa_yayinevi-epsilon-yayinlari","10":"pa_yazar-gina-ford","12":"first","13":"instock","14":"sale","15":"shipping-taxable","16":"purchasable","17":"product-type-simple"},"_links":{"self":[{"href":"https:\/\/roveyayinevi.com.tr\/index.php\/wp-json\/wp\/v2\/product\/742914","targetHints":{"allow":["GET"]}}],"collection":[{"href":"https:\/\/roveyayinevi.com.tr\/index.php\/wp-json\/wp\/v2\/product"}],"about":[{"href":"https:\/\/roveyayinevi.com.tr\/index.php\/wp-json\/wp\/v2\/types\/product"}],"wp:attachment":[{"href":"https:\/\/roveyayinevi.com.tr\/index.php\/wp-json\/wp\/v2\/media?parent=742914"}],"wp:term":[{"taxonomy":"product_brand","embeddable":true,"href":"https:\/\/roveyayinevi.com.tr\/index.php\/wp-json\/wp\/v2\/product_brand?post=742914"},{"taxonomy":"product_cat","embeddable":true,"href":"https:\/\/roveyayinevi.com.tr\/index.php\/wp-json\/wp\/v2\/product_cat?post=742914"},{"taxonomy":"product_tag","embeddable":true,"href":"https:\/\/roveyayinevi.com.tr\/index.php\/wp-json\/wp\/v2\/product_tag?post=742914"}],"curies":[{"name":"wp","href":"https:\/\/api.w.org\/{rel}","templated":true}]}}