{"id":742913,"date":"2025-08-28T01:23:22","date_gmt":"2025-08-27T22:23:22","guid":{"rendered":"https:\/\/roveyayinevi.com.tr\/index.php\/urun\/poptropica-1-haritanin-gizemi\/"},"modified":"2026-04-16T02:53:57","modified_gmt":"2026-04-15T23:53:57","slug":"poptropica-1-haritanin-gizemi","status":"publish","type":"product","link":"https:\/\/roveyayinevi.com.tr\/index.php\/urun\/poptropica-1-haritanin-gizemi\/","title":{"rendered":"Poptropica 1 \u2013 Haritan\u0131n Gizemi"},"content":{"rendered":"<p>\u201c\u00c7OCUKLAR ARASINDA POP\u00dcLER OLAB\u0130LECEK B\u0130R K\u0130TAP. Bu \u00e7izgi romanda aksiyon, komedi ve \u00e7ocuklar\u0131n ilgisini \u00e7ekebilecek harika hik\u00e2yeler var. Poptropica, son y\u0131llarda \u00e7\u0131kan en iyi \u00e7ocuk kitab\u0131 serisi!\u201d \u2013LINCOLN PEIRCE, KOCAKAFA NATE   Oliver, Mya ve Jorge s\u0131cak hava balonuyla gezintiye \u00e7\u0131kt\u0131klar\u0131nda, bir grup k\u0131zg\u0131n Viking ve nesli tu\u0308kenmi\u015f hayvanlarla dolu bir adaya du\u0308\u015ferler.   Ke\u015ffedilmemi\u015f bir tak\u0131mada olan Poptropica\u2019ya ho\u015fgeldiniz!   \u00dc\u00e7 arkada\u015f eve d\u00f6n\u00fc\u015f yolculu\u011funa \u00e7\u0131kmaya haz\u0131rland\u0131klar\u0131nda bu adada u\u011fursuz bir \u015feylerin gizlendi\u011fini fark ettiler. Fakat bu \u015fey Poptropica\u2019n\u0131n kendisini de tehlikeye at\u0131yordu!   Oliver, Mya ve Jorge kana susam\u0131\u015f Vikinglerin elinden kurtulabilecek mi? Eve geri d\u00f6n\u00fc\u015f yolunu bulabilecekler mi? Ve en \u00f6nemlisi de en yak\u0131n pizzac\u0131 nerede?   Bu\u0308tu\u0308n bu sorular\u0131n cevab\u0131n\u0131 Haritan\u0131n Gizemi\u2019nde bulacaks\u0131n\u0131z!  <\/p>\n","protected":false},"excerpt":{"rendered":"<p>\u201c\u00c7OCUKLAR ARASINDA POP\u00dcLER OLAB\u0130LECEK B\u0130R K\u0130TAP. Bu \u00e7izgi romanda aksiyon, komedi ve \u00e7ocuklar\u0131n ilgisini \u00e7ekebilecek harika hik\u00e2yeler var. Poptropica, son y\u0131llarda \u00e7\u0131kan en iyi \u00e7ocuk kitab\u0131<span class=\"excerpt-hellip\"> [\u2026]<\/span><\/p>\n","protected":false},"featured_media":0,"template":"","meta":{"_monsterinsights_skip_tracking":false,"_monsterinsights_sitenote_active":false,"_monsterinsights_sitenote_note":"","_monsterinsights_sitenote_category":0},"product_brand":[],"product_cat":[12689,12274],"product_tag":[],"class_list":{"0":"post-742913","1":"product","2":"type-product","3":"status-publish","5":"product_cat-cizgi-roman-cocuk-ve-genclik-kitaplari","6":"product_cat-cocuk-ve-genclik-kitaplari","7":"pa_cilt-ciltsiz","8":"pa_tur-kitap","9":"pa_yayinevi-epsilon-yayinlari","10":"pa_yazar-jack-chabert","12":"first","13":"instock","14":"sale","15":"shipping-taxable","16":"purchasable","17":"product-type-simple"},"_links":{"self":[{"href":"https:\/\/roveyayinevi.com.tr\/index.php\/wp-json\/wp\/v2\/product\/742913","targetHints":{"allow":["GET"]}}],"collection":[{"href":"https:\/\/roveyayinevi.com.tr\/index.php\/wp-json\/wp\/v2\/product"}],"about":[{"href":"https:\/\/roveyayinevi.com.tr\/index.php\/wp-json\/wp\/v2\/types\/product"}],"wp:attachment":[{"href":"https:\/\/roveyayinevi.com.tr\/index.php\/wp-json\/wp\/v2\/media?parent=742913"}],"wp:term":[{"taxonomy":"product_brand","embeddable":true,"href":"https:\/\/roveyayinevi.com.tr\/index.php\/wp-json\/wp\/v2\/product_brand?post=742913"},{"taxonomy":"product_cat","embeddable":true,"href":"https:\/\/roveyayinevi.com.tr\/index.php\/wp-json\/wp\/v2\/product_cat?post=742913"},{"taxonomy":"product_tag","embeddable":true,"href":"https:\/\/roveyayinevi.com.tr\/index.php\/wp-json\/wp\/v2\/product_tag?post=742913"}],"curies":[{"name":"wp","href":"https:\/\/api.w.org\/{rel}","templated":true}]}}