{"id":742912,"date":"2025-08-28T01:23:21","date_gmt":"2025-08-27T22:23:21","guid":{"rendered":"https:\/\/roveyayinevi.com.tr\/index.php\/urun\/poptropica-2-kayip-yolculuk\/"},"modified":"2026-04-16T02:53:57","modified_gmt":"2026-04-15T23:53:57","slug":"poptropica-2-kayip-yolculuk","status":"publish","type":"product","link":"https:\/\/roveyayinevi.com.tr\/index.php\/urun\/poptropica-2-kayip-yolculuk\/","title":{"rendered":"Poptropica 2 \u2013 Kay\u0131p Yolculuk"},"content":{"rendered":"<p>-\u201c\u00c7OCUKLAR ARASINDA POP\u00dcLER OLAB\u0130LECEK B\u0130R K\u0130TAP.Bu \u00e7izgi romanda aksiyon, komedi ve \u00e7ocuklar\u0131n ilgisini \u00e7ekebilecek harika hik\u00e2yeler var. Poptropica, son y\u0131llarda \u00e7\u0131kan en iyi \u00e7ocuk kitab\u0131 serisi!\u201d\u2013LINCOLN PEIRCE, KOCAKAFA NATE Oliver, Mya ve Jorge\u2019nin yeni maceralara yelken a\u00e7t\u0131\u011f\u0131ke\u015ffedilmemi\u015f adalar grubu Poptropica\u2019ya ho\u015f geldiniz. Tek birsorun var: Bu cesur \u00fc\u00e7l\u00fc sihirli haritay\u0131 nas\u0131l okuyacaklar\u0131n\u0131bilmiyor. \u00c7ok ge\u00e7meden kendilerini, hakk\u0131nda \u00e7ok az \u015fey bildikleribir du\u0308nyada bulup orada kayboluyorlar. Hain Octavian ise yineonlar\u0131n pe\u015finde. Bu sefer yeni du\u0308\u015fmanlar da i\u015fin i\u00e7ine giriyor. Oliver, Mya ve Jorge, Octavian\u2019\u0131 bir kez daha alt edebilecek mi? Onlar\u0131 Poptropica\u2019dan atmak isteyen bu insanlar da kim? Tu\u0308m gizem, Kay\u0131p Yolculuk\u2019ta a\u00e7\u0131\u011fa \u00e7\u0131k\u0131yor.  <\/p>\n","protected":false},"excerpt":{"rendered":"<p>-\u201c\u00c7OCUKLAR ARASINDA POP\u00dcLER OLAB\u0130LECEK B\u0130R K\u0130TAP.Bu \u00e7izgi romanda aksiyon, komedi ve \u00e7ocuklar\u0131n ilgisini \u00e7ekebilecek harika hik\u00e2yeler var. Poptropica, son y\u0131llarda \u00e7\u0131kan en iyi \u00e7ocuk kitab\u0131 serisi!\u201d\u2013LINCOLN<span class=\"excerpt-hellip\"> [\u2026]<\/span><\/p>\n","protected":false},"featured_media":0,"template":"","meta":{"_monsterinsights_skip_tracking":false,"_monsterinsights_sitenote_active":false,"_monsterinsights_sitenote_note":"","_monsterinsights_sitenote_category":0},"product_brand":[],"product_cat":[12689,12274],"product_tag":[],"class_list":{"0":"post-742912","1":"product","2":"type-product","3":"status-publish","5":"product_cat-cizgi-roman-cocuk-ve-genclik-kitaplari","6":"product_cat-cocuk-ve-genclik-kitaplari","7":"pa_cilt-ciltsiz","8":"pa_tur-kitap","9":"pa_yayinevi-epsilon-yayinlari","10":"pa_yazar-mitch-krpata","12":"first","13":"instock","14":"sale","15":"shipping-taxable","16":"purchasable","17":"product-type-simple"},"_links":{"self":[{"href":"https:\/\/roveyayinevi.com.tr\/index.php\/wp-json\/wp\/v2\/product\/742912","targetHints":{"allow":["GET"]}}],"collection":[{"href":"https:\/\/roveyayinevi.com.tr\/index.php\/wp-json\/wp\/v2\/product"}],"about":[{"href":"https:\/\/roveyayinevi.com.tr\/index.php\/wp-json\/wp\/v2\/types\/product"}],"wp:attachment":[{"href":"https:\/\/roveyayinevi.com.tr\/index.php\/wp-json\/wp\/v2\/media?parent=742912"}],"wp:term":[{"taxonomy":"product_brand","embeddable":true,"href":"https:\/\/roveyayinevi.com.tr\/index.php\/wp-json\/wp\/v2\/product_brand?post=742912"},{"taxonomy":"product_cat","embeddable":true,"href":"https:\/\/roveyayinevi.com.tr\/index.php\/wp-json\/wp\/v2\/product_cat?post=742912"},{"taxonomy":"product_tag","embeddable":true,"href":"https:\/\/roveyayinevi.com.tr\/index.php\/wp-json\/wp\/v2\/product_tag?post=742912"}],"curies":[{"name":"wp","href":"https:\/\/api.w.org\/{rel}","templated":true}]}}