{"id":742911,"date":"2025-08-28T01:23:20","date_gmt":"2025-08-27T22:23:20","guid":{"rendered":"https:\/\/roveyayinevi.com.tr\/index.php\/urun\/poptropica-3-gizemli-sembol\/"},"modified":"2026-04-16T02:53:57","modified_gmt":"2026-04-15T23:53:57","slug":"poptropica-3-gizemli-sembol","status":"publish","type":"product","link":"https:\/\/roveyayinevi.com.tr\/index.php\/urun\/poptropica-3-gizemli-sembol\/","title":{"rendered":"Poptropica 3 \u2013 Gizemli Sembol"},"content":{"rendered":"<p>\u201c\u00c7OCUKLAR ARASINDA POP\u00dcLER OLAB\u0130LECEK B\u0130R K\u0130TAP. Bu \u00e7izgi romanda aksiyon, komedi ve \u00e7ocuklar\u0131n ilgisini \u00e7ekebilecek harika hik\u00e2yeler var. Poptropica, son y\u0131llarda \u00e7\u0131kan en iyi \u00e7ocuk kitab\u0131 serisi!\u201d \u2013LINCOLN PEIRCE, KOCAKAFA NATE   Poptropica\u2019n\u0131n gizemli du\u0308nyas\u0131ndan en son ayr\u0131ld\u0131\u011f\u0131m\u0131zda Oliver, Mya ve Jorge kendilerini buzullarda k\u00f6\u015feye s\u0131k\u0131\u015fm\u0131\u015f bulmu\u015flard\u0131. \u015eimdi kahramanlar\u0131m\u0131z, g\u00f6revi Poptropica\u2019y\u0131 korumak olan gizli bir grubun g\u00f6zetimindeyken bilinmeyen yerlere do\u011fru yol almaya ba\u015flarlar.   Kendilerine verdikleri adla Koruyucular, d\u0131\u015f du\u0308nyadan gelebilecek herhangi bir mu\u0308dahalenin tarihin ak\u0131\u015f\u0131 u\u0308zerinde feci sonu\u00e7lara yol a\u00e7abilece\u011fine inan\u0131yorlar. Daha da beteri, Octavian sonunda ortal\u0131\u011f\u0131 birbirine katan haritay\u0131 ele ge\u00e7irdi\u011fini iddia ediyor! Oliver, Mya ve Jorge, Koruyucular\u2019dan ka\u00e7\u0131p Octavian\u2019\u0131 k\u00f6tu\u0308 planlar\u0131n\u0131 ger\u00e7ekle\u015ftirmeden \u00f6nce bulabilecekler mi?   Macera Gizemli Sembol\u2019de giderek derinle\u015fiyor!  <\/p>\n","protected":false},"excerpt":{"rendered":"<p>\u201c\u00c7OCUKLAR ARASINDA POP\u00dcLER OLAB\u0130LECEK B\u0130R K\u0130TAP. Bu \u00e7izgi romanda aksiyon, komedi ve \u00e7ocuklar\u0131n ilgisini \u00e7ekebilecek harika hik\u00e2yeler var. Poptropica, son y\u0131llarda \u00e7\u0131kan en iyi \u00e7ocuk kitab\u0131<span class=\"excerpt-hellip\"> [\u2026]<\/span><\/p>\n","protected":false},"featured_media":0,"template":"","meta":{"_monsterinsights_skip_tracking":false,"_monsterinsights_sitenote_active":false,"_monsterinsights_sitenote_note":"","_monsterinsights_sitenote_category":0},"product_brand":[],"product_cat":[12689,12274],"product_tag":[],"class_list":{"0":"post-742911","1":"product","2":"type-product","3":"status-publish","5":"product_cat-cizgi-roman-cocuk-ve-genclik-kitaplari","6":"product_cat-cocuk-ve-genclik-kitaplari","7":"pa_cilt-ciltsiz","8":"pa_tur-kitap","9":"pa_yayinevi-epsilon-yayinlari","10":"pa_yazar-mitch-krpata","12":"first","13":"instock","14":"sale","15":"shipping-taxable","16":"purchasable","17":"product-type-simple"},"_links":{"self":[{"href":"https:\/\/roveyayinevi.com.tr\/index.php\/wp-json\/wp\/v2\/product\/742911","targetHints":{"allow":["GET"]}}],"collection":[{"href":"https:\/\/roveyayinevi.com.tr\/index.php\/wp-json\/wp\/v2\/product"}],"about":[{"href":"https:\/\/roveyayinevi.com.tr\/index.php\/wp-json\/wp\/v2\/types\/product"}],"wp:attachment":[{"href":"https:\/\/roveyayinevi.com.tr\/index.php\/wp-json\/wp\/v2\/media?parent=742911"}],"wp:term":[{"taxonomy":"product_brand","embeddable":true,"href":"https:\/\/roveyayinevi.com.tr\/index.php\/wp-json\/wp\/v2\/product_brand?post=742911"},{"taxonomy":"product_cat","embeddable":true,"href":"https:\/\/roveyayinevi.com.tr\/index.php\/wp-json\/wp\/v2\/product_cat?post=742911"},{"taxonomy":"product_tag","embeddable":true,"href":"https:\/\/roveyayinevi.com.tr\/index.php\/wp-json\/wp\/v2\/product_tag?post=742911"}],"curies":[{"name":"wp","href":"https:\/\/api.w.org\/{rel}","templated":true}]}}