{"id":742910,"date":"2025-08-28T01:23:19","date_gmt":"2025-08-27T22:23:19","guid":{"rendered":"https:\/\/roveyayinevi.com.tr\/index.php\/urun\/dunyada-ve-turkiyede-ulusal-varlik-fonlari\/"},"modified":"2026-04-16T02:53:57","modified_gmt":"2026-04-15T23:53:57","slug":"dunyada-ve-turkiyede-ulusal-varlik-fonlari","status":"publish","type":"product","link":"https:\/\/roveyayinevi.com.tr\/index.php\/urun\/dunyada-ve-turkiyede-ulusal-varlik-fonlari\/","title":{"rendered":"D\u00fcnyada ve T\u00fcrkiye&#8217;de Ulusal Varl\u0131k Fonlar\u0131"},"content":{"rendered":"<p>\u0130\u00e7indekiler   B\u0130R\u0130NCE B\u00d6L\u00dcM 1. ZAMAN \u0130\u00c7\u0130NDE FAYDA VE FONLAR 2. ZAMANLARARASI FAYDA MAKS\u0130M\u0130ZASYONU 3. FRANCO MODIGLIANI\u2019N\u0130N YA\u015eAM BOYU H\u0130POTEZ\u0130 (LIFE CYCLE HYPOTHESIS) 4. FON S\u0130STEMLER\u0130YLE \u0130LG\u0130L\u0130 SORUNLAR VE TARTI\u015eMALAR   \u0130K\u0130NC\u0130 B\u00d6L\u00dcM 1. ULUSAL VARLIK FONLARININ N\u0130TEL\u0130\u011e\u0130 VE TAR\u0130HSEL GEL\u0130\u015e\u0130M\u0130   \u00dc\u00c7\u00dcNC\u00dc B\u00d6L\u00dcM D\u00dcNYADA ULUSAL VARLIK FONLARI 1. D\u00dcNYADA ULUSAL VARLIK FONLARININ TAR\u0130HSEL GEL\u0130\u015e\u0130M\u0130 VE UYGULANAB\u0130L\u0130RL\u0130\u011e\u0130 2. LINABURG-MADUELL \u015eEFFAFLIK ENDEKS\u0130 (LMT) 3. NORVE\u00c7 ULUSAL VARLIK FONLARI (THE GOVERNMENT PENSION FUND GLOBAL) 4. SANTIAGO \u0130LKELER\u0130 VE ULUSAL VARLIK FONLARI   D\u00d6RD\u00dcNC\u00dc B\u00d6L\u00dcM T\u00dcRK\u0130YE\u2019DE ULUSAL VARLIK FONLARI 1. T\u00dcRK\u0130YE\u2019DE ULUSAL VARLIK FONLARI 2. T\u00dcRK\u0130YE VARLIK FONU Y\u00d6NET\u0130M A.\u015e.\u2019N\u0130N DE\u011eERLEND\u0130R\u0130LMES\u0130 3. CORONA V\u0130R\u00dcS D\u00d6NEM\u0130, \u015eEFFAFLIK, SANTIAGO \u0130LKELER\u0130 VE ULUSAL VARLIK FONLARI <\/p>\n","protected":false},"excerpt":{"rendered":"<p>\u0130\u00e7indekiler B\u0130R\u0130NCE B\u00d6L\u00dcM 1. ZAMAN \u0130\u00c7\u0130NDE FAYDA VE FONLAR 2. ZAMANLARARASI FAYDA MAKS\u0130M\u0130ZASYONU 3. FRANCO MODIGLIANI\u2019N\u0130N YA\u015eAM BOYU H\u0130POTEZ\u0130 (LIFE CYCLE HYPOTHESIS) 4. FON S\u0130STEMLER\u0130YLE \u0130LG\u0130L\u0130<span class=\"excerpt-hellip\"> [\u2026]<\/span><\/p>\n","protected":false},"featured_media":0,"template":"","meta":{"_monsterinsights_skip_tracking":false,"_monsterinsights_sitenote_active":false,"_monsterinsights_sitenote_note":"","_monsterinsights_sitenote_category":0},"product_brand":[],"product_cat":[20333,13043],"product_tag":[],"class_list":{"0":"post-742910","1":"product","2":"type-product","3":"status-publish","5":"product_cat-diger-ekonomi","6":"product_cat-ekonomi","7":"pa_cilt-ciltsiz","8":"pa_tur-kitap","9":"pa_yayinevi-gazi-kitabevi","10":"pa_yazar-m-ozgur-yanardag","12":"first","13":"instock","14":"sale","15":"shipping-taxable","16":"purchasable","17":"product-type-simple"},"_links":{"self":[{"href":"https:\/\/roveyayinevi.com.tr\/index.php\/wp-json\/wp\/v2\/product\/742910","targetHints":{"allow":["GET"]}}],"collection":[{"href":"https:\/\/roveyayinevi.com.tr\/index.php\/wp-json\/wp\/v2\/product"}],"about":[{"href":"https:\/\/roveyayinevi.com.tr\/index.php\/wp-json\/wp\/v2\/types\/product"}],"wp:attachment":[{"href":"https:\/\/roveyayinevi.com.tr\/index.php\/wp-json\/wp\/v2\/media?parent=742910"}],"wp:term":[{"taxonomy":"product_brand","embeddable":true,"href":"https:\/\/roveyayinevi.com.tr\/index.php\/wp-json\/wp\/v2\/product_brand?post=742910"},{"taxonomy":"product_cat","embeddable":true,"href":"https:\/\/roveyayinevi.com.tr\/index.php\/wp-json\/wp\/v2\/product_cat?post=742910"},{"taxonomy":"product_tag","embeddable":true,"href":"https:\/\/roveyayinevi.com.tr\/index.php\/wp-json\/wp\/v2\/product_tag?post=742910"}],"curies":[{"name":"wp","href":"https:\/\/api.w.org\/{rel}","templated":true}]}}