{"id":742907,"date":"2025-08-28T01:23:16","date_gmt":"2025-08-27T22:23:16","guid":{"rendered":"https:\/\/roveyayinevi.com.tr\/index.php\/urun\/akademide-is-aile-catismasi\/"},"modified":"2026-04-16T02:53:57","modified_gmt":"2026-04-15T23:53:57","slug":"akademide-is-aile-catismasi","status":"publish","type":"product","link":"https:\/\/roveyayinevi.com.tr\/index.php\/urun\/akademide-is-aile-catismasi\/","title":{"rendered":"Akademide \u0130\u015f-Aile \u00c7at\u0131\u015fmas\u0131"},"content":{"rendered":"<p>\u0130\u00e7indekiler   1.      \u0130\u015e VE A\u0130LE \u00c7ATI\u015eMASI 2.      \u0130\u015e YER\u0130NDE DUYGUSAL \u0130Y\u0130 OLU\u015e 3.      ARA\u015eTIRMANIN METODOLOJ\u0130S\u0130 4.      ARA\u015eTIRMANIN BULGULARI   <\/p>\n","protected":false},"excerpt":{"rendered":"<p>\u0130\u00e7indekiler 1. \u0130\u015e VE A\u0130LE \u00c7ATI\u015eMASI 2. \u0130\u015e YER\u0130NDE DUYGUSAL \u0130Y\u0130 OLU\u015e 3. ARA\u015eTIRMANIN METODOLOJ\u0130S\u0130 4. ARA\u015eTIRMANIN BULGULARI<\/p>\n","protected":false},"featured_media":0,"template":"","meta":{"_monsterinsights_skip_tracking":false,"_monsterinsights_sitenote_active":false,"_monsterinsights_sitenote_note":"","_monsterinsights_sitenote_category":0},"product_brand":[],"product_cat":[12573,12566],"product_tag":[],"class_list":{"0":"post-742907","1":"product","2":"type-product","3":"status-publish","5":"product_cat-akademik-kitaplar","6":"product_cat-egitim","7":"pa_cilt-ciltsiz","8":"pa_tur-kitap","9":"pa_yayinevi-gazi-kitabevi","10":"pa_yazar-dr-koray-cetinceli","12":"first","13":"instock","14":"sale","15":"shipping-taxable","16":"purchasable","17":"product-type-simple"},"_links":{"self":[{"href":"https:\/\/roveyayinevi.com.tr\/index.php\/wp-json\/wp\/v2\/product\/742907","targetHints":{"allow":["GET"]}}],"collection":[{"href":"https:\/\/roveyayinevi.com.tr\/index.php\/wp-json\/wp\/v2\/product"}],"about":[{"href":"https:\/\/roveyayinevi.com.tr\/index.php\/wp-json\/wp\/v2\/types\/product"}],"wp:attachment":[{"href":"https:\/\/roveyayinevi.com.tr\/index.php\/wp-json\/wp\/v2\/media?parent=742907"}],"wp:term":[{"taxonomy":"product_brand","embeddable":true,"href":"https:\/\/roveyayinevi.com.tr\/index.php\/wp-json\/wp\/v2\/product_brand?post=742907"},{"taxonomy":"product_cat","embeddable":true,"href":"https:\/\/roveyayinevi.com.tr\/index.php\/wp-json\/wp\/v2\/product_cat?post=742907"},{"taxonomy":"product_tag","embeddable":true,"href":"https:\/\/roveyayinevi.com.tr\/index.php\/wp-json\/wp\/v2\/product_tag?post=742907"}],"curies":[{"name":"wp","href":"https:\/\/api.w.org\/{rel}","templated":true}]}}