{"id":742905,"date":"2025-08-28T01:23:14","date_gmt":"2025-08-27T22:23:14","guid":{"rendered":"https:\/\/roveyayinevi.com.tr\/index.php\/urun\/liderlik-efsaneler-ve-gercekler\/"},"modified":"2026-04-12T02:58:36","modified_gmt":"2026-04-11T23:58:36","slug":"liderlik-efsaneler-ve-gercekler","status":"publish","type":"product","link":"https:\/\/roveyayinevi.com.tr\/index.php\/urun\/liderlik-efsaneler-ve-gercekler\/","title":{"rendered":"Liderlik : Efsaneler ve Ger\u00e7ekler"},"content":{"rendered":"<p>Liderlik; milyarlarca dolar yat\u0131r\u0131m, binlerce kitap, liderleri geli\u015ftirmeye odaklanan y\u00fcz binlerce blog ve konu\u015fma ile muazzam bir giri\u015fimdir. Oysa ger\u00e7eklere d\u00f6n\u00fcp bakt\u0131\u011f\u0131m\u0131zda \u00e7al\u0131\u015fanlar\u0131n i\u015f ili\u015fkilerinin kesildi\u011fini, \u00fcst d\u00fczey liderlerin s\u00fcrekli olarak de\u011fi\u015fti\u011fini, kariyer aksamalar\u0131n\u0131 ve ba\u015far\u0131s\u0131z olan liderlik geli\u015fim \u00e7abalar\u0131n\u0131 g\u00f6r\u00fcyoruz. Liderlik: Efsaneler ve Ger\u00e7ekler\u2019de Jeffrey Pfeffer, liderlik end\u00fcstrisine parlak bir \u0131\u015f\u0131k tutarken, neden ba\u015far\u0131s\u0131z olundu\u011funu ve nas\u0131l yeniden y\u00fckselinebilece\u011fini g\u00f6steriyor. Liderlerin d\u00fcr\u00fcst, \u00f6zg\u00fcn ve m\u00fctevaz\u0131 olmalar\u0131, do\u011fruyu s\u00f6ylemeleri, g\u00fcven in\u015fa etmeleri ve ba\u015fkalar\u0131n\u0131 da \u00f6nemsemeleri i\u00e7in kendilerine verilen talimatlarla ilgili t\u00fcm yanl\u0131\u015fl\u0131klar\u0131 ortadan kald\u0131r\u0131yor. Liderlikle ilgili pek \u00e7ok hik\u00e2ye ve efsaneyi farkl\u0131 bir bak\u0131\u015f a\u00e7\u0131s\u0131yla ele alarak kan\u0131tlara daha bilimsel yakla\u015f\u0131yor ve insanlara, kariyerlerine rehberlik edecek daha iyi bilgiler sunuyor. Sosyal bilimlere dayanan ve y\u00f6netimi geli\u015ftirmek i\u00e7in pratik \u00f6rnekler ve tavsiyeler veren Liderlik: Efsaneler ve Ger\u00e7ekler, okuyucular\u0131 ger\u00e7e\u011fi kabul etmeye ve ard\u0131ndan, kendilerini ve d\u00fcnyay\u0131 daha iyi h\u00e2le getirmek i\u00e7in bu ger\u00e7ekleri kullanmaya te\u015fvik ediyor. <\/p>\n","protected":false},"excerpt":{"rendered":"<p>Liderlik; milyarlarca dolar yat\u0131r\u0131m, binlerce kitap, liderleri geli\u015ftirmeye odaklanan y\u00fcz binlerce blog ve konu\u015fma ile muazzam bir giri\u015fimdir. Oysa ger\u00e7eklere d\u00f6n\u00fcp bakt\u0131\u011f\u0131m\u0131zda \u00e7al\u0131\u015fanlar\u0131n i\u015f ili\u015fkilerinin kesildi\u011fini,<span class=\"excerpt-hellip\"> [\u2026]<\/span><\/p>\n","protected":false},"featured_media":0,"template":"","meta":{"_monsterinsights_skip_tracking":false,"_monsterinsights_sitenote_active":false,"_monsterinsights_sitenote_note":"","_monsterinsights_sitenote_category":0},"product_brand":[],"product_cat":[12364,12376],"product_tag":[],"class_list":{"0":"post-742905","1":"product","2":"type-product","3":"status-publish","5":"product_cat-genel-konular","6":"product_cat-kisisel-gelisim","7":"pa_cilt-ciltsiz","8":"pa_tur-kitap","9":"pa_yayinevi-peta-kitap","10":"pa_yazar-jeffrey-pfeffer","12":"first","13":"instock","14":"sale","15":"shipping-taxable","16":"purchasable","17":"product-type-simple"},"_links":{"self":[{"href":"https:\/\/roveyayinevi.com.tr\/index.php\/wp-json\/wp\/v2\/product\/742905","targetHints":{"allow":["GET"]}}],"collection":[{"href":"https:\/\/roveyayinevi.com.tr\/index.php\/wp-json\/wp\/v2\/product"}],"about":[{"href":"https:\/\/roveyayinevi.com.tr\/index.php\/wp-json\/wp\/v2\/types\/product"}],"wp:attachment":[{"href":"https:\/\/roveyayinevi.com.tr\/index.php\/wp-json\/wp\/v2\/media?parent=742905"}],"wp:term":[{"taxonomy":"product_brand","embeddable":true,"href":"https:\/\/roveyayinevi.com.tr\/index.php\/wp-json\/wp\/v2\/product_brand?post=742905"},{"taxonomy":"product_cat","embeddable":true,"href":"https:\/\/roveyayinevi.com.tr\/index.php\/wp-json\/wp\/v2\/product_cat?post=742905"},{"taxonomy":"product_tag","embeddable":true,"href":"https:\/\/roveyayinevi.com.tr\/index.php\/wp-json\/wp\/v2\/product_tag?post=742905"}],"curies":[{"name":"wp","href":"https:\/\/api.w.org\/{rel}","templated":true}]}}