{"id":742903,"date":"2025-08-28T01:23:11","date_gmt":"2025-08-27T22:23:11","guid":{"rendered":"https:\/\/roveyayinevi.com.tr\/index.php\/urun\/isiga-dusen-golge\/"},"modified":"2026-04-16T02:53:57","modified_gmt":"2026-04-15T23:53:57","slug":"isiga-dusen-golge","status":"publish","type":"product","link":"https:\/\/roveyayinevi.com.tr\/index.php\/urun\/isiga-dusen-golge\/","title":{"rendered":"I\u015f\u0131\u011fa D\u00fc\u015fen G\u00f6lge"},"content":{"rendered":"<p>R\u0131za TURHAN  Malatya\u2019n\u0131n Yaz\u0131han  il\u00e7esine ba\u011fl\u0131 KARACA  k\u00f6y\u00fcnde do\u011fdu. Malatya, Adana, Ankara da okudu.  S\u0131ras\u0131yla,  Hekimhan Madende, Medik ve S\u00fcrg\u00fc  barajlar\u0131nda  topo\u011fraf  olarak, Do\u011fal  Afetler M\u00fcd\u00fcrl\u00fc\u011f\u00fcnde in\u015f.  kontrol, Malatya belediyesi  fen  i\u015flerinde ruhsat  \u015fefi ve son  olarakta  DS\u0130 de barajlar ekibinde \u00e7al\u0131\u015fm\u0131\u015f, buradan da emekli olmu\u015ftur. Bu  i\u015f  yerleri de\u011fi\u015fikliklerinin bir \u00e7o\u011fu  kendi  r\u0131zas\u0131 d\u0131\u015f\u0131ndad\u0131r.       Askerde  MEHMETC\u0130K dergisinde, sivilde de KARACANIN SES\u0130, BEYDA\u011eI, SEBAT, GAYRET, YORUM gazetelerinde \u015fiir ve makaleleri  yay\u0131nland\u0131. ATMA y\u00f6remizin sesi, KAR DER,  MAKSAD dergilerinin edit\u00f6rl\u00fcklerini yapt\u0131, \u015fiir, \u00f6yk\u00fc, yorumlar\u0131 yay\u0131nland\u0131. KIRK G\u00d6Z, DEVR\u0130M YOLU dergilerini \u00e7\u0131kartt\u0131. \u0130SYANI A\u011eIR SANCI DO\u011eURUR, Y\u00dcRE\u011e\u0130M\u0130 D\u0130LE D\u00dc\u015e\u00dcRD\u00dcM \u015fiir kitaplar\u0131 var. \u015eimdilerde iki \u015fiir ve iki roman\u0131 bas\u0131lmaya haz\u0131r. Halen yaz\u0131m \u00e7al\u0131\u015fmalar\u0131n\u0131 s\u00fcrd\u00fcr\u00fcyor, okuyor. Malatya da ya\u015f\u0131yor. D\u00f6rt \u00e7ocuk babas\u0131. \u00c7ocuklar\u0131n\u0131n hepsine de y\u00fcksek tahsil yapt\u0131rm\u0131\u015ft\u0131r. Bu kitab\u0131 da, ad\u0131n\u0131 kendisinin koydu\u011fu  ve \u00e7ok  sevdi\u011fi  torunu  YADE ye arma\u011fan\u0131d\u0131r.<\/p>\n","protected":false},"excerpt":{"rendered":"<p>R\u0131za TURHAN Malatya\u2019n\u0131n Yaz\u0131han il\u00e7esine ba\u011fl\u0131 KARACA k\u00f6y\u00fcnde do\u011fdu. Malatya, Adana, Ankara da okudu. S\u0131ras\u0131yla, Hekimhan Madende, Medik ve S\u00fcrg\u00fc barajlar\u0131nda topo\u011fraf olarak, Do\u011fal Afetler M\u00fcd\u00fcrl\u00fc\u011f\u00fcnde<span class=\"excerpt-hellip\"> [\u2026]<\/span><\/p>\n","protected":false},"featured_media":0,"template":"","meta":{"_monsterinsights_skip_tracking":false,"_monsterinsights_sitenote_active":false,"_monsterinsights_sitenote_note":"","_monsterinsights_sitenote_category":0},"product_brand":[],"product_cat":[12291,12711],"product_tag":[],"class_list":{"0":"post-742903","1":"product","2":"type-product","3":"status-publish","5":"product_cat-edebiyat","6":"product_cat-roman-oyku","7":"pa_cilt-ciltsiz","8":"pa_tur-kitap","9":"pa_yayinevi-platanus-publishing","10":"pa_yazar-riza-turhan","12":"first","13":"instock","14":"sale","15":"shipping-taxable","16":"purchasable","17":"product-type-simple"},"_links":{"self":[{"href":"https:\/\/roveyayinevi.com.tr\/index.php\/wp-json\/wp\/v2\/product\/742903","targetHints":{"allow":["GET"]}}],"collection":[{"href":"https:\/\/roveyayinevi.com.tr\/index.php\/wp-json\/wp\/v2\/product"}],"about":[{"href":"https:\/\/roveyayinevi.com.tr\/index.php\/wp-json\/wp\/v2\/types\/product"}],"wp:attachment":[{"href":"https:\/\/roveyayinevi.com.tr\/index.php\/wp-json\/wp\/v2\/media?parent=742903"}],"wp:term":[{"taxonomy":"product_brand","embeddable":true,"href":"https:\/\/roveyayinevi.com.tr\/index.php\/wp-json\/wp\/v2\/product_brand?post=742903"},{"taxonomy":"product_cat","embeddable":true,"href":"https:\/\/roveyayinevi.com.tr\/index.php\/wp-json\/wp\/v2\/product_cat?post=742903"},{"taxonomy":"product_tag","embeddable":true,"href":"https:\/\/roveyayinevi.com.tr\/index.php\/wp-json\/wp\/v2\/product_tag?post=742903"}],"curies":[{"name":"wp","href":"https:\/\/api.w.org\/{rel}","templated":true}]}}