{"id":742901,"date":"2025-08-28T01:23:09","date_gmt":"2025-08-27T22:23:09","guid":{"rendered":"https:\/\/roveyayinevi.com.tr\/index.php\/urun\/diyalektik-tasavvuf-varlik-birligi\/"},"modified":"2026-04-16T02:53:57","modified_gmt":"2026-04-15T23:53:57","slug":"diyalektik-tasavvuf-varlik-birligi","status":"publish","type":"product","link":"https:\/\/roveyayinevi.com.tr\/index.php\/urun\/diyalektik-tasavvuf-varlik-birligi\/","title":{"rendered":"Diyalektik Tasavvuf Varl\u0131k Birli\u011fi"},"content":{"rendered":"<p>Yery\u00fcz\u00fc Cenneti &#8220;Hakk, \u0130llerdeki halk t\u00fcmden inansa, \u00e7ekinse onlara yerden ve g\u00f6kten bolluklar verirdik demi\u015ftir.7\/96&#8221;   Bu s\u00f6zler, varl\u0131k \u0131ss\u0131 ( sahibi) olan, bizim yolumuzda didinseler, M\u00fclk ve Melek\u00fbt evrenine \u00f6zg\u00fc yollar\u0131m\u0131z\u0131 onlara a\u00e7ard\u0131k, evrenlerin ger\u00e7eklerini a\u00e7\u0131klayan tanr\u0131sal esinleri, ba\u011f\u0131\u015flar\u0131 onlar i\u00e7in kolayla\u015ft\u0131r\u0131rd\u0131k  demektir. G\u00f6k melek\u00fbt\u2019\u00fc, yery\u00fcz\u00fc ise m\u00fclk evrenini g\u00f6sterir.   Kur&#8217;an-\u0131 Kerim herhangi bir olay\u0131 anlatm\u0131yor bir yasay\u0131 ortaya koyuyor. Herhangi bir toplumun tarihinden sahneler sunmuyor. \u0130l\u00e2hi kaderin a\u015famalar\u0131ndan s\u00f6z ediyor. B\u00f6ylece ortaya \u00e7\u0131k\u0131yor ki: \u0130\u015flerin kendisine g\u00f6re d\u00fczenlendi\u011fi, olaylar\u0131n kendisine g\u00f6re meydana geldi\u011fi ve bu yery\u00fcz\u00fcnde &#8220;\u0130nsanl\u0131k Tarihini&#8221; y\u00f6nlendiren, hareketini etkileyen. Peygamberlik misyonu dahi \u00f6nemine ve y\u00fcceli\u011fine ra\u011fmen, bu yasan\u0131n ger\u00e7ekle\u015ftirilmesini sa\u011flayan vas\u0131talardan, etkenlerden ancak biridir. Bu yasa \u00f6nemi a\u00e7\u0131s\u0131ndan peygamberlik misyonundan daha b\u00fcy\u00fck ve daha kapsaml\u0131d\u0131r.   Ayette bet\u0131mlenen, S\u0131n\u0131fs\u0131z ,S\u0131n\u0131rs\u0131z  Ve S\u00f6m\u00fcr\u00fcs\u00fcz Yery\u00fcz\u00fc Cennetin Tasviridir. Yar\u0131 insan, yar\u0131 hayvandan m\u00fcte\u015fekkil \u015fimdiki ham insan, tekam\u00fcl ederek bir \u00fcst a\u015fama s\u0131\u00e7ramas\u0131 olan \u00dcstinsana y\u00fckselmesiyle bu \u00fcstinsan bireylerden meydana gelecek bu \u00fcstUlu toplum&#8217;\u0131n R\u0131za\u015eehri Medinei Hakikat memleketi, Cenneti Al\u00e2 olaca\u011f\u0131n\u0131 m\u00fcjdesini ihtiva etmektedir. <\/p>\n","protected":false},"excerpt":{"rendered":"<p>Yery\u00fcz\u00fc Cenneti &#8220;Hakk, \u0130llerdeki halk t\u00fcmden inansa, \u00e7ekinse onlara yerden ve g\u00f6kten bolluklar verirdik demi\u015ftir.7\/96&#8221; Bu s\u00f6zler, varl\u0131k \u0131ss\u0131 ( sahibi) olan, bizim yolumuzda didinseler, M\u00fclk<span class=\"excerpt-hellip\"> [\u2026]<\/span><\/p>\n","protected":false},"featured_media":0,"template":"","meta":{"_monsterinsights_skip_tracking":false,"_monsterinsights_sitenote_active":false,"_monsterinsights_sitenote_note":"","_monsterinsights_sitenote_category":0},"product_brand":[],"product_cat":[13036,12718,12719],"product_tag":[],"class_list":{"0":"post-742901","1":"product","2":"type-product","3":"status-publish","5":"product_cat-arastirma-inceleme-islam","6":"product_cat-din","7":"product_cat-islam","8":"pa_cilt-ciltsiz","9":"pa_tur-kitap","10":"pa_yayinevi-platanus-publishing","11":"pa_yazar-dervis-keskin","13":"first","14":"instock","15":"sale","16":"shipping-taxable","17":"purchasable","18":"product-type-simple"},"_links":{"self":[{"href":"https:\/\/roveyayinevi.com.tr\/index.php\/wp-json\/wp\/v2\/product\/742901","targetHints":{"allow":["GET"]}}],"collection":[{"href":"https:\/\/roveyayinevi.com.tr\/index.php\/wp-json\/wp\/v2\/product"}],"about":[{"href":"https:\/\/roveyayinevi.com.tr\/index.php\/wp-json\/wp\/v2\/types\/product"}],"wp:attachment":[{"href":"https:\/\/roveyayinevi.com.tr\/index.php\/wp-json\/wp\/v2\/media?parent=742901"}],"wp:term":[{"taxonomy":"product_brand","embeddable":true,"href":"https:\/\/roveyayinevi.com.tr\/index.php\/wp-json\/wp\/v2\/product_brand?post=742901"},{"taxonomy":"product_cat","embeddable":true,"href":"https:\/\/roveyayinevi.com.tr\/index.php\/wp-json\/wp\/v2\/product_cat?post=742901"},{"taxonomy":"product_tag","embeddable":true,"href":"https:\/\/roveyayinevi.com.tr\/index.php\/wp-json\/wp\/v2\/product_tag?post=742901"}],"curies":[{"name":"wp","href":"https:\/\/api.w.org\/{rel}","templated":true}]}}