{"id":742899,"date":"2025-08-28T01:23:06","date_gmt":"2025-08-27T22:23:06","guid":{"rendered":"https:\/\/roveyayinevi.com.tr\/index.php\/urun\/okul-travmalarindan-uzakta\/"},"modified":"2026-04-16T02:53:57","modified_gmt":"2026-04-15T23:53:57","slug":"okul-travmalarindan-uzakta","status":"publish","type":"product","link":"https:\/\/roveyayinevi.com.tr\/index.php\/urun\/okul-travmalarindan-uzakta\/","title":{"rendered":"Okul Travmalar\u0131ndan Uzakta"},"content":{"rendered":"<p>Okul Travmalar\u0131ndan Uzakta, \u00f6\u011frenciler, ebeveynler ve e\u011fitimciler i\u00e7in daha sa\u011fl\u0131kl\u0131 bir okul ortam\u0131 olu\u015fturmay\u0131 hedefliyor. Bir\u00e7ok \u00e7ocuk, sevilen birinin ani veya \u015fiddetli kayb\u0131, sava\u015f deneyimleri, ya\u015fam\u0131 tehdit eden hastal\u0131k veya askeri disipline sahip bir aileyle ilgili travmatik deneyimlerini destekle iyile\u015ftirerek \u00fcstesinden gelebilir. Okul Travmalar\u0131ndan Uzakta, e\u011fitim ortamlar\u0131nda onar\u0131c\u0131 uygulamalar geli\u015ftirme konusunda bilinmesi gereken her \u015feyi travma bilgilerini de i\u00e7eri\u011fe dahil ederek anlat\u0131yor. Joe Brummer, payla\u015f\u0131lan hik\u00e2yeler ile onar\u0131c\u0131 uygulamay\u0131 daha anla\u015f\u0131labilir bir h\u00e2le getirerek \u00e7\u00f6z\u00fcm yolunun nas\u0131l olmas\u0131 gerekti\u011fini okuyucuyla payla\u015f\u0131yor. Hem teoriye hem de prati\u011fe yer verilen bu kitap, nesiller boyunca gizli kalm\u0131\u015f travmalarla m\u00fccadele eden \u00e7ocuklar\u0131n iyile\u015fmesi i\u00e7in bir rehber niteli\u011finde.<\/p>\n","protected":false},"excerpt":{"rendered":"<p>Okul Travmalar\u0131ndan Uzakta, \u00f6\u011frenciler, ebeveynler ve e\u011fitimciler i\u00e7in daha sa\u011fl\u0131kl\u0131 bir okul ortam\u0131 olu\u015fturmay\u0131 hedefliyor. Bir\u00e7ok \u00e7ocuk, sevilen birinin ani veya \u015fiddetli kayb\u0131, sava\u015f deneyimleri, ya\u015fam\u0131<span class=\"excerpt-hellip\"> [\u2026]<\/span><\/p>\n","protected":false},"featured_media":0,"template":"","meta":{"_monsterinsights_skip_tracking":false,"_monsterinsights_sitenote_active":false,"_monsterinsights_sitenote_note":"","_monsterinsights_sitenote_category":0},"product_brand":[],"product_cat":[25175,12357],"product_tag":[],"class_list":{"0":"post-742899","1":"product","2":"type-product","3":"status-publish","5":"product_cat-egitim-psikolojisi","6":"product_cat-psikoloji","7":"pa_cilt-ciltsiz","8":"pa_tur-kitap","9":"pa_yayinevi-sola-unitas","10":"pa_yazar-joe-brummer-margaret-thorsbone","12":"first","13":"instock","14":"sale","15":"shipping-taxable","16":"purchasable","17":"product-type-simple"},"_links":{"self":[{"href":"https:\/\/roveyayinevi.com.tr\/index.php\/wp-json\/wp\/v2\/product\/742899","targetHints":{"allow":["GET"]}}],"collection":[{"href":"https:\/\/roveyayinevi.com.tr\/index.php\/wp-json\/wp\/v2\/product"}],"about":[{"href":"https:\/\/roveyayinevi.com.tr\/index.php\/wp-json\/wp\/v2\/types\/product"}],"wp:attachment":[{"href":"https:\/\/roveyayinevi.com.tr\/index.php\/wp-json\/wp\/v2\/media?parent=742899"}],"wp:term":[{"taxonomy":"product_brand","embeddable":true,"href":"https:\/\/roveyayinevi.com.tr\/index.php\/wp-json\/wp\/v2\/product_brand?post=742899"},{"taxonomy":"product_cat","embeddable":true,"href":"https:\/\/roveyayinevi.com.tr\/index.php\/wp-json\/wp\/v2\/product_cat?post=742899"},{"taxonomy":"product_tag","embeddable":true,"href":"https:\/\/roveyayinevi.com.tr\/index.php\/wp-json\/wp\/v2\/product_tag?post=742899"}],"curies":[{"name":"wp","href":"https:\/\/api.w.org\/{rel}","templated":true}]}}